{"id":62320,"date":"2021-03-22T11:57:52","date_gmt":"2021-03-22T10:57:52","guid":{"rendered":"https:\/\/www.mycoffeestar.com\/how-to-use-for-nespresso\/"},"modified":"2024-04-05T10:37:50","modified_gmt":"2024-04-05T09:37:50","slug":"how-to-use-for-nespresso","status":"publish","type":"page","link":"https:\/\/mycoffeestar.com\/de\/how-to-use-for-nespresso\/","title":{"rendered":"Nespresso Anleitung"},"content":{"rendered":"<div class=\"wpb-content-wrapper\"><p>[vc_row full_width=&#8220;stretch_row_content&#8220; css=&#8220;.vc_custom_1712309822293{margin-top: -40px !important;margin-bottom: 8vh !important;padding-top: 8vh !important;padding-bottom: 8vh !important;background-color: #f8f8f8 !important;}&#8220; woodmart_css_id=&#8220;660fc615c9589&#8243; responsive_spacing=&#8220;eyJwYXJhbV90eXBlIjoid29vZG1hcnRfcmVzcG9uc2l2ZV9zcGFjaW5nIiwic2VsZWN0b3JfaWQiOiI2NjBmYzYxNWM5NTg5Iiwic2hvcnRjb2RlIjoidmNfcm93IiwiZGF0YSI6eyJ0YWJsZXQiOnt9LCJtb2JpbGUiOnt9fX0=&#8220; mobile_bg_img_hidden=&#8220;no&#8220; tablet_bg_img_hidden=&#8220;no&#8220; woodmart_parallax=&#8220;0&#8243; woodmart_gradient_switch=&#8220;no&#8220; woodmart_box_shadow=&#8220;no&#8220; wd_z_index=&#8220;no&#8220; woodmart_disable_overflow=&#8220;0&#8243; row_reverse_mobile=&#8220;0&#8243; row_reverse_tablet=&#8220;0&#8243;][vc_column width=&#8220;1\/2&#8243; offset=&#8220;vc_col-sm-offset-3&#8243; css=&#8220;.vc_custom_1527239539599{padding-top: 0px !important;}&#8220;]\t\t\t<div class=\"info-box-wrapper\">\n\t\t\t\t<div id=\"wd-660eeb826a3f3\" class=\" wd-rs-660eeb826a3f3 wd-info-box wd-wpb text-center box-icon-align-top box-style- color-scheme- wd-bg-none vc_custom_1712253833079\">\n\t\t\t\t\t\t\t\t\t\t<div class=\"info-box-content\">\n\t\t\t\t\t\t\t\t\t\t\t\t<div class=\"info-box-inner reset-last-child\"><\/div>\n\n\t\t\t\t\t\t\t\t\t\t\t<\/div>\n\n\t\t\t\t\t\t\t\t\t\t\t<a class=\"wd-info-box-link wd-fill\" aria-label=\"Infobox link\" href=\"|||\" title=\"\"><\/a>\n\t\t\t\t\t\n\t\t\t\t\t\t\t\t\t<\/div>\n\t\t\t<\/div>\n\t\t\n\t\t<div id=\"wd-606e187bf0e1c\" class=\"title-wrapper wd-wpb wd-set-mb reset-last-child  wd-rs-606e187bf0e1c wd-title-color-default wd-title-style-default text-center vc_custom_1617828020848 wd-underline-colored\">\n\t\t\t\n\t\t\t<div class=\"liner-continer\">\n\t\t\t\t<h3 class=\"woodmart-title-container title  wd-font-weight- wd-fontsize-l\" >ANLEITUNGEN ZUR VERWENDUNG UNSERER PRODUKTE<\/h3>\n\t\t\t\t\t\t\t<\/div>\n\t\t\t\n\t\t\t\n\t\t\t\n\t\t<\/div>\n\t\t\n\t\t[vc_column_text css=&#8220;.vc_custom_1712309859098{margin-bottom: 0px !important;}&#8220; el_class=&#8220;text-larger&#8220; text_larger=&#8220;no&#8220; woodmart_inline=&#8220;no&#8220;]<\/p>\n<p style=\"text-align: center;\"><span class=\"VIiyi\" lang=\"de\"><span class=\"JLqJ4b ChMk0b\" data-language-for-alternatives=\"de\" data-language-to-translate-into=\"en\" data-phrase-index=\"0\">In diesem Abschnitt erfahren Sie mehr \u00fcber die Verwendung von mycoffeestar-Produkten mit Ihrer Kaffeemaschine.<\/span> <span class=\"JLqJ4b ChMk0b\" data-language-for-alternatives=\"de\" data-language-to-translate-into=\"en\" data-phrase-index=\"1\">Auf dieser Seite finden Sie auch weiteres Videomaterial: <\/span><\/span>Wenn Sie weitere Fragen zur Verwendung unserer Produkte haben, k\u00f6nnen Sie sich gerne \u00fcber support@mycoffeestar.com an uns wenden<\/p>\n<p>[\/vc_column_text][\/vc_column][\/vc_row][vc_row][vc_column css=&#8220;.vc_custom_1527240190798{padding-top: 0px !important;}&#8220;]\n\t\t<div id=\"wd-606e194d452ca\" class=\"title-wrapper wd-wpb wd-set-mb reset-last-child  wd-rs-606e194d452ca wd-title-color-default wd-title-style-default text-center  wd-underline-colored\">\n\t\t\t\n\t\t\t<div class=\"liner-continer\">\n\t\t\t\t<h3 class=\"woodmart-title-container title  wd-font-weight- wd-fontsize-l\" >ANWENDUNG DER GAMMA KAPSEL MIT NESPRESSO MASCHINEN<\/h3>\n\t\t\t\t\t\t\t<\/div>\n\t\t\t\n\t\t\t\n\t\t\t\n\t\t<\/div>\n\t\t\n\t\t[\/vc_column][\/vc_row][vc_row css=&#8220;.vc_custom_1528700414903{margin-right: 0px !important;margin-bottom: 25px !important;margin-left: 0px !important;border-top-width: 1px !important;border-right-width: 1px !important;border-bottom-width: 1px !important;border-left-width: 1px !important;padding-top: 30px !important;padding-right: 15px !important;padding-bottom: 30px !important;padding-left: 15px !important;background-color: #ffffff !important;border-left-color: #e7e7e7 !important;border-left-style: solid !important;border-right-color: #e7e7e7 !important;border-right-style: solid !important;border-top-color: #e7e7e7 !important;border-top-style: solid !important;border-bottom-color: #e7e7e7 !important;border-bottom-style: solid !important;}&#8220;][vc_column css=&#8220;.vc_custom_1527238251732{padding-top: 0px !important;}&#8220;]\t\t\t<div id=\"wd-606e1a25f40f1\" class=\"wd-text-block-wrapper wd-wpb wd-rs-606e1a25f40f1 color-scheme-dark text-left vc_custom_1617828411031\">\n\t\t\t\t<div class=\"woodmart-title-container woodmart-text-block reset-last-child font-primary wd-font-weight-600 \">\n\t\t\t\t\t1. WIE WIRD DER DICHTUNGSRING ANGEBRACHT?\t\t\t\t<\/div>\n\n\t\t\t\t\t\t\t<\/div>\n\t\t[vc_column_text css=&#8220;.vc_custom_1617828565525{margin-bottom: 0px !important;}&#8220; el_class=&#8220;text-larger&#8220; text_larger=&#8220;no&#8220;]Stellen Sie sicher, dass Sie einen der beiden mitgelieferten Dichtungsringe richtig angebracht haben. Der Dichtungsring sollte auf die geschlossen Kapsel gerollt werden bis dieser am Deckelrand aufliegt, wie in diesem Video demonstriert: <a href=\"https:\/\/www.youtube.com\/watch?v=Mg-S96_tdYo\">https:\/\/www.youtube.com\/watch?v=Mg-S96_tdYo<\/a>[\/vc_column_text][\/vc_column][\/vc_row][vc_row css=&#8220;.vc_custom_1528700432537{margin-right: 0px !important;margin-bottom: 25px !important;margin-left: 0px !important;border-top-width: 1px !important;border-right-width: 1px !important;border-bottom-width: 1px !important;border-left-width: 1px !important;padding-top: 30px !important;padding-right: 15px !important;padding-bottom: 30px !important;padding-left: 15px !important;background-color: #ffffff !important;border-left-color: #e7e7e7 !important;border-left-style: solid !important;border-right-color: #e7e7e7 !important;border-right-style: solid !important;border-top-color: #e7e7e7 !important;border-top-style: solid !important;border-bottom-color: #e7e7e7 !important;border-bottom-style: solid !important;}&#8220;][vc_column css=&#8220;.vc_custom_1527238251732{padding-top: 0px !important;}&#8220;]\t\t\t<div id=\"wd-606e19ede56ba\" class=\"wd-text-block-wrapper wd-wpb wd-rs-606e19ede56ba color-scheme-dark text-left vc_custom_1617828377535\">\n\t\t\t\t<div class=\"woodmart-title-container woodmart-text-block reset-last-child font-primary wd-font-weight-600 \">\n\t\t\t\t\t2. W\u00c4HLEN SIE IHREN EIGENEN KAFFEE\t\t\t\t<\/div>\n\n\t\t\t\t\t\t\t<\/div>\n\t\t[vc_column_text css=&#8220;.vc_custom_1617828435568{margin-bottom: 0px !important;}&#8220; text_larger=&#8220;no&#8220; el_class=&#8220;text-larger&#8220;]Verwenden Sie<strong> qualitativ hochwertige, m\u00f6glichst frisch gemahlene Espressobohnen<\/strong> (st\u00e4rkere R\u00f6stung, mit mind. 20-25% Anteil an Robusta Kaffeebohnen). Anhand der mitgelieferten Kaffeeprobe sehen Sie, wie fein die Espressobohnen gemahlen sein sollten.[\/vc_column_text][\/vc_column][\/vc_row][vc_row css=&#8220;.vc_custom_1528700436855{margin-right: 0px !important;margin-bottom: 25px !important;margin-left: 0px !important;border-top-width: 1px !important;border-right-width: 1px !important;border-bottom-width: 1px !important;border-left-width: 1px !important;padding-top: 30px !important;padding-right: 15px !important;padding-bottom: 30px !important;padding-left: 15px !important;background-color: #ffffff !important;border-left-color: #e7e7e7 !important;border-left-style: solid !important;border-right-color: #e7e7e7 !important;border-right-style: solid !important;border-top-color: #e7e7e7 !important;border-top-style: solid !important;border-bottom-color: #e7e7e7 !important;border-bottom-style: solid !important;}&#8220;][vc_column css=&#8220;.vc_custom_1527238251732{padding-top: 0px !important;}&#8220;]\t\t\t<div id=\"wd-606e1a74b75aa\" class=\"wd-text-block-wrapper wd-wpb wd-rs-606e1a74b75aa color-scheme-dark text-left vc_custom_1617828486572\">\n\t\t\t\t<div class=\"woodmart-title-container woodmart-text-block reset-last-child font-primary wd-font-weight-600 \">\n\t\t\t\t\t3. DER RICHTIGE MAHLGRAD IST ENTSCHEIDEND\t\t\t\t<\/div>\n\n\t\t\t\t\t\t\t<\/div>\n\t\t[vc_column_text css=&#8220;.vc_custom_1617828584402{margin-bottom: 0px !important;}&#8220; el_class=&#8220;text-larger&#8220; text_larger=&#8220;no&#8220;]<\/p>\n<ul>\n<li>Der optimale Mahlgrad ist \u201efein\u201c bis \u201esehr fein\u201c, je nach Charakteristik der Espressobohne die Sie gew\u00e4hlt haben (wie z.B. Wassergehalt, etc.).<\/li>\n<li>Wie bei Siebtr\u00e4germaschinen auch, braucht es zu Beginn etwas Zeit und Geduld, bis man den passenden Kaffee im richtigen Mahlgrad und die F\u00fclldichte gefunden hat. Aber der Aufwand lohnt sich!<\/li>\n<li>Wenn Sie keine eigene Kaffeem\u00fchle haben, empfehlen wir Ihnen sich in einer lokalen Kaffeer\u00f6sterei 2 -3\u00a0 Mahlproben im Bereich \u201efein\u201c bis \u201e sehr fein\u201c einer guten Espressomischung machen lassen um herauszufinden, welcher Mahlgrad optimal ist.<\/li>\n<\/ul>\n<p>[\/vc_column_text][\/vc_column][\/vc_row][vc_row css=&#8220;.vc_custom_1528700440423{margin-right: 0px !important;margin-bottom: 25px !important;margin-left: 0px !important;border-top-width: 1px !important;border-right-width: 1px !important;border-bottom-width: 1px !important;border-left-width: 1px !important;padding-top: 30px !important;padding-right: 15px !important;padding-bottom: 30px !important;padding-left: 15px !important;background-color: #ffffff !important;border-left-color: #e7e7e7 !important;border-left-style: solid !important;border-right-color: #e7e7e7 !important;border-right-style: solid !important;border-top-color: #e7e7e7 !important;border-top-style: solid !important;border-bottom-color: #e7e7e7 !important;border-bottom-style: solid !important;}&#8220;][vc_column css=&#8220;.vc_custom_1527238251732{padding-top: 0px !important;}&#8220;]\t\t\t<div id=\"wd-606e1afdadcf1\" class=\"wd-text-block-wrapper wd-wpb wd-rs-606e1afdadcf1 color-scheme-dark text-left vc_custom_1617828622038\">\n\t\t\t\t<div class=\"woodmart-title-container woodmart-text-block reset-last-child font-primary wd-font-weight-600 \">\n\t\t\t\t\t4. WIEDERBEF\u00dcLLEN DER EDELSTAHLKAPSEL\t\t\t\t<\/div>\n\n\t\t\t\t\t\t\t<\/div>\n\t\t[vc_column_text css=&#8220;.vc_custom_1617828651835{margin-bottom: 0px !important;}&#8220; el_class=&#8220;text-larger&#8220; text_larger=&#8220;no&#8220;]<strong>F\u00fcllen Sie die Kapsel m\u00f6glichst dicht<\/strong>, indem Sie das Espressopulver mithilfe eines Tampers anpressen. Wenn Sie keinen Tamper benutzen, tauchen Sie die ge\u00f6ffnete Kapsel in den Beh\u00e4lter, in dem Sie den gemahlenen Kaffee aufbewahren, und dr\u00fccken Sie die Kapsel mehrere Male gegen die Beh\u00e4lterwand.<\/p>\n<p>Durch die Verwendung des F\u00fcll-L\u00f6ffels, an den die ge\u00f6ffnete Kapsel zum Auff\u00fcllen angebracht wird, wird dieser Vorgang sehr erleichtert und Sie vermeiden, dass Kaffeepulver an den Fingern haften bleibt.<\/p>\n<p>Die Kapsel fasst etwa 5g Kaffeepulver.[\/vc_column_text][\/vc_column][\/vc_row][vc_row css=&#8220;.vc_custom_1528700444689{margin-right: 0px !important;margin-bottom: 25px !important;margin-left: 0px !important;border-top-width: 1px !important;border-right-width: 1px !important;border-bottom-width: 1px !important;border-left-width: 1px !important;padding-top: 30px !important;padding-right: 15px !important;padding-bottom: 30px !important;padding-left: 15px !important;background-color: #ffffff !important;border-left-color: #e7e7e7 !important;border-left-style: solid !important;border-right-color: #e7e7e7 !important;border-right-style: solid !important;border-top-color: #e7e7e7 !important;border-top-style: solid !important;border-bottom-color: #e7e7e7 !important;border-bottom-style: solid !important;}&#8220;][vc_column css=&#8220;.vc_custom_1527238251732{padding-top: 0px !important;}&#8220;]\t\t\t<div id=\"wd-606b7b5899ba7\" class=\"wd-text-block-wrapper wd-wpb wd-rs-606b7b5899ba7 color-scheme-dark text-left vc_custom_1617656693888\">\n\t\t\t\t<div class=\"woodmart-title-container woodmart-text-block reset-last-child font-primary wd-font-weight-600 \">\n\t\t\t\t\t5. HOT STUFF!\t\t\t\t<\/div>\n\n\t\t\t\t\t\t\t<\/div>\n\t\t[vc_column_text css=&#8220;.vc_custom_1617828690003{margin-bottom: 0px !important;}&#8220; el_class=&#8220;text-larger&#8220; text_larger=&#8220;no&#8220;]Espresso \/ Kaffee sollte m\u00f6glichst heiss gebr\u00fcht werden (ca. 80\u00b0C). Wir empfehlen Ihnen daher, Ihre<strong> Maschine und die Espressotasse vorzuw\u00e4rmen<\/strong>: starten Sie 1 \u2013 2 Br\u00fchvorg\u00e4nge ohne Kaffeef\u00fcllung, sodass nur heisses Wasser durch die Maschine l\u00e4uft. Dadurch werden auch Kaffeereste entfernt und die Maschine gereinigt.[\/vc_column_text][\/vc_column][\/vc_row][vc_row css=&#8220;.vc_custom_1528700448393{margin-right: 0px !important;margin-bottom: 25px !important;margin-left: 0px !important;border-top-width: 1px !important;border-right-width: 1px !important;border-bottom-width: 1px !important;border-left-width: 1px !important;padding-top: 30px !important;padding-right: 15px !important;padding-bottom: 30px !important;padding-left: 15px !important;background-color: #ffffff !important;border-left-color: #e7e7e7 !important;border-left-style: solid !important;border-right-color: #e7e7e7 !important;border-right-style: solid !important;border-top-color: #e7e7e7 !important;border-top-style: solid !important;border-bottom-color: #e7e7e7 !important;border-bottom-style: solid !important;}&#8220;][vc_column css=&#8220;.vc_custom_1527238251732{padding-top: 0px !important;}&#8220;]\t\t\t<div id=\"wd-606e1ca8d7376\" class=\"wd-text-block-wrapper wd-wpb wd-rs-606e1ca8d7376 color-scheme-dark text-left vc_custom_1617829037629\">\n\t\t\t\t<div class=\"woodmart-title-container woodmart-text-block reset-last-child font-primary wd-font-weight-600 \">\n\t\t\t\t\t6. ESPRESSO GEHT SCHNELL\t\t\t\t<\/div>\n\n\t\t\t\t\t\t\t<\/div>\n\t\t[vc_column_text css=&#8220;.vc_custom_1617828778096{margin-bottom: 0px !important;}&#8220; el_class=&#8220;text-larger&#8220; text_larger=&#8220;no&#8220;]Der <strong>Br\u00fchvorgang<\/strong> f\u00fcr einen Espresso (ca. 25ml) sollte 15-20 Sekunden dauern, f\u00fcr einen Lungo entsprechend l\u00e4nger (je nach vorprogrammierter Wassermenge).[\/vc_column_text][\/vc_column][\/vc_row][vc_row css=&#8220;.vc_custom_1528700453524{margin-right: 0px !important;margin-left: 0px !important;border-top-width: 1px !important;border-right-width: 1px !important;border-bottom-width: 1px !important;border-left-width: 1px !important;padding-top: 30px !important;padding-right: 15px !important;padding-bottom: 30px !important;padding-left: 15px !important;background-color: #ffffff !important;border-left-color: #e7e7e7 !important;border-left-style: solid !important;border-right-color: #e7e7e7 !important;border-right-style: solid !important;border-top-color: #e7e7e7 !important;border-top-style: solid !important;border-bottom-color: #e7e7e7 !important;border-bottom-style: solid !important;}&#8220;][vc_column css=&#8220;.vc_custom_1527238251732{padding-top: 0px !important;}&#8220;]\t\t\t<div id=\"wd-606b7c0aee0c5\" class=\"wd-text-block-wrapper wd-wpb wd-rs-606b7c0aee0c5 color-scheme-dark text-left vc_custom_1617656862631\">\n\t\t\t\t<div class=\"woodmart-title-container woodmart-text-block reset-last-child font-primary wd-font-weight-600 \">\n\t\t\t\t\t7. KEEP COOL &amp; DRY\t\t\t\t<\/div>\n\n\t\t\t\t\t\t\t<\/div>\n\t\t[vc_column_text css=&#8220;.vc_custom_1617829076548{margin-bottom: 0px !important;}&#8220; el_class=&#8220;text-larger&#8220; text_larger=&#8220;no&#8220;]<\/p>\n<div id=\"content\" class=\"group\">\n<div id=\"post-40927\" class=\"group post-40927 page type-page status-publish hentry\">\n<p><strong>Bewahren Sie bereits gemahlenen Kaffee k\u00fchl und trocken auf<\/strong> (am besten im K\u00fchlschrank) und denken Sie auch daran, Ihre Maschine regelm\u00e4ssig zu entkalken. Dadurch erhalten Sie eine bessere Crema, ohne Zusatzstoffe.<\/div>\n<p>&nbsp;<\/p><\/div>\n<p>[\/vc_column_text][\/vc_column][\/vc_row]<\/p>\n<\/div>","protected":false},"excerpt":{"rendered":"<p>[vc_row full_width=&#8220;stretch_row_content&#8220; css=&#8220;.vc_custom_1712309822293{margin-top: -40px !important;margin-bottom: 8vh !important;padding-top: 8vh !important;padding-bottom: 8vh !important;background-color: #f8f8f8 !important;}&#8220; woodmart_css_id=&#8220;660fc615c9589&#8243; responsive_spacing=&#8220;eyJwYXJhbV90eXBlIjoid29vZG1hcnRfcmVzcG9uc2l2ZV9zcGFjaW5nIiwic2VsZWN0b3JfaWQiOiI2NjBmYzYxNWM5NTg5Iiwic2hvcnRjb2RlIjoidmNfcm93IiwiZGF0YSI6eyJ0YWJsZXQiOnt9LCJtb2JpbGUiOnt9fX0=&#8220; mobile_bg_img_hidden=&#8220;no&#8220; tablet_bg_img_hidden=&#8220;no&#8220; woodmart_parallax=&#8220;0&#8243; woodmart_gradient_switch=&#8220;no&#8220; woodmart_box_shadow=&#8220;no&#8220;<\/p>\n","protected":false},"author":1,"featured_media":0,"parent":0,"menu_order":0,"comment_status":"closed","ping_status":"closed","template":"","meta":{"footnotes":""},"class_list":["post-62320","page","type-page","status-publish","hentry"],"_links":{"self":[{"href":"https:\/\/mycoffeestar.com\/de\/wp-json\/wp\/v2\/pages\/62320","targetHints":{"allow":["GET"]}}],"collection":[{"href":"https:\/\/mycoffeestar.com\/de\/wp-json\/wp\/v2\/pages"}],"about":[{"href":"https:\/\/mycoffeestar.com\/de\/wp-json\/wp\/v2\/types\/page"}],"author":[{"embeddable":true,"href":"https:\/\/mycoffeestar.com\/de\/wp-json\/wp\/v2\/users\/1"}],"replies":[{"embeddable":true,"href":"https:\/\/mycoffeestar.com\/de\/wp-json\/wp\/v2\/comments?post=62320"}],"version-history":[{"count":10,"href":"https:\/\/mycoffeestar.com\/de\/wp-json\/wp\/v2\/pages\/62320\/revisions"}],"predecessor-version":[{"id":66201,"href":"https:\/\/mycoffeestar.com\/de\/wp-json\/wp\/v2\/pages\/62320\/revisions\/66201"}],"wp:attachment":[{"href":"https:\/\/mycoffeestar.com\/de\/wp-json\/wp\/v2\/media?parent=62320"}],"curies":[{"name":"wp","href":"https:\/\/api.w.org\/{rel}","templated":true}]}}