{"id":62328,"date":"2021-03-22T16:19:58","date_gmt":"2021-03-22T15:19:58","guid":{"rendered":"https:\/\/www.mycoffeestar.com\/how-to-use-for-dolce-gusto\/"},"modified":"2024-04-05T10:40:46","modified_gmt":"2024-04-05T09:40:46","slug":"how-to-use-for-dolce-gusto","status":"publish","type":"page","link":"https:\/\/mycoffeestar.com\/de\/how-to-use-for-dolce-gusto\/","title":{"rendered":"Dolce Gusto Anleitung"},"content":{"rendered":"<div class=\"wpb-content-wrapper\"><p>[vc_row full_width=&#8220;stretch_row_content&#8220; css=&#8220;.vc_custom_1712310026871{margin-top: -40px !important;margin-bottom: 8vh !important;padding-top: 8vh !important;padding-bottom: 8vh !important;background-color: #f8f8f8 !important;}&#8220; woodmart_css_id=&#8220;660fc704aca93&#8243; responsive_spacing=&#8220;eyJwYXJhbV90eXBlIjoid29vZG1hcnRfcmVzcG9uc2l2ZV9zcGFjaW5nIiwic2VsZWN0b3JfaWQiOiI2NjBmYzcwNGFjYTkzIiwic2hvcnRjb2RlIjoidmNfcm93IiwiZGF0YSI6eyJ0YWJsZXQiOnt9LCJtb2JpbGUiOnt9fX0=&#8220; mobile_bg_img_hidden=&#8220;no&#8220; tablet_bg_img_hidden=&#8220;no&#8220; woodmart_parallax=&#8220;0&#8243; woodmart_gradient_switch=&#8220;no&#8220; woodmart_box_shadow=&#8220;no&#8220; wd_z_index=&#8220;no&#8220; woodmart_disable_overflow=&#8220;0&#8243; row_reverse_mobile=&#8220;0&#8243; row_reverse_tablet=&#8220;0&#8243;][vc_column width=&#8220;1\/2&#8243; offset=&#8220;vc_col-sm-offset-3&#8243; css=&#8220;.vc_custom_1527239539599{padding-top: 0px !important;}&#8220;]\t\t\t<div class=\"info-box-wrapper\">\n\t\t\t\t<div id=\"wd-660bba294d023\" class=\" wd-rs-660bba294d023 wd-info-box wd-wpb text-center box-icon-align-top box-style- color-scheme- wd-bg-none vc_custom_1712044591177\">\n\t\t\t\t\t\t\t\t\t\t<div class=\"info-box-content\">\n\t\t\t\t\t\t\t\t\t\t\t\t<div class=\"info-box-inner reset-last-child\"><\/div>\n\n\t\t\t\t\t\t\t\t\t\t\t<\/div>\n\n\t\t\t\t\t\t\t\t\t\t\t<a class=\"wd-info-box-link wd-fill\" aria-label=\"Infobox link\" href=\"|||\" title=\"\"><\/a>\n\t\t\t\t\t\n\t\t\t\t\t\t\t\t\t<\/div>\n\t\t\t<\/div>\n\t\t\n\t\t<div id=\"wd-660eed44cc1ef\" class=\"title-wrapper wd-wpb wd-set-mb reset-last-child  wd-rs-660eed44cc1ef wd-title-color-default wd-title-style-default text-center vc_custom_1712254281858 wd-underline-colored\">\n\t\t\t\n\t\t\t<div class=\"liner-continer\">\n\t\t\t\t<h3 class=\"woodmart-title-container title  wd-font-weight- wd-fontsize-l\" >GEBRAUCHSANWEISUNG F\u00dcR UNSERE PRODUKTE<\/h3>\n\t\t\t\t\t\t\t<\/div>\n\t\t\t\n\t\t\t\n\t\t\t\n\t\t<\/div>\n\t\t\n\t\t[vc_column_text css=&#8220;.vc_custom_1712310040960{margin-bottom: 0px !important;}&#8220; el_class=&#8220;text-larger&#8220; text_larger=&#8220;no&#8220; woodmart_inline=&#8220;no&#8220;]<\/p>\n<p style=\"text-align: center;\">In diesem Abschnitt erfahren Sie mehr dar\u00fcber, wie Sie <em><strong>my<\/strong>coffee<strong>star <\/strong><\/em><b><i><em><strong>Produkte<\/strong><\/em><\/i><\/b> mit Ihrer Kaffeemaschine verwenden k\u00f6nnen. Auf dieser Seite finden Sie auch weiteres Videomaterial:\u00a0Wenn Sie weitere Fragen zur Verwendung unserer Produkte haben, k\u00f6nnen Sie sich gerne \u00fcber support@mycoffeestar.com mit uns in Verbindung setzen.<\/p>\n<p>[\/vc_column_text][\/vc_column][\/vc_row][vc_row][vc_column css=&#8220;.vc_custom_1527240190798{padding-top: 0px !important;}&#8220;]\n\t\t<div id=\"wd-660eed9960027\" class=\"title-wrapper wd-wpb wd-set-mb reset-last-child  wd-rs-660eed9960027 wd-title-color-default wd-title-style-default text-center  wd-underline-colored\">\n\t\t\t\n\t\t\t<div class=\"liner-continer\">\n\t\t\t\t<h3 class=\"woodmart-title-container title  wd-font-weight- wd-fontsize-l\" >ANWENDUNG DER MYCOFFEESTAR KAPSEL F\u00dcR DOLCE GUSTO<\/h3>\n\t\t\t\t\t\t\t<\/div>\n\t\t\t\n\t\t\t\n\t\t\t\n\t\t<\/div>\n\t\t\n\t\t[\/vc_column][\/vc_row][vc_row css=&#8220;.vc_custom_1528700414903{margin-right: 0px !important;margin-bottom: 25px !important;margin-left: 0px !important;border-top-width: 1px !important;border-right-width: 1px !important;border-bottom-width: 1px !important;border-left-width: 1px !important;padding-top: 30px !important;padding-right: 15px !important;padding-bottom: 30px !important;padding-left: 15px !important;background-color: #ffffff !important;border-left-color: #e7e7e7 !important;border-left-style: solid !important;border-right-color: #e7e7e7 !important;border-right-style: solid !important;border-top-color: #e7e7e7 !important;border-top-style: solid !important;border-bottom-color: #e7e7e7 !important;border-bottom-style: solid !important;}&#8220;][vc_column css=&#8220;.vc_custom_1527238251732{padding-top: 0px !important;}&#8220;]\t\t\t<div id=\"wd-660eede749277\" class=\"wd-text-block-wrapper wd-wpb wd-rs-660eede749277 color-scheme-dark text-left vc_custom_1712254447857\">\n\t\t\t\t<div class=\"woodmart-title-container woodmart-text-block reset-last-child font-primary wd-font-weight-600 \">\n\t\t\t\t\t1. ALLGEMEINE INFORMATIONEN\t\t\t\t<\/div>\n\n\t\t\t\t\t\t\t<\/div>\n\t\t[vc_column_text css=&#8220;.vc_custom_1712254467888{margin-bottom: 0px !important;}&#8220; el_class=&#8220;text-larger&#8220; text_larger=&#8220;no&#8220; woodmart_inline=&#8220;no&#8220;]<\/p>\n<ul>\n<li>Vor dem ersten Gebrauch sp\u00fclen Sie die Kapsel, den Deckel und den Messl\u00f6ffel mit hei\u00dfem Wasser ab.<\/li>\n<li>Vergewissern Sie sich, dass Sie die Edelstahlfilterscheibe auf das Kaffeemehl gelegt haben, bevor Sie die Kapsel mit der schwarzen Silikonscheibe verschlie\u00dfen. Auf diese Weise erzielen Sie nicht nur eine bessere Crema, sondern vermeiden auch, dass hei\u00dfes Wasser und gemahlener Kaffee oben aus der Kapsel auslaufen.<\/li>\n<li>Wenn der Br\u00fchvorgang nicht erfolgreich war, warten Sie 1-2 Minuten, bis der Druck in der Maschine gesunken ist, bevor Sie den Hebel \u00f6ffnen. \u00d6ffnen Sie den Hebel nicht mit Gewalt, solange die Maschine unter Druck steht.<\/li>\n<\/ul>\n<p>[\/vc_column_text][\/vc_column][\/vc_row][vc_row css=&#8220;.vc_custom_1528700432537{margin-right: 0px !important;margin-bottom: 25px !important;margin-left: 0px !important;border-top-width: 1px !important;border-right-width: 1px !important;border-bottom-width: 1px !important;border-left-width: 1px !important;padding-top: 30px !important;padding-right: 15px !important;padding-bottom: 30px !important;padding-left: 15px !important;background-color: #ffffff !important;border-left-color: #e7e7e7 !important;border-left-style: solid !important;border-right-color: #e7e7e7 !important;border-right-style: solid !important;border-top-color: #e7e7e7 !important;border-top-style: solid !important;border-bottom-color: #e7e7e7 !important;border-bottom-style: solid !important;}&#8220;][vc_column width=&#8220;1\/2&#8243; css=&#8220;.vc_custom_1527238251732{padding-top: 0px !important;}&#8220;]\t\t\t<div id=\"wd-660eee1a01140\" class=\"wd-text-block-wrapper wd-wpb wd-rs-660eee1a01140 color-scheme-dark text-left vc_custom_1712254501829\">\n\t\t\t\t<div class=\"woodmart-title-container woodmart-text-block reset-last-child font-primary wd-font-weight-600 \">\n\t\t\t\t\t2. Holen Sie sich Ihren eigenen Kaffee mit dem richtigen Feinheitsgrad\t\t\t\t<\/div>\n\n\t\t\t\t\t\t\t<\/div>\n\t\t[vc_column_text css=&#8220;.vc_custom_1712254554991{margin-bottom: 0px !important;}&#8220; text_larger=&#8220;no&#8220; el_class=&#8220;text-larger&#8220; woodmart_inline=&#8220;no&#8220;]<\/p>\n<ul>\n<li>Verwenden Sie f\u00fcr Espresso &#8222;fein&#8220; oder &#8222;sehr fein&#8220; gemahlenen Espresso, um Ihren GUSTO PURO nachzuf\u00fcllen.<\/li>\n<li>F\u00fcr Lungo oder Grande verwenden Sie &#8222;mittel&#8220; bis &#8222;fein&#8220; gemahlenen Kaffee.<\/li>\n<li>Holen Sie sich frisch gemahlenen Kaffee oder Espresso einfach in Ihrem \u00f6rtlichen Coffeeshop oder Kaffeer\u00f6ster: \u00d6ffnen Sie eine Dolce Gusto Einwegkapsel und zeigen Sie Ihrem Kaffeer\u00f6ster oder Coffeeshop den gemahlenen Kaffee als Referenz f\u00fcr den richtigen Feinheitsgrad.<\/li>\n<li>Wenn Sie es vorziehen, gemahlenen Kaffee zu kaufen, beachten Sie, dass der Mahlgrad zwischen &#8222;grob&#8220;, &#8222;mittel&#8220; und &#8222;fein&#8220; variiert.<\/li>\n<\/ul>\n<blockquote>\n<p>Wenn der Kaffee zu fein gemahlen ist, kann die Maschine den Br\u00fchvorgang nicht starten oder stoppen.<\/p>\n<p>Wenn der Kaffee zu w\u00e4ssrig ist, sollten Sie feiner gemahlenen Kaffee verwenden.<\/p>\n<\/blockquote>\n<p>[\/vc_column_text][\/vc_column][vc_column width=&#8220;1\/2&#8243;][vc_single_image image=&#8220;61621&#8243; img_size=&#8220;full&#8220; alignment=&#8220;center&#8220; parallax_scroll=&#8220;no&#8220; css=&#8220;.vc_custom_1616428013042{padding-top: 50px !important;}&#8220;][\/vc_column][\/vc_row][vc_row css=&#8220;.vc_custom_1528700436855{margin-right: 0px !important;margin-bottom: 25px !important;margin-left: 0px !important;border-top-width: 1px !important;border-right-width: 1px !important;border-bottom-width: 1px !important;border-left-width: 1px !important;padding-top: 30px !important;padding-right: 15px !important;padding-bottom: 30px !important;padding-left: 15px !important;background-color: #ffffff !important;border-left-color: #e7e7e7 !important;border-left-style: solid !important;border-right-color: #e7e7e7 !important;border-right-style: solid !important;border-top-color: #e7e7e7 !important;border-top-style: solid !important;border-bottom-color: #e7e7e7 !important;border-bottom-style: solid !important;}&#8220;][vc_column width=&#8220;1\/3&#8243; css=&#8220;.vc_custom_1527238251732{padding-top: 0px !important;}&#8220;]\t\t\t<div id=\"wd-660eee7971861\" class=\"wd-text-block-wrapper wd-wpb wd-rs-660eee7971861 color-scheme-dark text-left vc_custom_1712254595329\">\n\t\t\t\t<div class=\"woodmart-title-container woodmart-text-block reset-last-child font-primary wd-font-weight-600 \">\n\t\t\t\t\t3. F\u00fcllen Sie die Kapsel mit 8 Gramm gemahlenem Kaffee\t\t\t\t<\/div>\n\n\t\t\t\t\t\t\t<\/div>\n\t\t[vc_column_text css=&#8220;.vc_custom_1712254627595{margin-bottom: 0px !important;}&#8220; el_class=&#8220;text-larger&#8220; text_larger=&#8220;no&#8220; woodmart_inline=&#8220;no&#8220;]<\/p>\n<ul>\n<li>Der beiliegende Messl\u00f6ffel passt perfekt in die Kapsel.Setzen Sie den beschichteten, vollen Messl\u00f6ffel in die Kapsel und drehen Sie den L\u00f6ffel um.<\/li>\n<li>Orientieren Sie sich an der Messlinie in der Kapsel f\u00fcr die richtige Menge an gemahlenem Kaffee. Klopfen Sie dazu die gef\u00fcllte Kapsel fest an, damit sich das Kaffeemehl gleichm\u00e4\u00dfig absetzt.<\/li>\n<li>Stampfen Sie den gemahlenen Kaffee nicht fest.<\/li>\n<li>Verschlie\u00dfen Sie nach dem Nachf\u00fcllen den weichen Vakuumdeckel, indem Sie ihn mit der flachen Hand auf die Kapsel dr\u00fccken.<\/li>\n<\/ul>\n<blockquote>\n<p>Wenn Sie nach dem Br\u00fchvorgang Wasser und Kaffeemehl auf dem Deckel finden, wurde zu viel Kaffee in die Kapsel gef\u00fcllt.<\/p>\n<\/blockquote>\n<p>[\/vc_column_text][\/vc_column][vc_column width=&#8220;1\/3&#8243;][vc_single_image image=&#8220;61632&#8243; img_size=&#8220;medium&#8220; alignment=&#8220;right&#8220; parallax_scroll=&#8220;no&#8220;][\/vc_column][vc_column width=&#8220;1\/3&#8243;][vc_single_image image=&#8220;61635&#8243; img_size=&#8220;full&#8220; alignment=&#8220;right&#8220; parallax_scroll=&#8220;no&#8220;][\/vc_column][\/vc_row][vc_row css=&#8220;.vc_custom_1528700440423{margin-right: 0px !important;margin-bottom: 25px !important;margin-left: 0px !important;border-top-width: 1px !important;border-right-width: 1px !important;border-bottom-width: 1px !important;border-left-width: 1px !important;padding-top: 30px !important;padding-right: 15px !important;padding-bottom: 30px !important;padding-left: 15px !important;background-color: #ffffff !important;border-left-color: #e7e7e7 !important;border-left-style: solid !important;border-right-color: #e7e7e7 !important;border-right-style: solid !important;border-top-color: #e7e7e7 !important;border-top-style: solid !important;border-bottom-color: #e7e7e7 !important;border-bottom-style: solid !important;}&#8220;][vc_column width=&#8220;2\/3&#8243; css=&#8220;.vc_custom_1527238251732{padding-top: 0px !important;}&#8220;]\t\t\t<div id=\"wd-660eef0d14c6a\" class=\"wd-text-block-wrapper wd-wpb wd-rs-660eef0d14c6a color-scheme-dark text-left vc_custom_1712254742748\">\n\t\t\t\t<div class=\"woodmart-title-container woodmart-text-block reset-last-child font-primary wd-font-weight-600 \">\n\t\t\t\t\t4. Legen Sie die gef\u00fcllte und verschlossene Kapsel in die Schublade Ihrer Nescaf\u00e9 Dolce Gusto Maschine\t\t\t\t<\/div>\n\n\t\t\t\t\t\t\t<\/div>\n\t\t[vc_column_text css=&#8220;.vc_custom_1712254772894{margin-bottom: 0px !important;}&#8220; el_class=&#8220;text-larger&#8220; text_larger=&#8220;no&#8220; woodmart_inline=&#8220;no&#8220;]<\/p>\n<ul>\n<li>Vergewissern Sie sich, dass sich das Loch im Deckel in der 6-Uhr-Position befindet.<\/li>\n<li>Benutzen Sie die Markierungen auf dem Deckel f\u00fcr die genaue Positionierung.<\/li>\n<\/ul>\n<blockquote>\n<p>Wenn das Loch im Deckel nicht in der richtigen Position ist, kann die Maschine den Br\u00fchvorgang nicht starten.<\/p>\n<\/blockquote>\n<p>[\/vc_column_text][\/vc_column][vc_column width=&#8220;1\/3&#8243;][vc_single_image image=&#8220;61642&#8243; img_size=&#8220;full&#8220; alignment=&#8220;right&#8220; parallax_scroll=&#8220;no&#8220;][\/vc_column][\/vc_row][vc_row css=&#8220;.vc_custom_1528700444689{margin-right: 0px !important;margin-bottom: 25px !important;margin-left: 0px !important;border-top-width: 1px !important;border-right-width: 1px !important;border-bottom-width: 1px !important;border-left-width: 1px !important;padding-top: 30px !important;padding-right: 15px !important;padding-bottom: 30px !important;padding-left: 15px !important;background-color: #ffffff !important;border-left-color: #e7e7e7 !important;border-left-style: solid !important;border-right-color: #e7e7e7 !important;border-right-style: solid !important;border-top-color: #e7e7e7 !important;border-top-style: solid !important;border-bottom-color: #e7e7e7 !important;border-bottom-style: solid !important;}&#8220;][vc_column width=&#8220;2\/3&#8243; css=&#8220;.vc_custom_1527238251732{padding-top: 0px !important;}&#8220;]\t\t\t<div id=\"wd-660eef5d97544\" class=\"wd-text-block-wrapper wd-wpb wd-rs-660eef5d97544 color-scheme-dark text-left vc_custom_1712254825506\">\n\t\t\t\t<div class=\"woodmart-title-container woodmart-text-block reset-last-child font-primary wd-font-weight-600 \">\n\t\t\t\t\t5. Starten Sie den Br\u00fchvorgang\t\t\t\t<\/div>\n\n\t\t\t\t\t\t\t<\/div>\n\t\t[vc_column_text css=&#8220;.vc_custom_1712254859257{margin-bottom: 0px !important;}&#8220; el_class=&#8220;text-larger&#8220; text_larger=&#8220;no&#8220; woodmart_inline=&#8220;no&#8220;]<\/p>\n<ul>\n<li>Ein Espresso flie\u00dft langsam in einem d\u00fcnnen, geraden Strahl nach unten.<\/li>\n<li>Bei einem Lungo oder Grande ist der Kaffeestrahl dicker und flie\u00dft schneller.<\/li>\n<\/ul>\n<blockquote>\n<p>Wenn der Kaffeestrahl nicht gerade, sondern unregelm\u00e4\u00dfig flie\u00dft, w\u00e4hlen Sie feiner gemahlenen Kaffee.<\/p>\n<p>Wenn der Kaffee sehr langsam oder gar nicht tropft, ist der Kaffee zu fein gemahlen.<\/p>\n<p>Wenn der Br\u00fchvorgang nicht startet, vergewissern Sie sich, dass Kapsel und Deckel richtig in der Schublade liegen.<\/p>\n<\/blockquote>\n<p>[\/vc_column_text][\/vc_column][vc_column width=&#8220;1\/3&#8243;][vc_single_image image=&#8220;61645&#8243; img_size=&#8220;full&#8220; alignment=&#8220;right&#8220; parallax_scroll=&#8220;no&#8220;][\/vc_column][\/vc_row][vc_row css=&#8220;.vc_custom_1528700448393{margin-right: 0px !important;margin-bottom: 25px !important;margin-left: 0px !important;border-top-width: 1px !important;border-right-width: 1px !important;border-bottom-width: 1px !important;border-left-width: 1px !important;padding-top: 30px !important;padding-right: 15px !important;padding-bottom: 30px !important;padding-left: 15px !important;background-color: #ffffff !important;border-left-color: #e7e7e7 !important;border-left-style: solid !important;border-right-color: #e7e7e7 !important;border-right-style: solid !important;border-top-color: #e7e7e7 !important;border-top-style: solid !important;border-bottom-color: #e7e7e7 !important;border-bottom-style: solid !important;}&#8220;][vc_column width=&#8220;2\/3&#8243; css=&#8220;.vc_custom_1527238251732{padding-top: 0px !important;}&#8220;]\t\t\t<div id=\"wd-660eefa04af3a\" class=\"wd-text-block-wrapper wd-wpb wd-rs-660eefa04af3a color-scheme-dark text-left vc_custom_1712254894160\">\n\t\t\t\t<div class=\"woodmart-title-container woodmart-text-block reset-last-child font-primary wd-font-weight-600 \">\n\t\t\t\t\t6. VORSICHT! Die Kapsel ist nach dem Gebrauch hei\u00df.\t\t\t\t<\/div>\n\n\t\t\t\t\t\t\t<\/div>\n\t\t[vc_column_text css=&#8220;.vc_custom_1712254982787{margin-bottom: 0px !important;}&#8220; el_class=&#8220;text-larger&#8220; text_larger=&#8220;no&#8220; woodmart_inline=&#8220;no&#8220;]<\/p>\n<ul>\n<li>Zum Abk\u00fchlen sp\u00fclen Sie die Kapsel in der Schublade mit kaltem Wasser aus.<\/li>\n<li>Erst dann die Kapsel aus der Schublade nehmen, den Deckel abnehmen und den Kaffeesatz mit dem Biom\u00fcll entsorgen.<\/li>\n<\/ul>\n<p>&nbsp;<\/p>\n<p>&nbsp;[\/vc_column_text]\t\t\t<div id=\"wd-660eefe12ea5a\" class=\"wd-text-block-wrapper wd-wpb wd-rs-660eefe12ea5a color-scheme-dark text-left vc_custom_1712254952868\">\n\t\t\t\t<div class=\"woodmart-title-container woodmart-text-block reset-last-child font-primary wd-font-weight-600 \">\n\t\t\t\t\t7. Nach jedem Gebrauch reinigen\t\t\t\t<\/div>\n\n\t\t\t\t\t\t\t<\/div>\n\t\t[vc_column_text css=&#8220;.vc_custom_1712254973242{margin-bottom: 0px !important;}&#8220; el_class=&#8220;text-larger&#8220; text_larger=&#8220;no&#8220; woodmart_inline=&#8220;no&#8220;]<\/p>\n<ul>\n<li>Sp\u00fclen Sie Kapsel und Deckel mit kaltem oder warmem Wasser aus, verwenden Sie keine Reinigungsmittel.<\/li>\n<li>Denken Sie daran, Ihre Kaffeemaschine regelm\u00e4\u00dfig zu entkalken.<\/li>\n<\/ul>\n<p>[\/vc_column_text][\/vc_column][vc_column width=&#8220;1\/3&#8243;][vc_single_image image=&#8220;61648&#8243; img_size=&#8220;full&#8220; alignment=&#8220;right&#8220; parallax_scroll=&#8220;no&#8220;][\/vc_column][\/vc_row][vc_row][vc_column][\/vc_column][\/vc_row]<\/p>\n<\/div>","protected":false},"excerpt":{"rendered":"<p>[vc_row full_width=&#8220;stretch_row_content&#8220; css=&#8220;.vc_custom_1712310026871{margin-top: -40px !important;margin-bottom: 8vh !important;padding-top: 8vh !important;padding-bottom: 8vh !important;background-color: #f8f8f8 !important;}&#8220; woodmart_css_id=&#8220;660fc704aca93&#8243; responsive_spacing=&#8220;eyJwYXJhbV90eXBlIjoid29vZG1hcnRfcmVzcG9uc2l2ZV9zcGFjaW5nIiwic2VsZWN0b3JfaWQiOiI2NjBmYzcwNGFjYTkzIiwic2hvcnRjb2RlIjoidmNfcm93IiwiZGF0YSI6eyJ0YWJsZXQiOnt9LCJtb2JpbGUiOnt9fX0=&#8220; mobile_bg_img_hidden=&#8220;no&#8220; tablet_bg_img_hidden=&#8220;no&#8220; woodmart_parallax=&#8220;0&#8243; woodmart_gradient_switch=&#8220;no&#8220; woodmart_box_shadow=&#8220;no&#8220;<\/p>\n","protected":false},"author":1,"featured_media":0,"parent":0,"menu_order":0,"comment_status":"closed","ping_status":"closed","template":"","meta":{"footnotes":""},"class_list":["post-62328","page","type-page","status-publish","hentry"],"_links":{"self":[{"href":"https:\/\/mycoffeestar.com\/de\/wp-json\/wp\/v2\/pages\/62328","targetHints":{"allow":["GET"]}}],"collection":[{"href":"https:\/\/mycoffeestar.com\/de\/wp-json\/wp\/v2\/pages"}],"about":[{"href":"https:\/\/mycoffeestar.com\/de\/wp-json\/wp\/v2\/types\/page"}],"author":[{"embeddable":true,"href":"https:\/\/mycoffeestar.com\/de\/wp-json\/wp\/v2\/users\/1"}],"replies":[{"embeddable":true,"href":"https:\/\/mycoffeestar.com\/de\/wp-json\/wp\/v2\/comments?post=62328"}],"version-history":[{"count":15,"href":"https:\/\/mycoffeestar.com\/de\/wp-json\/wp\/v2\/pages\/62328\/revisions"}],"predecessor-version":[{"id":66203,"href":"https:\/\/mycoffeestar.com\/de\/wp-json\/wp\/v2\/pages\/62328\/revisions\/66203"}],"wp:attachment":[{"href":"https:\/\/mycoffeestar.com\/de\/wp-json\/wp\/v2\/media?parent=62328"}],"curies":[{"name":"wp","href":"https:\/\/api.w.org\/{rel}","templated":true}]}}