{"id":62336,"date":"2021-03-23T07:10:43","date_gmt":"2021-03-23T06:10:43","guid":{"rendered":"https:\/\/www.mycoffeestar.com\/how-to-use-for-vertuo\/"},"modified":"2024-04-05T10:39:39","modified_gmt":"2024-04-05T09:39:39","slug":"how-to-use-for-vertuo","status":"publish","type":"page","link":"https:\/\/mycoffeestar.com\/de\/how-to-use-for-vertuo\/","title":{"rendered":"Vertuo Anleitung"},"content":{"rendered":"<div class=\"wpb-content-wrapper\"><p>[vc_row full_width=&#8220;stretch_row_content&#8220; css=&#8220;.vc_custom_1712309922414{margin-top: -40px !important;margin-bottom: 8vh !important;padding-top: 8vh !important;padding-bottom: 8vh !important;background-color: #f8f8f8 !important;}&#8220; woodmart_css_id=&#8220;660fc693569aa&#8220; responsive_spacing=&#8220;eyJwYXJhbV90eXBlIjoid29vZG1hcnRfcmVzcG9uc2l2ZV9zcGFjaW5nIiwic2VsZWN0b3JfaWQiOiI2NjBmYzY5MzU2OWFhIiwic2hvcnRjb2RlIjoidmNfcm93IiwiZGF0YSI6eyJ0YWJsZXQiOnt9LCJtb2JpbGUiOnt9fX0=&#8220; mobile_bg_img_hidden=&#8220;no&#8220; tablet_bg_img_hidden=&#8220;no&#8220; woodmart_parallax=&#8220;0&#8243; woodmart_gradient_switch=&#8220;no&#8220; woodmart_box_shadow=&#8220;no&#8220; wd_z_index=&#8220;no&#8220; woodmart_disable_overflow=&#8220;0&#8243; row_reverse_mobile=&#8220;0&#8243; row_reverse_tablet=&#8220;0&#8243;][vc_column width=&#8220;1\/2&#8243; offset=&#8220;vc_col-sm-offset-3&#8243; css=&#8220;.vc_custom_1527239539599{padding-top: 0px !important;}&#8220;]\t\t\t<div class=\"info-box-wrapper\">\n\t\t\t\t<div id=\"wd-660ab6dbe18ad\" class=\" wd-rs-660ab6dbe18ad wd-info-box wd-wpb text-center box-icon-align-top box-style- color-scheme- wd-bg-none vc_custom_1711978213996\">\n\t\t\t\t\t\t\t\t\t\t<div class=\"info-box-content\">\n\t\t\t\t\t\t\t\t\t\t\t\t<div class=\"info-box-inner reset-last-child\"><\/div>\n\n\t\t\t\t\t\t\t\t\t\t\t<\/div>\n\n\t\t\t\t\t\t\t\t\t\t\t<a class=\"wd-info-box-link wd-fill\" aria-label=\"Infobox link\" href=\"|||\" title=\"\"><\/a>\n\t\t\t\t\t\n\t\t\t\t\t\t\t\t\t<\/div>\n\t\t\t<\/div>\n\t\t\n\t\t<div id=\"wd-606e22a739a4e\" class=\"title-wrapper wd-wpb wd-set-mb reset-last-child  wd-rs-606e22a739a4e wd-title-color-default wd-title-style-default text-center vc_custom_1617830574739 wd-underline-colored\">\n\t\t\t\n\t\t\t<div class=\"liner-continer\">\n\t\t\t\t<h3 class=\"woodmart-title-container title  wd-font-weight- wd-fontsize-l\" >ANLEITUNGEN ZUR VERWENDUNG UNSERER PRODUKTE<\/h3>\n\t\t\t\t\t\t\t<\/div>\n\t\t\t\n\t\t\t\n\t\t\t\n\t\t<\/div>\n\t\t\n\t\t[vc_column_text css=&#8220;.vc_custom_1712309971893{margin-bottom: 0px !important;}&#8220; el_class=&#8220;text-larger&#8220; text_larger=&#8220;no&#8220; woodmart_inline=&#8220;no&#8220;]<\/p>\n<div class=\"wpb_text_column wpb_content_element vc_custom_1617828147915 text-larger\">\n<div class=\"wpb_wrapper\">\n<p style=\"text-align: center;\"><span class=\"VIiyi\" lang=\"de\"><span class=\"JLqJ4b ChMk0b\" data-language-for-alternatives=\"de\" data-language-to-translate-into=\"en\" data-phrase-index=\"0\">In diesem Abschnitt erfahren Sie mehr \u00fcber die Verwendung von mycoffeestar-Produkten mit Ihrer Kaffeemaschine.<\/span> <span class=\"JLqJ4b ChMk0b\" data-language-for-alternatives=\"de\" data-language-to-translate-into=\"en\" data-phrase-index=\"1\">Auf dieser Seite finden Sie auch weiteres Videomaterial:\u00a0<\/span><\/span><span class=\"VIiyi\" lang=\"de\"><span class=\"JLqJ4b ChMk0b\" data-language-for-alternatives=\"de\" data-language-to-translate-into=\"en\" data-phrase-index=\"3\">Wenn Sie weitere Fragen zur Verwendung unserer Produkte haben, k\u00f6nnen Sie sich gerne \u00fcber support@mycoffeestar.com an uns wenden<\/span><\/span><\/p>\n<\/div>\n<\/div>\n<p>&nbsp;[\/vc_column_text][\/vc_column][\/vc_row][vc_row][vc_column css=&#8220;.vc_custom_1527240190798{padding-top: 0px !important;}&#8220;]\n\t\t<div id=\"wd-606e22df39b7a\" class=\"title-wrapper wd-wpb wd-set-mb reset-last-child  wd-rs-606e22df39b7a wd-title-color-default wd-title-style-default text-center  wd-underline-colored\">\n\t\t\t\n\t\t\t<div class=\"liner-continer\">\n\t\t\t\t<h3 class=\"woodmart-title-container title  wd-font-weight- wd-fontsize-l\" >ANWENDUNG DER MYCOFFEESTAR V-MULTIDISC F\u00dcR VERTUO &amp; VERTUOLINE<\/h3>\n\t\t\t\t\t\t\t<\/div>\n\t\t\t\n\t\t\t\n\t\t\t\n\t\t<\/div>\n\t\t\n\t\t[\/vc_column][\/vc_row][vc_row css=&#8220;.vc_custom_1528700414903{margin-right: 0px !important;margin-bottom: 25px !important;margin-left: 0px !important;border-top-width: 1px !important;border-right-width: 1px !important;border-bottom-width: 1px !important;border-left-width: 1px !important;padding-top: 30px !important;padding-right: 15px !important;padding-bottom: 30px !important;padding-left: 15px !important;background-color: #ffffff !important;border-left-color: #e7e7e7 !important;border-left-style: solid !important;border-right-color: #e7e7e7 !important;border-right-style: solid !important;border-top-color: #e7e7e7 !important;border-top-style: solid !important;border-bottom-color: #e7e7e7 !important;border-bottom-style: solid !important;}&#8220;][vc_column css=&#8220;.vc_custom_1527238251732{padding-top: 0px !important;}&#8220;][vc_column_text css=&#8220;.vc_custom_1617830883800{margin-bottom: 0px !important;}&#8220; el_class=&#8220;text-larger&#8220; text_larger=&#8220;no&#8220;]<\/p>\n<blockquote>\n<p>Sp\u00fclen Sie vor dem ersten Gebrauch die vier Discs und den F\u00fcll-L\u00f6ffel mit warmem Wasser.<\/p>\n<\/blockquote>\n<p>[\/vc_column_text][\/vc_column][\/vc_row][vc_row css=&#8220;.vc_custom_1528700432537{margin-right: 0px !important;margin-bottom: 25px !important;margin-left: 0px !important;border-top-width: 1px !important;border-right-width: 1px !important;border-bottom-width: 1px !important;border-left-width: 1px !important;padding-top: 30px !important;padding-right: 15px !important;padding-bottom: 30px !important;padding-left: 15px !important;background-color: #ffffff !important;border-left-color: #e7e7e7 !important;border-left-style: solid !important;border-right-color: #e7e7e7 !important;border-right-style: solid !important;border-top-color: #e7e7e7 !important;border-top-style: solid !important;border-bottom-color: #e7e7e7 !important;border-bottom-style: solid !important;}&#8220;][vc_column width=&#8220;2\/3&#8243; css=&#8220;.vc_custom_1527238251732{padding-top: 0px !important;}&#8220;]\t\t\t<div id=\"wd-606e248a66c44\" class=\"wd-text-block-wrapper wd-wpb wd-rs-606e248a66c44 color-scheme-dark text-left vc_custom_1617831055239\">\n\t\t\t\t<div class=\"woodmart-title-container woodmart-text-block reset-last-child font-primary wd-font-weight-600 \">\n\t\t\t\t\t1. Vorbereitung \u2013 Upcycling\t\t\t\t<\/div>\n\n\t\t\t\t\t\t\t<\/div>\n\t\t[vc_column_text css=&#8220;.vc_custom_1617831146772{margin-bottom: 0px !important;}&#8220; text_larger=&#8220;no&#8220; el_class=&#8220;text-larger&#8220;]<\/p>\n<ul>\n<li>W\u00e4hlen Sie zun\u00e4chst von Ihren original Vertuo<sup>\u00ae <\/sup>oder VertuoLine<sup>\u00ae<\/sup> Kapseln den gew\u00fcnschten Typen: Espresso, Double Espresso, Gran Lungo, Mug oder Alto. Die Gr\u00f6\u00dfe der Kapsel und der Strichcode am Deckelrand bestimmen Wassermenge, Druck und Temperatur, sowie die erforderliche Drehzahl f\u00fcr den Br\u00fchvorgang. Wenn Sie die Intensit\u00e4t Ihres Espresso \/ Kaffee steigern m\u00f6chten, beenden Sie einfach den Br\u00fchvorgang der Maschine vorzeitig, indem Sie die Start-\/Stopp-Taste dr\u00fccken. Das funktioniert bei jedem der f\u00fcnf Kapseltypen.<\/li>\n<li>Schneiden Sie mit dem kleinen Cutter am inneren Rand der Kapsel entlang die Schutzfolie aus. Am besten setzen Sie den Cutter in einem etwas 45\u00b0 Winkel an, damit ein sauberer Schnitt gelingt.<\/li>\n<li>Dieser Aluminium-Korpus ist nun Teil Ihrer wiederbef\u00fcllbaren Kapsel. Sie k\u00f6nnen Ihn mindestens 500 Mal verwenden, und m\u00fcssen ihn nicht nach nur einmaligem Gebrauch entsorgen.<\/li>\n<li>Kleine Dellen, die beim Waschen und Trocknen entstehen, k\u00f6nnen einfach an der Innenseite der Kapsel mit dem Finger gegl\u00e4ttet werden.<\/li>\n<\/ul>\n<p>[\/vc_column_text][\/vc_column][vc_column width=&#8220;1\/3&#8243;][vc_single_image image=&#8220;61666&#8243; img_size=&#8220;full&#8220; alignment=&#8220;right&#8220; parallax_scroll=&#8220;no&#8220;][\/vc_column][\/vc_row][vc_row full_width=&#8220;stretch_row&#8220; content_placement=&#8220;middle&#8220; css=&#8220;.vc_custom_1616481627402{margin-bottom: 2vh !important;padding-top: 6vh !important;padding-bottom: 2vh !important;background-color: #f9f9f9 !important;}&#8220; mobile_bg_img_hidden=&#8220;no&#8220; tablet_bg_img_hidden=&#8220;no&#8220; woodmart_parallax=&#8220;0&#8243; woodmart_gradient_switch=&#8220;no&#8220; row_reverse_mobile=&#8220;0&#8243; row_reverse_tablet=&#8220;0&#8243; woodmart_disable_overflow=&#8220;0&#8243;][vc_column width=&#8220;1\/2&#8243; el_class=&#8220;text-center&#8220; css=&#8220;.vc_custom_1616481610791{padding-top: 10px !important;}&#8220; mobile_bg_img_hidden=&#8220;no&#8220; tablet_bg_img_hidden=&#8220;no&#8220; woodmart_parallax=&#8220;0&#8243; woodmart_sticky_column=&#8220;false&#8220; parallax_scroll=&#8220;no&#8220; mobile_reset_margin=&#8220;no&#8220; tablet_reset_margin=&#8220;no&#8220;]\n\t\t<div id=\"wd-606e2506a14db\" class=\"title-wrapper wd-wpb wd-set-mb reset-last-child  wd-rs-606e2506a14db wd-title-color-default wd-title-style-default text-center vc_custom_1617831196220 wd-width-enabled wd-underline-colored\" style=\"--wd-max-width: 90%;\">\n\t\t\t\t\t\t\t\n\t\t\t\t<div class=\"title-subtitle  subtitle-color-default font-default subtitle-style-default wd-font-weight-600 wd-fontsize-xs\">MYCOFFEESTAR V-MULTIDISC<\/div>\n\t\t\t\n\t\t\t<div class=\"liner-continer\">\n\t\t\t\t<h4 class=\"woodmart-title-container title  wd-font-weight- wd-fontsize-l\" >UPCYCLING<\/h4>\n\t\t\t\t\t\t\t<\/div>\n\t\t\t\n\t\t\t\t\t\t\t<div class=\"title-after_title reset-last-child  wd-fontsize-xs\">Scheinbar nutzlose oder VERBRAUCHTE Rohstoffe werden in neuwertige Produkte umgewandelt und weiterhin sinnvoll GEBRAUCHT.<\/div>\n\t\t\t\n\t\t\t\n\t\t<\/div>\n\t\t\n\t\t[\/vc_column][vc_column width=&#8220;1\/2&#8243; css=&#8220;.vc_custom_1497620147329{padding-top: 10px !important;padding-bottom: 10px !important;}&#8220;][vc_single_image image=&#8220;61677&#8243; img_size=&#8220;full&#8220; alignment=&#8220;center&#8220; scroll_x=&#8220;0&#8243; scroll_y=&#8220;-35&#8243; scroll_z=&#8220;0&#8243; parallax_scroll=&#8220;yes&#8220;][\/vc_column][\/vc_row][vc_row css=&#8220;.vc_custom_1528700436855{margin-right: 0px !important;margin-bottom: 25px !important;margin-left: 0px !important;border-top-width: 1px !important;border-right-width: 1px !important;border-bottom-width: 1px !important;border-left-width: 1px !important;padding-top: 30px !important;padding-right: 15px !important;padding-bottom: 30px !important;padding-left: 15px !important;background-color: #ffffff !important;border-left-color: #e7e7e7 !important;border-left-style: solid !important;border-right-color: #e7e7e7 !important;border-right-style: solid !important;border-top-color: #e7e7e7 !important;border-top-style: solid !important;border-bottom-color: #e7e7e7 !important;border-bottom-style: solid !important;}&#8220;][vc_column css=&#8220;.vc_custom_1527238251732{padding-top: 0px !important;}&#8220;]\t\t\t<div id=\"wd-606e252aea0ea\" class=\"wd-text-block-wrapper wd-wpb wd-rs-606e252aea0ea color-scheme-dark text-left vc_custom_1617831234755\">\n\t\t\t\t<div class=\"woodmart-title-container woodmart-text-block reset-last-child font-primary wd-font-weight-600 \">\n\t\t\t\t\t2. <span class=\"has-inline-color\">Der passende Mahlgrad zum jeweiligen Kapseltyp<\/span>\t\t\t\t<\/div>\n\n\t\t\t\t\t\t\t<\/div>\n\t\t[vc_column_text css=&#8220;.vc_custom_1617831262320{margin-bottom: 0px !important;}&#8220; el_class=&#8220;text-larger&#8220; text_larger=&#8220;no&#8220;]<\/p>\n<ul>\n<li>Das beste Br\u00fchergebnis erhalten Sie mit frisch gemahlenen Kaffee- oder Espressobohnen. Mahlen Sie die Kaffeebohnen direkt vor der Bef\u00fcllung der Kapsel selbst oder lassen Sie Ihre Lieblingsbohne bei Ihrem Kaffeer\u00f6ster in der richtigen Stufe mahlen. Hochwertige Kaffeem\u00fchlen stehen auch in manchen Superm\u00e4rkten zur Verf\u00fcgung.<br \/>\nWenn Sie bereits gemahlenen Kaffee oder Espresso kaufen, bedenken Sie, dass der Mahlgrad bei den verschiedenen Sorten zwischen \u201cgrob\u201d, \u201cmittel\u201d und \u201cfein\u201d variiert.<\/li>\n<li>F\u00fcr die beiden Kapseln \u201cEspresso\u201d und \u201cDouble Espresso\u201d sollten die Espressobohnen \u201csehr fein\u201d gemahlen sein. Der Espresso flie\u00dft sehr langsam aus der Maschine und hat \u2013 je nach R\u00f6stung der Bohne \u2013 einen intensiven Geschmack.<\/li>\n<li>Bevorzugen Sie einen etwas leichteren Kaffeegeschmack, bef\u00fcllen Sie die Kapseltypen \u201cGran Lungo\u201d oder \u201cMug\u201d mit Kaffee- oder Espressobohnen, die \u201cfein\u201d gemahlen sind. Der Kaffee flie\u00dft bei diesen Kapseltypen auch schneller in die (gro\u00dfe) Tasse.<\/li>\n<li>M\u00f6chten Sie eine gr\u00f6\u00dfere Tasse mit leichtem Kaffee genie\u00dfen, verwenden Sie Kaffee der \u201cmittel\u201d gemahlen ist zur Wiederbef\u00fcllung der Kapsel \u201cAlto\u201d.<\/li>\n<\/ul>\n<p>[\/vc_column_text][\/vc_column][\/vc_row][vc_row css=&#8220;.vc_custom_1528700440423{margin-right: 0px !important;margin-bottom: 25px !important;margin-left: 0px !important;border-top-width: 1px !important;border-right-width: 1px !important;border-bottom-width: 1px !important;border-left-width: 1px !important;padding-top: 30px !important;padding-right: 15px !important;padding-bottom: 30px !important;padding-left: 15px !important;background-color: #ffffff !important;border-left-color: #e7e7e7 !important;border-left-style: solid !important;border-right-color: #e7e7e7 !important;border-right-style: solid !important;border-top-color: #e7e7e7 !important;border-top-style: solid !important;border-bottom-color: #e7e7e7 !important;border-bottom-style: solid !important;}&#8220;][vc_column width=&#8220;2\/3&#8243; css=&#8220;.vc_custom_1527238251732{padding-top: 0px !important;}&#8220;]\t\t\t<div id=\"wd-606e256a71d54\" class=\"wd-text-block-wrapper wd-wpb wd-rs-606e256a71d54 color-scheme-dark text-left vc_custom_1617831295000\">\n\t\t\t\t<div class=\"woodmart-title-container woodmart-text-block reset-last-child font-primary wd-font-weight-600 \">\n\t\t\t\t\t3. <strong>Wiederbef\u00fcllen der Kapsel \u2013 mit dem von Ihnen gew\u00e4hlten Kaffee <\/strong>\t\t\t\t<\/div>\n\n\t\t\t\t\t\t\t<\/div>\n\t\t[vc_column_text css=&#8220;.vc_custom_1617831528773{margin-bottom: 0px !important;}&#8220; el_class=&#8220;text-larger&#8220; text_larger=&#8220;no&#8220;]<\/p>\n<ul>\n<li>F\u00fcllen Sie die Kapsel \u2013 egal welche Kapselgr\u00f6\u00dfe \u2013 ganz bis zum Rand mit dem Kaffee Ihrer eigenen Wahl.<\/li>\n<li>Durch leichtes Klopfen der bef\u00fcllten Kapsel auf die Arbeitsplatte wird das Kaffeepulver regelm\u00e4\u00dfig verteilt. Zwei- bis Dreimal Klopfen reicht, ohne dass das Kaffeepulver zu sehr verdichtet wird.<\/li>\n<li>Legen Sie die Disc mit der flachen Seite nach oben auf den gemahlenen Kaffee. Pressen Sie nun, mit dem Daumen auf der Lochung in der Mitte, die Disc auf den Kapselkorpus.<\/li>\n<li>Wenn Sie sich f\u00fcr die \u201cEspresso\u201d Kapsel (40ml) entschieden haben, m\u00fcssen Sie bei der ersten eigenen Bef\u00fcllung die Disc etwas kr\u00e4ftiger anpressen, damit sich die Form des Kapselkorpus besser an die Disc anpasst.<\/li>\n<li>Drehen Sie die bef\u00fcllte Kapsel um und klopfen Sie das restliche Kaffeepulver mit dem Zeigefinger ab. Verschlie\u00dfen Sie dabei mit dem Daumen weiterhin das Loch in der Mitte der Disc.<\/li>\n<li>Legen Sie die Kapsel nun in die Maschine und starten Sie den Br\u00fchvorgang.<\/li>\n<li>Um eine intensivere Geschmacksnote zu erzielen, kann der Br\u00fchvorgang, w\u00e4hrend der Kaffee in die Tasse flie\u00dft, auch jederzeit durch Bet\u00e4tigung der Start\/Stop-Taste manuell beendet werden. Das funktioniert bei jeder Kapselgr\u00f6\u00dfe.<\/li>\n<\/ul>\n<div class=\"wp-block-media-text__content\"><\/div>\n<p>[\/vc_column_text][\/vc_column][vc_column width=&#8220;1\/3&#8243;][vc_images_carousel images=&#8220;61690,61687,61693,61696&#8243; img_size=&#8220;full&#8220; onclick=&#8220;link_no&#8220;][\/vc_column][\/vc_row][vc_row css=&#8220;.vc_custom_1528700440423{margin-right: 0px !important;margin-bottom: 25px !important;margin-left: 0px !important;border-top-width: 1px !important;border-right-width: 1px !important;border-bottom-width: 1px !important;border-left-width: 1px !important;padding-top: 30px !important;padding-right: 15px !important;padding-bottom: 30px !important;padding-left: 15px !important;background-color: #ffffff !important;border-left-color: #e7e7e7 !important;border-left-style: solid !important;border-right-color: #e7e7e7 !important;border-right-style: solid !important;border-top-color: #e7e7e7 !important;border-top-style: solid !important;border-bottom-color: #e7e7e7 !important;border-bottom-style: solid !important;}&#8220;][vc_column width=&#8220;2\/3&#8243; css=&#8220;.vc_custom_1527238251732{padding-top: 0px !important;}&#8220;]\t\t\t<div id=\"wd-606e26859b441\" class=\"wd-text-block-wrapper wd-wpb wd-rs-606e26859b441 color-scheme-dark text-left vc_custom_1617831567261\">\n\t\t\t\t<div class=\"woodmart-title-container woodmart-text-block reset-last-child font-primary wd-font-weight-600 \">\n\t\t\t\t\t4. <strong>Reinigung der Kapsel &amp; Disc<\/strong>\t\t\t\t<\/div>\n\n\t\t\t\t\t\t\t<\/div>\n\t\t[vc_column_text css=&#8220;.vc_custom_1617831709980{margin-bottom: 0px !important;}&#8220; el_class=&#8220;text-larger&#8220; text_larger=&#8220;no&#8220;]<\/p>\n<ul>\n<li>Nehmen Sie nach Gebrauch die Kapsel aus dem Auffangbeh\u00e4lter der Maschine. Heben Sie die Disc vom Kapselkorpus ab klopfen Sie den Kaffeesatz in den Biom\u00fcll.<\/li>\n<li>Sollten dabei kleine Dellen im Kapselkorpus entstehen, gl\u00e4tten Sie diese Dellen einfach an der Innenseite der Kapsel mit dem Finger.<\/li>\n<li>Reinigen Sie den Korpus der Kapsel und die Disc mit warmem Wasser. Verwenden Sie dazu kein Sp\u00fclmittel, da dies die Umwelt schont und keinen Beigeschmack bei der n\u00e4chsten Verwendung mitbringt.<\/li>\n<li>Vor dem n\u00e4chsten Gebrauch, empfehlen wir die Kapsel und die Disc sorgf\u00e4ltig zu trocknen. So vermeiden Sie, dass Kaffeepulver am Kapselrand oder auf der Disc haften bleibt.<\/li>\n<li>Kleine Dellen im Kapselkorpus k\u00f6nnen einfach an der Innenseite der Kapsel mit dem Finger gegl\u00e4ttet werden.<\/li>\n<\/ul>\n<p>[\/vc_column_text][\/vc_column][vc_column width=&#8220;1\/3&#8243;][vc_images_carousel images=&#8220;61702,61708,61705&#8243; img_size=&#8220;full&#8220; onclick=&#8220;link_no&#8220;][\/vc_column][\/vc_row]<\/p>\n<\/div>","protected":false},"excerpt":{"rendered":"<p>[vc_row full_width=&#8220;stretch_row_content&#8220; css=&#8220;.vc_custom_1712309922414{margin-top: -40px !important;margin-bottom: 8vh !important;padding-top: 8vh !important;padding-bottom: 8vh !important;background-color: #f8f8f8 !important;}&#8220; woodmart_css_id=&#8220;660fc693569aa&#8220; responsive_spacing=&#8220;eyJwYXJhbV90eXBlIjoid29vZG1hcnRfcmVzcG9uc2l2ZV9zcGFjaW5nIiwic2VsZWN0b3JfaWQiOiI2NjBmYzY5MzU2OWFhIiwic2hvcnRjb2RlIjoidmNfcm93IiwiZGF0YSI6eyJ0YWJsZXQiOnt9LCJtb2JpbGUiOnt9fX0=&#8220; mobile_bg_img_hidden=&#8220;no&#8220; tablet_bg_img_hidden=&#8220;no&#8220; woodmart_parallax=&#8220;0&#8243; woodmart_gradient_switch=&#8220;no&#8220; woodmart_box_shadow=&#8220;no&#8220;<\/p>\n","protected":false},"author":1,"featured_media":0,"parent":0,"menu_order":0,"comment_status":"closed","ping_status":"closed","template":"","meta":{"footnotes":""},"class_list":["post-62336","page","type-page","status-publish","hentry"],"_links":{"self":[{"href":"https:\/\/mycoffeestar.com\/de\/wp-json\/wp\/v2\/pages\/62336","targetHints":{"allow":["GET"]}}],"collection":[{"href":"https:\/\/mycoffeestar.com\/de\/wp-json\/wp\/v2\/pages"}],"about":[{"href":"https:\/\/mycoffeestar.com\/de\/wp-json\/wp\/v2\/types\/page"}],"author":[{"embeddable":true,"href":"https:\/\/mycoffeestar.com\/de\/wp-json\/wp\/v2\/users\/1"}],"replies":[{"embeddable":true,"href":"https:\/\/mycoffeestar.com\/de\/wp-json\/wp\/v2\/comments?post=62336"}],"version-history":[{"count":11,"href":"https:\/\/mycoffeestar.com\/de\/wp-json\/wp\/v2\/pages\/62336\/revisions"}],"predecessor-version":[{"id":66202,"href":"https:\/\/mycoffeestar.com\/de\/wp-json\/wp\/v2\/pages\/62336\/revisions\/66202"}],"wp:attachment":[{"href":"https:\/\/mycoffeestar.com\/de\/wp-json\/wp\/v2\/media?parent=62336"}],"curies":[{"name":"wp","href":"https:\/\/api.w.org\/{rel}","templated":true}]}}