{"id":66134,"date":"2017-08-02T11:41:42","date_gmt":"2017-08-02T11:41:42","guid":{"rendered":"https:\/\/www.mycoffeestar.com\/about-us-3\/"},"modified":"2024-08-08T13:36:27","modified_gmt":"2024-08-08T12:36:27","slug":"about-us-3","status":"publish","type":"page","link":"https:\/\/mycoffeestar.com\/de\/about-us-3\/","title":{"rendered":"\u00dcBER UNS"},"content":{"rendered":"<div class=\"wpb-content-wrapper\"><p>[vc_section full_width=&#8220;stretch_row&#8220; full_height=&#8220;yes&#8220; content_placement=&#8220;middle&#8220; woodmart_bg_position=&#8220;center-center&#8220; woodmart_gradient_switch=&#8220;yes&#8220; css=&#8220;.vc_custom_1501673639195{margin-bottom: 0px !important;padding-top: 20vh !important;padding-bottom: 20vh !important;background-image: url(https:\/\/dummy.xtemos.com\/woodmart\/demos\/wp-content\/uploads\/sites\/2\/2017\/06\/wood-main-bg.jpg?id=44) !important;background-position: center !important;background-repeat: no-repeat !important;background-size: cover !important;}&#8220; woodmart_color_gradient=&#8220;rgba(255, 255, 255, 0.9)-0\/rgba(255, 255, 255, 0)-41\/|linear-gradient(top , rgba(255, 255, 255, 0.9) , rgba(255, 255, 255, 0) 41%)|linear|top&#8220;][vc_row][vc_column][vc_single_image image=&#8220;66193&#8243; img_size=&#8220;medium&#8220; alignment=&#8220;center&#8220; parallax_scroll=&#8220;no&#8220; woodmart_inline=&#8220;no&#8220;]\n\t\t<div id=\"wd-660fb461104d1\" class=\"title-wrapper wd-wpb wd-set-mb reset-last-child  wd-rs-660fb461104d1 wd-title-color-default wd-title-style-default text-center  wd-underline-colored\">\n\t\t\t\n\t\t\t<div class=\"liner-continer\">\n\t\t\t\t<h4 class=\"woodmart-title-container title  wd-font-weight- wd-fontsize-l\" >Unsere Geschichte<\/h4>\n\t\t\t\t\t\t\t<\/div>\n\t\t\t\n\t\t\t\n\t\t\t\n\t\t<\/div>\n\t\t\n\t\t[\/vc_column][\/vc_row][vc_row][vc_column][vc_column_text woodmart_inline=&#8220;no&#8220; text_larger=&#8220;no&#8220;]Willkommen bei MyCoffeestar.com, Ihrer ultimativen Anlaufstelle f\u00fcr innovative und umweltfreundliche Kaffeel\u00f6sungen. Im Jahr 2024 \u00fcbernahmen wir die Leitung eines 2013 gegr\u00fcndeten Unternehmens, das bereits mit der Entwicklung der allerersten wiederverwendbaren Kaffeekapsel f\u00fcr das Nespresso-System f\u00fcr Furore in der Kaffeebranche gesorgt hatte. Aufbauend auf dieser bahnbrechenden Errungenschaft wurde die Produktpalette um wiederverwendbare Kapseln erweitert, die mit verschiedenen Kaffeesystemen kompatibel sind und das Engagement f\u00fcr Nachhaltigkeit und Qualit\u00e4t bekr\u00e4ftigen.<\/p>\n<p>Mit mehr als einem Jahrzehnt Erfahrung in der Kaffeebranche bringt unser Eigent\u00fcmer eine F\u00fclle von Fachwissen und Leidenschaft mit. Angetrieben von einer tiefen Liebe zum Kaffee und dem Wunsch, etwas zu bewirken, war die Entscheidung, den Weg in die Selbstst\u00e4ndigkeit einzuschlagen und MyCoffeestar.com zu \u00fcbernehmen, eine nat\u00fcrliche Entwicklung.<\/p>\n<p>Als junger Vater ist sich unser Inhaber bewusst, wie wichtig es ist, den Planeten f\u00fcr k\u00fcnftige Generationen zu bewahren. Aus diesem Grund steht Nachhaltigkeit im Mittelpunkt unseres Handelns. Indem wir wiederverwendbare Kaffeekapseln anbieten, wollen wir Abfall reduzieren und unseren \u00f6kologischen Fussabdruck minimieren, um zu einer saubereren und gr\u00fcneren Zukunft beizutragen.<\/p>\n<p>Aber unser Auftrag geht \u00fcber die Verantwortung f\u00fcr die Umwelt hinaus. Wir haben es uns zur Aufgabe gemacht, das Kaffeeerlebnis f\u00fcr Kaffeeliebhaber weltweit zu verbessern. Unsere wiederverwendbaren Kapseln erm\u00f6glichen es Kaffeeliebhabern, ihre Lieblingsmischungen auszuw\u00e4hlen und so bei jeder Tasse einen individuellen und hochwertigen Kaffeegenuss zu gew\u00e4hrleisten. Dar\u00fcber hinaus bieten wir eine erschwingliche Alternative zu den herk\u00f6mmlichen Einwegkapseln, um gro\u00dfartigen Kaffee f\u00fcr alle zug\u00e4nglich zu machen, ohne Kompromisse bei Geschmack und Komfort einzugehen.<\/p>\n<p>Mit Sitz in der Schweiz, die f\u00fcr ihre reiche Kaffeekultur und ihr Engagement f\u00fcr Spitzenleistungen bekannt ist, sind wir stolz auf unser Schweizer Erbe. Von unserer unber\u00fchrten Bergwelt bis hin zu unserer Liebe zum Detail &#8211; Schweizer Handwerkskunst durchdringt jeden Aspekt unseres Gesch\u00e4fts. Und auch wenn unsere Wurzeln fest in der Schweiz verankert sind, kennt unsere Reichweite keine Grenzen. Mit unserer globalen Pr\u00e4senz wollen wir unsere Leidenschaft f\u00fcr nachhaltige Kaffeel\u00f6sungen mit Liebhabern auf der ganzen Welt teilen.<\/p>\n<p>Auf MyCoffeestar.com brauen wir nicht nur Kaffee, sondern auch eine bessere Zukunft &#8211; eine Tasse nach der anderen. Begleiten Sie uns auf unserem Weg zu einer nachhaltigeren, schmackhafteren und inklusiveren Kaffeekultur.[\/vc_column_text][\/vc_column][\/vc_row][\/vc_section][vc_row][vc_column][\/vc_column][\/vc_row]<\/p>\n<\/div>","protected":false},"excerpt":{"rendered":"<p>[vc_section full_width=&#8220;stretch_row&#8220; full_height=&#8220;yes&#8220; content_placement=&#8220;middle&#8220; woodmart_bg_position=&#8220;center-center&#8220; woodmart_gradient_switch=&#8220;yes&#8220; css=&#8220;.vc_custom_1501673639195{margin-bottom: 0px !important;padding-top: 20vh !important;padding-bottom: 20vh !important;background-image: url(https:\/\/dummy.xtemos.com\/woodmart\/demos\/wp-content\/uploads\/sites\/2\/2017\/06\/wood-main-bg.jpg?id=44) !important;background-position: center !important;background-repeat: no-repeat !important;background-size: cover<\/p>\n","protected":false},"author":1,"featured_media":0,"parent":0,"menu_order":0,"comment_status":"closed","ping_status":"closed","template":"","meta":{"footnotes":""},"class_list":["post-66134","page","type-page","status-publish","hentry"],"_links":{"self":[{"href":"https:\/\/mycoffeestar.com\/de\/wp-json\/wp\/v2\/pages\/66134","targetHints":{"allow":["GET"]}}],"collection":[{"href":"https:\/\/mycoffeestar.com\/de\/wp-json\/wp\/v2\/pages"}],"about":[{"href":"https:\/\/mycoffeestar.com\/de\/wp-json\/wp\/v2\/types\/page"}],"author":[{"embeddable":true,"href":"https:\/\/mycoffeestar.com\/de\/wp-json\/wp\/v2\/users\/1"}],"replies":[{"embeddable":true,"href":"https:\/\/mycoffeestar.com\/de\/wp-json\/wp\/v2\/comments?post=66134"}],"version-history":[{"count":13,"href":"https:\/\/mycoffeestar.com\/de\/wp-json\/wp\/v2\/pages\/66134\/revisions"}],"predecessor-version":[{"id":66332,"href":"https:\/\/mycoffeestar.com\/de\/wp-json\/wp\/v2\/pages\/66134\/revisions\/66332"}],"wp:attachment":[{"href":"https:\/\/mycoffeestar.com\/de\/wp-json\/wp\/v2\/media?parent=66134"}],"curies":[{"name":"wp","href":"https:\/\/api.w.org\/{rel}","templated":true}]}}