{"id":63166,"date":"2014-12-01T11:00:31","date_gmt":"2014-12-01T10:00:31","guid":{"rendered":"https:\/\/www.mycoffeestar.com\/product\/capsule-gamma\/"},"modified":"2024-04-04T18:41:52","modified_gmt":"2024-04-04T17:41:52","slug":"capsule-gamma","status":"publish","type":"product","link":"https:\/\/mycoffeestar.com\/de\/produkt\/capsule-gamma\/","title":{"rendered":"STARTER SET"},"content":{"rendered":"<p>Die wiederbef\u00fcllbare Kaffeekapsel aus Edelstahl von <strong><em>my<\/em><\/strong><em>coffee<strong>star<\/strong> <\/em>ist kompatibel mit allen Nespresso-Kapselmaschinen ab dem Baujahr 2003 (ausgenommen Essenza Mini oder Plus). Das sind Nespresso-Maschinen mit drei Einstichnadeln.<\/p>\n<p>Nespresso-Maschinen \u00e4lteren Baujahrs (vor 2003) haben nur eine Nadel, mit der Wegwerfkapseln aus Aluminium angestochen werden. Die Edelstahlkapsel von <strong><em>my<\/em><\/strong><em>coffee<strong>star<\/strong> <\/em>ist f\u00fcr diese Maschinen NICHT geeignet.<\/p>\n<p>Um zu \u00fcberpr\u00fcfen, wie viele Nadeln Ihre Nespresso-Maschinen hat, legen Sie einfach eine Wegwerfkapsel aus Aluminium ein und schlie\u00dfen Sie den Hebel bzw. Schieber. \u00d6ffnen Sie dann den Hebel \/Schieber wieder und entnehmen Sie die gebrauchte Kapsel aus dem Auffangbeh\u00e4lter. \u00dcberpr\u00fcfen Sie die schm\u00e4lere Seite der Alu-Kapsel:<\/p>\n<ul>\n<li>Sehen Sie hier eine zentrale Einstichstelle, dann ist die Edelstahlkapsel von <strong><em>my<\/em><\/strong><em>coffee<strong>star<\/strong> <\/em>NICHT f\u00fcr die Maschine geeignet.<\/li>\n<li>Sind aber drei Einstichstellen zu sehen, dann ist die Edelstahlkapsel von <strong><em>my<\/em><\/strong><em>coffee<strong>star<\/strong> <\/em>f\u00fcr Ihre Maschine geeignet<\/li>\n<\/ul>\n<p>Die Edelstahlkapsel von mycoffeestar ist NICHT geeignet f\u00fcr andere Kapselsysteme, wie Dolce Gusto, Lavazza, Tassimo, Delizio etc. und auch nicht f\u00fcr Nespresso-Maschinen f\u00fcr Pads.<\/p>\n<h5><span style=\"color: #83b735;\"><strong>Dichtungsringe<\/strong><\/span><\/h5>\n<p>F\u00fcr die meisten Nespresso Maschinen (ab dem Baujahr 2010) m\u00fcssen Sie einen der mitgelieferten Dichtungsringe an der Kapsel anbringen um die Kapselhalterung abzudichten. Im Lieferumfang jedes Kapselsets, sind zwei Dichtungsringe enthalten. Bitte bewahren Sie den 2. Dichtungsring als Ersatz gut auf.<\/p>\n<p>Der Dichtungsring wird am besten auf die geschlossene Kapsel gerollt bis dieser am Deckelrand aufliegt.<\/p>\n<p>Sie k\u00f6nnen den Dichtungsring nach dem Br\u00fchvorgang und beim Reinigen der Kapsel am Deckel belassen. Der Dichtungsring sollte nur entfernt werden, wenn Sie die Kapsel im Geschirrsp\u00fcler oder mit Scheuermitteln reinigen m\u00f6chten. Jeder Dichtungsring h\u00e4lt so f\u00fcr mindestens 500 Anwendungen.<\/p>\n<p>Wenn Sie weitere Dichtungsringe brauchen, k\u00f6nnen Sie diese \u00fcber unseren Shop unter bestellen.<\/p>\n","protected":false},"excerpt":{"rendered":"<h5><span style=\"color: #83b735;\">Das STARTER SET GAMMA besteht aus:<\/span><\/h5>\n<ul>\n<li>1 wiederbef\u00fcllbaren GAMMA Kapsel aus Edelstahl f\u00fcr Nespresso\u00ae Maschinen<\/li>\n<li>2 Dichtungsringen<\/li>\n<li>1 Kaffeeprobe (um den richtigen Mahlgrad zu bestimmen)<\/li>\n<li>1 kurzen Anleitung<\/li>\n<\/ul>\n","protected":false},"featured_media":65734,"template":"","meta":[],"product_brand":[],"product_cat":[158],"product_tag":[],"class_list":{"0":"post-63166","1":"product","2":"type-product","3":"status-publish","4":"has-post-thumbnail","6":"product_cat-nespresso-de","7":"product_shipping_class-medium-de","9":"first","10":"instock","11":"taxable","12":"shipping-taxable","13":"purchasable","14":"product-type-simple"},"_links":{"self":[{"href":"https:\/\/mycoffeestar.com\/de\/wp-json\/wp\/v2\/product\/63166","targetHints":{"allow":["GET"]}}],"collection":[{"href":"https:\/\/mycoffeestar.com\/de\/wp-json\/wp\/v2\/product"}],"about":[{"href":"https:\/\/mycoffeestar.com\/de\/wp-json\/wp\/v2\/types\/product"}],"wp:featuredmedia":[{"embeddable":true,"href":"https:\/\/mycoffeestar.com\/de\/wp-json\/wp\/v2\/media\/65734"}],"wp:attachment":[{"href":"https:\/\/mycoffeestar.com\/de\/wp-json\/wp\/v2\/media?parent=63166"}],"wp:term":[{"taxonomy":"product_brand","embeddable":true,"href":"https:\/\/mycoffeestar.com\/de\/wp-json\/wp\/v2\/product_brand?post=63166"},{"taxonomy":"product_cat","embeddable":true,"href":"https:\/\/mycoffeestar.com\/de\/wp-json\/wp\/v2\/product_cat?post=63166"},{"taxonomy":"product_tag","embeddable":true,"href":"https:\/\/mycoffeestar.com\/de\/wp-json\/wp\/v2\/product_tag?post=63166"}],"curies":[{"name":"wp","href":"https:\/\/api.w.org\/{rel}","templated":true}]}}