{"id":65719,"date":"2024-04-02T10:05:20","date_gmt":"2024-04-02T09:05:20","guid":{"rendered":"https:\/\/www.mycoffeestar.com\/?post_type=product&#038;p=65719"},"modified":"2024-09-01T00:01:45","modified_gmt":"2024-08-31T23:01:45","slug":"kaffee-gemahlen-james-espresso-250-gramm","status":"publish","type":"product","link":"https:\/\/mycoffeestar.com\/de\/produkt\/kaffee-gemahlen-james-espresso-250-gramm\/","title":{"rendered":"Kaffee gemahlen: James Espresso 250 gramm"},"content":{"rendered":"<div class=\"rich-text__text rte\">\n<h2>Die Besonderheit dieser R\u00f6stung<\/h2>\n<p>Diese Mischung schonend gero\u0308steter Kaffeebohnen verko\u0308rpert Durchsetzungsvermo\u0308gen, Vorstellungskraft und Unbeirrbarkeit. Die Ro\u0308stung zeichnet sich durch ausgewogene Sa\u0308ure, einen wu\u0308rzigen Ko\u0308rper und einen Hauch von Schokolade und Caramel im Abgang aus.<\/p>\n<p>Dieser Kaffee ist ein Allesko\u0308nner! Er u\u0308berzeugt sowohl als gehaltvoller Espresso und Americano als auch als harmonischer Cappuccino. Kombiniert mit Milch kommen die Schokoladennoten versta\u0308rkt zur Geltung.<\/p>\n<\/div>\n<div class=\"rich-text__text rte\">\n<h2>Trinken bis<\/h2>\n<p>Wir empfehlen unsere Bohnenkaffees innert 6 Monaten ab Ro\u0308stdatum zu trinken.<\/p>\n<\/div>\n<div class=\"rich-text__text rte\">\n<h2>Verwendung<\/h2>\n<p>Cappucino, Espresso, Americano<\/p>\n<\/div>\n<div class=\"rich-text__text rte\">\n<h2>Bohnen<\/h2>\n<p>Herkunft:\u00a0<strong>Peru<\/strong><br \/>\nBohnen-Variet\u00e4t:\u00a0<strong>Arabica (Caturra, Typica, Pache, Bourbon, Catimor)<\/strong><br \/>\nVerarbeitung:\u00a0<strong>handgepfl\u00fcckt,\u00a0<\/strong><strong>gewaschen<\/strong><\/p>\n<p>Herkunft:\u00a0<strong>Kolumbien<\/strong><br \/>\nBohnen-Variet\u00e4t:\u00a0<strong>Arabica<\/strong><br \/>\nVerarbeitung:\u00a0<strong>gewaschen<\/strong><\/p>\n<p>Herkunft:\u00a0<strong>Indien<\/strong><br \/>\nBohnen-Variet\u00e4t:\u00a0<strong>Robusta (Parchment AB)<\/strong><br \/>\nVerarbeitung:\u00a0<strong>gewaschen<\/strong><\/p>\n<p>Herkunft:\u00a0<strong>Indien<\/strong><br \/>\nBohnen-Variet\u00e4t:\u00a0<strong>Robusta (Cherry A)<\/strong><br \/>\nVerarbeitung:\u00a0<strong>ungewaschen,\u00a0<\/strong><strong>sonnengetrocknet<\/strong><\/p>\n<\/div>\n","protected":false},"excerpt":{"rendered":"<h5><span style=\"color: #83b735;\">250 Gramm perfekt gemahlener Kaffee:<\/span><\/h5>\n<ul>\n<li>F\u00fcr die wiederbef\u00fcllbaren Kaffeekapseln von MyCoffeestar f\u00fcr NESPRESSO\u00ae sowie NESPRESSO VERTUO\u00ae &amp; VERTUOLINE\u00ae<\/li>\n<li>ca. 60 Portionen f\u00fcr NESPRESSO\u00ae oder ca. 25 Portionen f\u00fcr NESPRESSO VERTUO\u00ae &amp; VERTUOLINE\u00ae<\/li>\n<li>Klassisch italienischer Espresso Geschmack<\/li>\n<\/ul>\n","protected":false},"featured_media":65853,"template":"","meta":[],"product_brand":[],"product_cat":[194],"product_tag":[],"class_list":{"0":"post-65719","1":"product","2":"type-product","3":"status-publish","4":"has-post-thumbnail","6":"product_cat-coffee-de","7":"product_shipping_class-schweiz-liechtenstein-de-l","9":"first","10":"outofstock","11":"taxable","12":"shipping-taxable","13":"purchasable","14":"product-type-simple"},"_links":{"self":[{"href":"https:\/\/mycoffeestar.com\/de\/wp-json\/wp\/v2\/product\/65719","targetHints":{"allow":["GET"]}}],"collection":[{"href":"https:\/\/mycoffeestar.com\/de\/wp-json\/wp\/v2\/product"}],"about":[{"href":"https:\/\/mycoffeestar.com\/de\/wp-json\/wp\/v2\/types\/product"}],"wp:featuredmedia":[{"embeddable":true,"href":"https:\/\/mycoffeestar.com\/de\/wp-json\/wp\/v2\/media\/65853"}],"wp:attachment":[{"href":"https:\/\/mycoffeestar.com\/de\/wp-json\/wp\/v2\/media?parent=65719"}],"wp:term":[{"taxonomy":"product_brand","embeddable":true,"href":"https:\/\/mycoffeestar.com\/de\/wp-json\/wp\/v2\/product_brand?post=65719"},{"taxonomy":"product_cat","embeddable":true,"href":"https:\/\/mycoffeestar.com\/de\/wp-json\/wp\/v2\/product_cat?post=65719"},{"taxonomy":"product_tag","embeddable":true,"href":"https:\/\/mycoffeestar.com\/de\/wp-json\/wp\/v2\/product_tag?post=65719"}],"curies":[{"name":"wp","href":"https:\/\/api.w.org\/{rel}","templated":true}]}}