{"id":62319,"date":"2021-03-22T11:57:52","date_gmt":"2021-03-22T10:57:52","guid":{"rendered":"https:\/\/www.mycoffeestar.com\/how-to-use-for-nespresso\/"},"modified":"2024-04-05T12:02:32","modified_gmt":"2024-04-05T11:02:32","slug":"how-to-use-for-nespresso","status":"publish","type":"page","link":"https:\/\/mycoffeestar.com\/fr\/how-to-use-for-nespresso\/","title":{"rendered":"Nespresso instructions"},"content":{"rendered":"<div class=\"wpb-content-wrapper\"><p>[vc_row full_width=\u00a0\u00bbstretch_row_content\u00a0\u00bb css=\u00a0\u00bb.vc_custom_1712314893206{margin-top: -40px !important;margin-bottom: 8vh !important;padding-top: 8vh !important;padding-bottom: 8vh !important;background-color: #f8f8f8 !important;}\u00a0\u00bb woodmart_css_id=\u00a0\u00bb660fda079f978&Prime; responsive_spacing=\u00a0\u00bbeyJwYXJhbV90eXBlIjoid29vZG1hcnRfcmVzcG9uc2l2ZV9zcGFjaW5nIiwic2VsZWN0b3JfaWQiOiI2NjBmZGEwNzlmOTc4Iiwic2hvcnRjb2RlIjoidmNfcm93IiwiZGF0YSI6eyJ0YWJsZXQiOnt9LCJtb2JpbGUiOnt9fX0=\u00a0\u00bb mobile_bg_img_hidden=\u00a0\u00bbno\u00a0\u00bb tablet_bg_img_hidden=\u00a0\u00bbno\u00a0\u00bb woodmart_parallax=\u00a0\u00bb0&Prime; woodmart_gradient_switch=\u00a0\u00bbno\u00a0\u00bb woodmart_box_shadow=\u00a0\u00bbno\u00a0\u00bb wd_z_index=\u00a0\u00bbno\u00a0\u00bb woodmart_disable_overflow=\u00a0\u00bb0&Prime; row_reverse_mobile=\u00a0\u00bb0&Prime; row_reverse_tablet=\u00a0\u00bb0&Prime;][vc_column width=\u00a0\u00bb1\/2&Prime; offset=\u00a0\u00bbvc_col-sm-offset-3&Prime; css=\u00a0\u00bb.vc_custom_1527239539599{padding-top: 0px !important;}\u00a0\u00bb]\t\t\t<div class=\"info-box-wrapper\">\n\t\t\t\t<div id=\"wd-660bbb19ceb54\" class=\" wd-rs-660bbb19ceb54 wd-info-box wd-wpb text-center box-icon-align-top box-style- color-scheme- wd-bg-none vc_custom_1712044830832\">\n\t\t\t\t\t\t\t\t\t\t<div class=\"info-box-content\">\n\t\t\t\t\t\t\t\t\t\t\t\t<div class=\"info-box-inner reset-last-child\"><\/div>\n\n\t\t\t\t\t\t\t\t\t\t\t<\/div>\n\n\t\t\t\t\t\t\t\t\t\t\t<a class=\"wd-info-box-link wd-fill\" aria-label=\"Infobox link\" href=\"|||\" title=\"\"><\/a>\n\t\t\t\t\t\n\t\t\t\t\t\t\t\t\t<\/div>\n\t\t\t<\/div>\n\t\t\n\t\t<div id=\"wd-606e1e515a832\" class=\"title-wrapper wd-wpb wd-set-mb reset-last-child  wd-rs-606e1e515a832 wd-title-color-default wd-title-style-default text-center vc_custom_1617829473888 wd-underline-colored\">\n\t\t\t\n\t\t\t<div class=\"liner-continer\">\n\t\t\t\t<h3 class=\"woodmart-title-container title  wd-font-weight- wd-fontsize-l\" >INSTRUCTIONS D'UTILISATION DE NOS PRODUITS<\/h3>\n\t\t\t\t\t\t\t<\/div>\n\t\t\t\n\t\t\t\n\t\t\t\n\t\t<\/div>\n\t\t\n\t\t[vc_column_text css=\u00a0\u00bb.vc_custom_1712314905891{margin-bottom: 0px !important;}\u00a0\u00bb el_class=\u00a0\u00bbtext-larger\u00a0\u00bb text_larger=\u00a0\u00bbno\u00a0\u00bb woodmart_inline=\u00a0\u00bbno\u00a0\u00bb]<\/p>\n<p style=\"text-align: center;\"><span class=\"VIiyi\" lang=\"fr\"><span class=\"JLqJ4b ChMk0b\" data-language-for-alternatives=\"fr\" data-language-to-translate-into=\"en\" data-phrase-index=\"0\">Dans cette section, vous pouvez en savoir plus sur l&rsquo;utilisation des produits mycoffeestar avec votre machine \u00e0 caf\u00e9.<\/span> <span class=\"JLqJ4b ChMk0b\" data-language-for-alternatives=\"fr\" data-language-to-translate-into=\"en\" data-phrase-index=\"1\">Vous pouvez \u00e9galement trouver plus de mat\u00e9riel vid\u00e9o sur cette page. <\/span><\/span><span class=\"VIiyi\" lang=\"fr\"><span class=\"JLqJ4b ChMk0b\" data-language-for-alternatives=\"fr\" data-language-to-translate-into=\"en\" data-phrase-index=\"3\">Si vous avez d&rsquo;autres questions sur l&rsquo;utilisation de nos produits, n&rsquo;h\u00e9sitez pas \u00e0 nous contacter via support@mycoffeestar.com<\/span><\/span><\/p>\n<p>[\/vc_column_text][\/vc_column][\/vc_row][vc_row][vc_column css=\u00a0\u00bb.vc_custom_1527240190798{padding-top: 0px !important;}\u00a0\u00bb]\n\t\t<div id=\"wd-606e1e6baf42b\" class=\"title-wrapper wd-wpb wd-set-mb reset-last-child  wd-rs-606e1e6baf42b wd-title-color-default wd-title-style-default text-center  wd-underline-colored\">\n\t\t\t\n\t\t\t<div class=\"liner-continer\">\n\t\t\t\t<h3 class=\"woodmart-title-container title  wd-font-weight- wd-fontsize-l\" >COMMENT UTILISER LA CAPSULE MYCOFFEESTAR GAMMA AVEC LES MACHINES NESPRESSO<\/h3>\n\t\t\t\t\t\t\t<\/div>\n\t\t\t\n\t\t\t\n\t\t\t\n\t\t<\/div>\n\t\t\n\t\t[\/vc_column][\/vc_row][vc_row css=\u00a0\u00bb.vc_custom_1528700414903{margin-right: 0px !important;margin-bottom: 25px !important;margin-left: 0px !important;border-top-width: 1px !important;border-right-width: 1px !important;border-bottom-width: 1px !important;border-left-width: 1px !important;padding-top: 30px !important;padding-right: 15px !important;padding-bottom: 30px !important;padding-left: 15px !important;background-color: #ffffff !important;border-left-color: #e7e7e7 !important;border-left-style: solid !important;border-right-color: #e7e7e7 !important;border-right-style: solid !important;border-top-color: #e7e7e7 !important;border-top-style: solid !important;border-bottom-color: #e7e7e7 !important;border-bottom-style: solid !important;}\u00a0\u00bb][vc_column css=\u00a0\u00bb.vc_custom_1527238251732{padding-top: 0px !important;}\u00a0\u00bb]\t\t\t<div id=\"wd-606e1f3880a90\" class=\"wd-text-block-wrapper wd-wpb wd-rs-606e1f3880a90 color-scheme-dark text-left vc_custom_1617829717851\">\n\t\t\t\t<div class=\"woodmart-title-container woodmart-text-block reset-last-child font-primary wd-font-weight-600 \">\n\t\t\t\t\t1. INSTALL\u00c9 LE JOINT EN SILICONE\t\t\t\t<\/div>\n\n\t\t\t\t\t\t\t<\/div>\n\t\t[vc_column_text css=\u00a0\u00bb.vc_custom_1617829682847{margin-bottom: 0px !important;}\u00a0\u00bb el_class=\u00a0\u00bbtext-larger\u00a0\u00bb text_larger=\u00a0\u00bbno\u00a0\u00bb]V\u00e9rifier d\u2019avoir <strong>correctement install\u00e9 le joint en silicone<\/strong> fournis. Faites rouler d\u00e9licatement l\u2019un des joints en silicone sur la capsule ferm\u00e9e\u00a0 jusqu\u2019\u00e0 ce que le joint soit pos\u00e9 sur le bord du couvercle. Voir aussi la\u00a0 vid\u00e9o: <a href=\"https:\/\/www.youtube.com\/watch?v=Mg-S96_tdYo\">https:\/\/www.youtube.com\/watch?v=Mg-S96_tdYo<\/a>[\/vc_column_text][\/vc_column][\/vc_row][vc_row css=\u00a0\u00bb.vc_custom_1528700432537{margin-right: 0px !important;margin-bottom: 25px !important;margin-left: 0px !important;border-top-width: 1px !important;border-right-width: 1px !important;border-bottom-width: 1px !important;border-left-width: 1px !important;padding-top: 30px !important;padding-right: 15px !important;padding-bottom: 30px !important;padding-left: 15px !important;background-color: #ffffff !important;border-left-color: #e7e7e7 !important;border-left-style: solid !important;border-right-color: #e7e7e7 !important;border-right-style: solid !important;border-top-color: #e7e7e7 !important;border-top-style: solid !important;border-bottom-color: #e7e7e7 !important;border-bottom-style: solid !important;}\u00a0\u00bb][vc_column css=\u00a0\u00bb.vc_custom_1527238251732{padding-top: 0px !important;}\u00a0\u00bb]\t\t\t<div id=\"wd-606e1f62eb437\" class=\"wd-text-block-wrapper wd-wpb wd-rs-606e1f62eb437 color-scheme-dark text-left vc_custom_1617829754170\">\n\t\t\t\t<div class=\"woodmart-title-container woodmart-text-block reset-last-child font-primary wd-font-weight-600 \">\n\t\t\t\t\t2. <span class=\"VIiyi\" lang=\"fr\"><span class=\"JLqJ4b ChMk0b\" data-language-for-alternatives=\"fr\" data-language-to-translate-into=\"en\" data-phrase-index=\"0\">QUELS GRAINS DE CAF\u00c9 UTILISER<\/span><\/span>\t\t\t\t<\/div>\n\n\t\t\t\t\t\t\t<\/div>\n\t\t[vc_column_text css=\u00a0\u00bb.vc_custom_1617829775594{margin-bottom: 0px !important;}\u00a0\u00bb text_larger=\u00a0\u00bbno\u00a0\u00bb el_class=\u00a0\u00bbtext-larger\u00a0\u00bb]<strong>Utilisez des grains de caf\u00e9 de qualit\u00e9, de pr\u00e9f\u00e9rence fra\u00eechement moulus <\/strong>(torr\u00e9faction plus forte, au moins 20-25% de Robusta). L\u2019\u00e9chantillon de caf\u00e9 fourni lors votre achat illustre le degr\u00e9 de mouture adapt\u00e9e.[\/vc_column_text][\/vc_column][\/vc_row][vc_row css=\u00a0\u00bb.vc_custom_1528700436855{margin-right: 0px !important;margin-bottom: 25px !important;margin-left: 0px !important;border-top-width: 1px !important;border-right-width: 1px !important;border-bottom-width: 1px !important;border-left-width: 1px !important;padding-top: 30px !important;padding-right: 15px !important;padding-bottom: 30px !important;padding-left: 15px !important;background-color: #ffffff !important;border-left-color: #e7e7e7 !important;border-left-style: solid !important;border-right-color: #e7e7e7 !important;border-right-style: solid !important;border-top-color: #e7e7e7 !important;border-top-style: solid !important;border-bottom-color: #e7e7e7 !important;border-bottom-style: solid !important;}\u00a0\u00bb][vc_column css=\u00a0\u00bb.vc_custom_1527238251732{padding-top: 0px !important;}\u00a0\u00bb]\t\t\t<div id=\"wd-606e1f9923c64\" class=\"wd-text-block-wrapper wd-wpb wd-rs-606e1f9923c64 color-scheme-dark text-left vc_custom_1617829886132\">\n\t\t\t\t<div class=\"woodmart-title-container woodmart-text-block reset-last-child font-primary wd-font-weight-600 \">\n\t\t\t\t\t3. LE DEGR\u00c9 DE MOUTURE OPTIMALE\t\t\t\t<\/div>\n\n\t\t\t\t\t\t\t<\/div>\n\t\t[vc_column_text css=\u00a0\u00bb.vc_custom_1617829945523{margin-bottom: 0px !important;}\u00a0\u00bb el_class=\u00a0\u00bbtext-larger\u00a0\u00bb text_larger=\u00a0\u00bbno\u00a0\u00bb]<\/p>\n<ul>\n<li>Le degr\u00e9 de mouture optimale est \u00ab fin \u00e0 tr\u00e8s fin \u00bb, selon les propri\u00e9t\u00e9s de grains choisis (teneur en eau par exemple, etc.)<\/li>\n<li>Comme pour des cafeti\u00e8res \u00e0 piston ou des cafeti\u00e8res italiennes, il faut au d\u00e9but un peu de temps et de patience pour trouver le caf\u00e9 appropri\u00e9, la mouture et la quantit\u00e9 adapt\u00e9es. L\u2019effort en vaut la peine!<\/li>\n<li>Si vous ne poss\u00e9dez pas de moulin \u00e0 caf\u00e9, nous vous recommandons de demander dans une br\u00fblerie locale deux ou trois \u00e9chantillons d\u2019un m\u00e9lange de caf\u00e9 de qualit\u00e9, avec mouture \u00ab fine \u00bb \u00e0 \u00ab tr\u00e8s fine \u00bb, afin de voir quelle mouture convient le mieux.<\/li>\n<\/ul>\n<p>[\/vc_column_text][\/vc_column][\/vc_row][vc_row css=\u00a0\u00bb.vc_custom_1528700440423{margin-right: 0px !important;margin-bottom: 25px !important;margin-left: 0px !important;border-top-width: 1px !important;border-right-width: 1px !important;border-bottom-width: 1px !important;border-left-width: 1px !important;padding-top: 30px !important;padding-right: 15px !important;padding-bottom: 30px !important;padding-left: 15px !important;background-color: #ffffff !important;border-left-color: #e7e7e7 !important;border-left-style: solid !important;border-right-color: #e7e7e7 !important;border-right-style: solid !important;border-top-color: #e7e7e7 !important;border-top-style: solid !important;border-bottom-color: #e7e7e7 !important;border-bottom-style: solid !important;}\u00a0\u00bb][vc_column css=\u00a0\u00bb.vc_custom_1527238251732{padding-top: 0px !important;}\u00a0\u00bb]\t\t\t<div id=\"wd-606e206849141\" class=\"wd-text-block-wrapper wd-wpb wd-rs-606e206849141 color-scheme-dark text-left vc_custom_1617830006742\">\n\t\t\t\t<div class=\"woodmart-title-container woodmart-text-block reset-last-child font-primary wd-font-weight-600 \">\n\t\t\t\t\t4. <span class=\"VIiyi\" lang=\"fr\"><span class=\"JLqJ4b ChMk0b\" data-language-for-alternatives=\"fr\" data-language-to-translate-into=\"de\" data-phrase-index=\"0\">REMPLISSAGE DE LA CAPSULE<\/span><\/span>\t\t\t\t<\/div>\n\n\t\t\t\t\t\t\t<\/div>\n\t\t[vc_column_text css=\u00a0\u00bb.vc_custom_1617829977965{margin-bottom: 0px !important;}\u00a0\u00bb el_class=\u00a0\u00bbtext-larger\u00a0\u00bb text_larger=\u00a0\u00bbno\u00a0\u00bb]<strong>Remplissez bien la capsule en tassant le caf\u00e9 moulu<\/strong> avec un tasseur. Si vous n\u2019utilisez pas de tasseur, plongez la capsule ouverte dans le r\u00e9cipient dans lequel vous gardez votre caf\u00e9 moulu, puis pressez la capsule plusieurs fois contre la paroi du r\u00e9cipient.<br \/>\nEn utilisant la cuill\u00e8re doseuse sur laquelle la capsule est fix\u00e9e pour \u00eatre remplie, ce proc\u00e9d\u00e9 est simplifi\u00e9 et vous \u00e9vitez que le caf\u00e9 moulu ne colle \u00e0 vos doigts.<br \/>\nLa capsule peut contenir environ 5 g de caf\u00e9 moulu.[\/vc_column_text][\/vc_column][\/vc_row][vc_row css=\u00a0\u00bb.vc_custom_1528700444689{margin-right: 0px !important;margin-bottom: 25px !important;margin-left: 0px !important;border-top-width: 1px !important;border-right-width: 1px !important;border-bottom-width: 1px !important;border-left-width: 1px !important;padding-top: 30px !important;padding-right: 15px !important;padding-bottom: 30px !important;padding-left: 15px !important;background-color: #ffffff !important;border-left-color: #e7e7e7 !important;border-left-style: solid !important;border-right-color: #e7e7e7 !important;border-right-style: solid !important;border-top-color: #e7e7e7 !important;border-top-style: solid !important;border-bottom-color: #e7e7e7 !important;border-bottom-style: solid !important;}\u00a0\u00bb][vc_column css=\u00a0\u00bb.vc_custom_1527238251732{padding-top: 0px !important;}\u00a0\u00bb]\t\t\t<div id=\"wd-606b7b5899ba7\" class=\"wd-text-block-wrapper wd-wpb wd-rs-606b7b5899ba7 color-scheme-dark text-left vc_custom_1617656693888\">\n\t\t\t\t<div class=\"woodmart-title-container woodmart-text-block reset-last-child font-primary wd-font-weight-600 \">\n\t\t\t\t\t5. HOT STUFF!\t\t\t\t<\/div>\n\n\t\t\t\t\t\t\t<\/div>\n\t\t[vc_column_text css=\u00a0\u00bb.vc_custom_1617830229724{margin-bottom: 0px !important;}\u00a0\u00bb el_class=\u00a0\u00bbtext-larger\u00a0\u00bb text_larger=\u00a0\u00bbno\u00a0\u00bb]<strong>Gardez votre caf\u00e9 moulu au frais et au sec<\/strong> (de pr\u00e9f\u00e9rence dans le r\u00e9frig\u00e9rateur) et pensez \u00e0 d\u00e9tartrer r\u00e9guli\u00e8rement la machine. Ainsi votre mousse est meilleure, sans avoir \u00e0 ajouter d\u2019additifs.[\/vc_column_text][\/vc_column][\/vc_row][vc_row css=\u00a0\u00bb.vc_custom_1528700448393{margin-right: 0px !important;margin-bottom: 25px !important;margin-left: 0px !important;border-top-width: 1px !important;border-right-width: 1px !important;border-bottom-width: 1px !important;border-left-width: 1px !important;padding-top: 30px !important;padding-right: 15px !important;padding-bottom: 30px !important;padding-left: 15px !important;background-color: #ffffff !important;border-left-color: #e7e7e7 !important;border-left-style: solid !important;border-right-color: #e7e7e7 !important;border-right-style: solid !important;border-top-color: #e7e7e7 !important;border-top-style: solid !important;border-bottom-color: #e7e7e7 !important;border-bottom-style: solid !important;}\u00a0\u00bb][vc_column css=\u00a0\u00bb.vc_custom_1527238251732{padding-top: 0px !important;}\u00a0\u00bb]\t\t\t<div id=\"wd-606e20b4c8b4b\" class=\"wd-text-block-wrapper wd-wpb wd-rs-606e20b4c8b4b color-scheme-dark text-left vc_custom_1617830105248\">\n\t\t\t\t<div class=\"woodmart-title-container woodmart-text-block reset-last-child font-primary wd-font-weight-600 \">\n\t\t\t\t\t6. <span class=\"VIiyi\" lang=\"fr\"><span class=\"JLqJ4b ChMk0b\" data-language-for-alternatives=\"fr\" data-language-to-translate-into=\"de\" data-phrase-index=\"0\">EXPRESSO VA VITE!<\/span><\/span>\t\t\t\t<\/div>\n\n\t\t\t\t\t\t\t<\/div>\n\t\t[vc_column_text css=\u00a0\u00bb.vc_custom_1617830172166{margin-bottom: 0px !important;}\u00a0\u00bb el_class=\u00a0\u00bbtext-larger\u00a0\u00bb text_larger=\u00a0\u00bbno\u00a0\u00bb]La <strong>pr\u00e9paration pour un caf\u00e9 expresso<\/strong> (environ 25ml) doit durer 15 \u00e0 20 secondes, un peu plus longtemps pour un caf\u00e9 allong\u00e9 (selon la quantit\u00e9 d\u2019eau pr\u00e9programm\u00e9e).[\/vc_column_text][\/vc_column][\/vc_row][vc_row css=\u00a0\u00bb.vc_custom_1528700453524{margin-right: 0px !important;margin-left: 0px !important;border-top-width: 1px !important;border-right-width: 1px !important;border-bottom-width: 1px !important;border-left-width: 1px !important;padding-top: 30px !important;padding-right: 15px !important;padding-bottom: 30px !important;padding-left: 15px !important;background-color: #ffffff !important;border-left-color: #e7e7e7 !important;border-left-style: solid !important;border-right-color: #e7e7e7 !important;border-right-style: solid !important;border-top-color: #e7e7e7 !important;border-top-style: solid !important;border-bottom-color: #e7e7e7 !important;border-bottom-style: solid !important;}\u00a0\u00bb][vc_column css=\u00a0\u00bb.vc_custom_1527238251732{padding-top: 0px !important;}\u00a0\u00bb]\t\t\t<div id=\"wd-606b7c0aee0c5\" class=\"wd-text-block-wrapper wd-wpb wd-rs-606b7c0aee0c5 color-scheme-dark text-left vc_custom_1617656862631\">\n\t\t\t\t<div class=\"woodmart-title-container woodmart-text-block reset-last-child font-primary wd-font-weight-600 \">\n\t\t\t\t\t7. KEEP COOL &amp; DRY\t\t\t\t<\/div>\n\n\t\t\t\t\t\t\t<\/div>\n\t\t[vc_column_text css=\u00a0\u00bb.vc_custom_1617830271002{margin-bottom: 0px !important;}\u00a0\u00bb el_class=\u00a0\u00bbtext-larger\u00a0\u00bb text_larger=\u00a0\u00bbno\u00a0\u00bb]<strong>Gardez votre caf\u00e9 moulu au frais et au sec<\/strong> (de pr\u00e9f\u00e9rence dans le r\u00e9frig\u00e9rateur) et pensez \u00e0 d\u00e9tartrer r\u00e9guli\u00e8rement la machine. Ainsi votre mousse est meilleure, sans avoir \u00e0 ajouter d\u2019additifs.[\/vc_column_text][\/vc_column][\/vc_row]<\/p>\n<\/div>","protected":false},"excerpt":{"rendered":"<p>[vc_row full_width=\u00a0\u00bbstretch_row_content\u00a0\u00bb css=\u00a0\u00bb.vc_custom_1712314893206{margin-top: -40px !important;margin-bottom: 8vh !important;padding-top: 8vh !important;padding-bottom: 8vh !important;background-color: #f8f8f8 !important;}\u00a0\u00bb woodmart_css_id=\u00a0\u00bb660fda079f978&Prime; responsive_spacing=\u00a0\u00bbeyJwYXJhbV90eXBlIjoid29vZG1hcnRfcmVzcG9uc2l2ZV9zcGFjaW5nIiwic2VsZWN0b3JfaWQiOiI2NjBmZGEwNzlmOTc4Iiwic2hvcnRjb2RlIjoidmNfcm93IiwiZGF0YSI6eyJ0YWJsZXQiOnt9LCJtb2JpbGUiOnt9fX0=\u00a0\u00bb mobile_bg_img_hidden=\u00a0\u00bbno\u00a0\u00bb tablet_bg_img_hidden=\u00a0\u00bbno\u00a0\u00bb woodmart_parallax=\u00a0\u00bb0&Prime; woodmart_gradient_switch=\u00a0\u00bbno\u00a0\u00bb woodmart_box_shadow=\u00a0\u00bbno\u00a0\u00bb<\/p>\n","protected":false},"author":1,"featured_media":0,"parent":0,"menu_order":0,"comment_status":"closed","ping_status":"closed","template":"","meta":{"footnotes":""},"class_list":["post-62319","page","type-page","status-publish","hentry"],"_links":{"self":[{"href":"https:\/\/mycoffeestar.com\/fr\/wp-json\/wp\/v2\/pages\/62319","targetHints":{"allow":["GET"]}}],"collection":[{"href":"https:\/\/mycoffeestar.com\/fr\/wp-json\/wp\/v2\/pages"}],"about":[{"href":"https:\/\/mycoffeestar.com\/fr\/wp-json\/wp\/v2\/types\/page"}],"author":[{"embeddable":true,"href":"https:\/\/mycoffeestar.com\/fr\/wp-json\/wp\/v2\/users\/1"}],"replies":[{"embeddable":true,"href":"https:\/\/mycoffeestar.com\/fr\/wp-json\/wp\/v2\/comments?post=62319"}],"version-history":[{"count":12,"href":"https:\/\/mycoffeestar.com\/fr\/wp-json\/wp\/v2\/pages\/62319\/revisions"}],"predecessor-version":[{"id":66206,"href":"https:\/\/mycoffeestar.com\/fr\/wp-json\/wp\/v2\/pages\/62319\/revisions\/66206"}],"wp:attachment":[{"href":"https:\/\/mycoffeestar.com\/fr\/wp-json\/wp\/v2\/media?parent=62319"}],"curies":[{"name":"wp","href":"https:\/\/api.w.org\/{rel}","templated":true}]}}