{"id":62335,"date":"2021-03-23T07:10:43","date_gmt":"2021-03-23T06:10:43","guid":{"rendered":"https:\/\/www.mycoffeestar.com\/how-to-use-for-vertuo\/"},"modified":"2024-04-05T12:04:37","modified_gmt":"2024-04-05T11:04:37","slug":"how-to-use-for-vertuo","status":"publish","type":"page","link":"https:\/\/mycoffeestar.com\/fr\/how-to-use-for-vertuo\/","title":{"rendered":"Vertuo instructions"},"content":{"rendered":"<div class=\"wpb-content-wrapper\"><p>[vc_row full_width=\u00a0\u00bbstretch_row_content\u00a0\u00bb css=\u00a0\u00bb.vc_custom_1712315054943{margin-top: -40px !important;margin-bottom: 8vh !important;padding-top: 8vh !important;padding-bottom: 8vh !important;background-color: #f8f8f8 !important;}\u00a0\u00bb woodmart_css_id=\u00a0\u00bb660fdaaa73509&Prime; responsive_spacing=\u00a0\u00bbeyJwYXJhbV90eXBlIjoid29vZG1hcnRfcmVzcG9uc2l2ZV9zcGFjaW5nIiwic2VsZWN0b3JfaWQiOiI2NjBmZGFhYTczNTA5Iiwic2hvcnRjb2RlIjoidmNfcm93IiwiZGF0YSI6eyJ0YWJsZXQiOnt9LCJtb2JpbGUiOnt9fX0=\u00a0\u00bb mobile_bg_img_hidden=\u00a0\u00bbno\u00a0\u00bb tablet_bg_img_hidden=\u00a0\u00bbno\u00a0\u00bb woodmart_parallax=\u00a0\u00bb0&Prime; woodmart_gradient_switch=\u00a0\u00bbno\u00a0\u00bb woodmart_box_shadow=\u00a0\u00bbno\u00a0\u00bb wd_z_index=\u00a0\u00bbno\u00a0\u00bb woodmart_disable_overflow=\u00a0\u00bb0&Prime; row_reverse_mobile=\u00a0\u00bb0&Prime; row_reverse_tablet=\u00a0\u00bb0&Prime;][vc_column width=\u00a0\u00bb1\/2&Prime; offset=\u00a0\u00bbvc_col-sm-offset-3&Prime; css=\u00a0\u00bb.vc_custom_1527239539599{padding-top: 0px !important;}\u00a0\u00bb]\t\t\t<div class=\"info-box-wrapper\">\n\t\t\t\t<div id=\"wd-660ab71bebbc3\" class=\" wd-rs-660ab71bebbc3 wd-info-box wd-wpb text-center box-icon-align-top box-style- color-scheme- wd-bg-none vc_custom_1711978278383\">\n\t\t\t\t\t\t\t\t\t\t<div class=\"info-box-content\">\n\t\t\t\t\t\t\t\t\t\t\t\t<div class=\"info-box-inner reset-last-child\"><\/div>\n\n\t\t\t\t\t\t\t\t\t\t\t<\/div>\n\n\t\t\t\t\t\t\t\t\t\t\t<a class=\"wd-info-box-link wd-fill\" aria-label=\"Infobox link\" href=\"|||\" title=\"\"><\/a>\n\t\t\t\t\t\n\t\t\t\t\t\t\t\t\t<\/div>\n\t\t\t<\/div>\n\t\t\n\t\t<div id=\"wd-606e27b162016\" class=\"title-wrapper wd-wpb wd-set-mb reset-last-child  wd-rs-606e27b162016 wd-title-color-default wd-title-style-default text-center vc_custom_1617831865133 wd-underline-colored\">\n\t\t\t\n\t\t\t<div class=\"liner-continer\">\n\t\t\t\t<h3 class=\"woodmart-title-container title  wd-font-weight- wd-fontsize-l\" >INSTRUCTIONS D'UTILISATION DE NOS PRODUITS<\/h3>\n\t\t\t\t\t\t\t<\/div>\n\t\t\t\n\t\t\t\n\t\t\t\n\t\t<\/div>\n\t\t\n\t\t[vc_column_text css=\u00a0\u00bb.vc_custom_1712315068311{margin-bottom: 0px !important;}\u00a0\u00bb el_class=\u00a0\u00bbtext-larger\u00a0\u00bb text_larger=\u00a0\u00bbno\u00a0\u00bb woodmart_inline=\u00a0\u00bbno\u00a0\u00bb]<\/p>\n<div class=\"wpb_text_column wpb_content_element vc_custom_1617829449937 text-larger\">\n<div class=\"wpb_wrapper\">\n<p style=\"text-align: center;\"><span class=\"VIiyi\" lang=\"fr\"><span class=\"JLqJ4b ChMk0b\" data-language-for-alternatives=\"fr\" data-language-to-translate-into=\"en\" data-phrase-index=\"0\">Dans cette section, vous pouvez en savoir plus sur l\u2019utilisation des produits mycoffeestar avec votre machine \u00e0 caf\u00e9.<\/span> <span class=\"JLqJ4b ChMk0b\" data-language-for-alternatives=\"fr\" data-language-to-translate-into=\"en\" data-phrase-index=\"1\">Vous pouvez \u00e9galement trouver plus de mat\u00e9riel vid\u00e9o sur cette page.\u00a0<\/span><\/span><span class=\"VIiyi\" lang=\"fr\"><span class=\"JLqJ4b ChMk0b\" data-language-for-alternatives=\"fr\" data-language-to-translate-into=\"en\" data-phrase-index=\"3\">Si vous avez d\u2019autres questions sur l\u2019utilisation de nos produits, n\u2019h\u00e9sitez pas \u00e0 nous contacter via support@mycoffeestar.com<\/span><\/span><\/p>\n<\/div>\n<\/div>\n<p>&nbsp;[\/vc_column_text][\/vc_column][\/vc_row][vc_row][vc_column css=\u00a0\u00bb.vc_custom_1527240190798{padding-top: 0px !important;}\u00a0\u00bb]\n\t\t<div id=\"wd-606e27ee31490\" class=\"title-wrapper wd-wpb wd-set-mb reset-last-child  wd-rs-606e27ee31490 wd-title-color-default wd-title-style-default text-center  wd-underline-colored\">\n\t\t\t\n\t\t\t<div class=\"liner-continer\">\n\t\t\t\t<h3 class=\"woodmart-title-container title  wd-font-weight- wd-fontsize-l\" >COMMENT UTILISER LA MYCOFFEESTAR V-MULTIDISC AVEC VERTUO &amp; VERTUOLINE<\/h3>\n\t\t\t\t\t\t\t<\/div>\n\t\t\t\n\t\t\t\n\t\t\t\n\t\t<\/div>\n\t\t\n\t\t[\/vc_column][\/vc_row][vc_row css=\u00a0\u00bb.vc_custom_1528700414903{margin-right: 0px !important;margin-bottom: 25px !important;margin-left: 0px !important;border-top-width: 1px !important;border-right-width: 1px !important;border-bottom-width: 1px !important;border-left-width: 1px !important;padding-top: 30px !important;padding-right: 15px !important;padding-bottom: 30px !important;padding-left: 15px !important;background-color: #ffffff !important;border-left-color: #e7e7e7 !important;border-left-style: solid !important;border-right-color: #e7e7e7 !important;border-right-style: solid !important;border-top-color: #e7e7e7 !important;border-top-style: solid !important;border-bottom-color: #e7e7e7 !important;border-bottom-style: solid !important;}\u00a0\u00bb][vc_column css=\u00a0\u00bb.vc_custom_1527238251732{padding-top: 0px !important;}\u00a0\u00bb][vc_column_text css=\u00a0\u00bb.vc_custom_1617831968231{margin-bottom: 0px !important;}\u00a0\u00bb el_class=\u00a0\u00bbtext-larger\u00a0\u00bb text_larger=\u00a0\u00bbno\u00a0\u00bb]<\/p>\n<blockquote>\n<p>Avant la premi\u00e8re utilisation, lavez les quatre disques et la cuill\u00e8re de remplissage \u00e0 l\u2019eau chaude.<\/p>\n<\/blockquote>\n<p>[\/vc_column_text][\/vc_column][\/vc_row][vc_row css=\u00a0\u00bb.vc_custom_1528700432537{margin-right: 0px !important;margin-bottom: 25px !important;margin-left: 0px !important;border-top-width: 1px !important;border-right-width: 1px !important;border-bottom-width: 1px !important;border-left-width: 1px !important;padding-top: 30px !important;padding-right: 15px !important;padding-bottom: 30px !important;padding-left: 15px !important;background-color: #ffffff !important;border-left-color: #e7e7e7 !important;border-left-style: solid !important;border-right-color: #e7e7e7 !important;border-right-style: solid !important;border-top-color: #e7e7e7 !important;border-top-style: solid !important;border-bottom-color: #e7e7e7 !important;border-bottom-style: solid !important;}\u00a0\u00bb][vc_column width=\u00a0\u00bb2\/3&Prime; css=\u00a0\u00bb.vc_custom_1527238251732{padding-top: 0px !important;}\u00a0\u00bb]\t\t\t<div id=\"wd-606e282ee727e\" class=\"wd-text-block-wrapper wd-wpb wd-rs-606e282ee727e color-scheme-dark text-left vc_custom_1617832000889\">\n\t\t\t\t<div class=\"woodmart-title-container woodmart-text-block reset-last-child font-primary wd-font-weight-600 \">\n\t\t\t\t\t1. Pr\u00e9paration \u2013 Upcycling\t\t\t\t<\/div>\n\n\t\t\t\t\t\t\t<\/div>\n\t\t[vc_column_text css=\u00a0\u00bb.vc_custom_1617832071405{margin-bottom: 0px !important;}\u00a0\u00bb text_larger=\u00a0\u00bbno\u00a0\u00bb el_class=\u00a0\u00bbtext-larger\u00a0\u00bb]<\/p>\n<ul>\n<li><span class=\"tlid-translation translation\" lang=\"fr\"><span class=\"\" title=\"\">Choisissez d\u2019abord le type de vos capsules Vertuo\u00ae ou VertuoLine\u00ae originales : Espresso, Double Espresso, Gran Lungo, Mug ou Alto. La taille de la capsule et le code-barres sur le bord du couvercle d\u00e9terminent la quantit\u00e9 d\u2019eau, la pression et la temp\u00e9rature ainsi que la vitesse de rotation pour le processus d\u2019infusion. Si vous souhaitez augmenter l\u2019intensit\u00e9 de votre caf\u00e9, arr\u00eatez simplement le processus de pr\u00e9paration de la machine plus t\u00f4t en appuyant sur le bouton marche \/ arr\u00eat. Cela fonctionne avec tous les cinq types de capsules.<\/span><\/span><\/li>\n<li>D\u00e9coupez soigneusement l\u2019opercule le long du bord int\u00e9rieur de la capsule avec le petit cutter. Placez le cutter \u00e0 un angle d\u2019environ 45 degr\u00e9s sur l\u2019opercule d\u2019une capsule inutilis\u00e9e afin d\u2019effectuer une coupe nette.<\/li>\n<li>Ce corps en aluminium fait d\u00e9sormais partie de votre capsule rechargeable. Vous pouvez l\u2019utiliser au moins 500 fois sans le jeter.<\/li>\n<li>Les petites bosses \u00e0 l\u2019int\u00e9rieur de la capsule qui se produisent pendant le lavage et le s\u00e9chage peuvent facilement \u00eatre liss\u00e9es avec le doigt.<\/li>\n<\/ul>\n<p>[\/vc_column_text][\/vc_column][vc_column width=\u00a0\u00bb1\/3&Prime;][vc_single_image image=\u00a0\u00bb61665&Prime; img_size=\u00a0\u00bbfull\u00a0\u00bb alignment=\u00a0\u00bbright\u00a0\u00bb parallax_scroll=\u00a0\u00bbno\u00a0\u00bb][\/vc_column][\/vc_row][vc_row full_width=\u00a0\u00bbstretch_row\u00a0\u00bb content_placement=\u00a0\u00bbmiddle\u00a0\u00bb css=\u00a0\u00bb.vc_custom_1616481627402{margin-bottom: 2vh !important;padding-top: 6vh !important;padding-bottom: 2vh !important;background-color: #f9f9f9 !important;}\u00a0\u00bb mobile_bg_img_hidden=\u00a0\u00bbno\u00a0\u00bb tablet_bg_img_hidden=\u00a0\u00bbno\u00a0\u00bb woodmart_parallax=\u00a0\u00bb0&Prime; woodmart_gradient_switch=\u00a0\u00bbno\u00a0\u00bb row_reverse_mobile=\u00a0\u00bb0&Prime; row_reverse_tablet=\u00a0\u00bb0&Prime; woodmart_disable_overflow=\u00a0\u00bb0&Prime;][vc_column width=\u00a0\u00bb1\/2&Prime; el_class=\u00a0\u00bbtext-center\u00a0\u00bb css=\u00a0\u00bb.vc_custom_1616481610791{padding-top: 10px !important;}\u00a0\u00bb mobile_bg_img_hidden=\u00a0\u00bbno\u00a0\u00bb tablet_bg_img_hidden=\u00a0\u00bbno\u00a0\u00bb woodmart_parallax=\u00a0\u00bb0&Prime; woodmart_sticky_column=\u00a0\u00bbfalse\u00a0\u00bb parallax_scroll=\u00a0\u00bbno\u00a0\u00bb mobile_reset_margin=\u00a0\u00bbno\u00a0\u00bb tablet_reset_margin=\u00a0\u00bbno\u00a0\u00bb]\n\t\t<div id=\"wd-606e2898edf90\" class=\"title-wrapper wd-wpb wd-set-mb reset-last-child  wd-rs-606e2898edf90 wd-title-color-default wd-title-style-default text-center vc_custom_1617832097551 wd-width-enabled wd-underline-colored\" style=\"--wd-max-width: 90%;\">\n\t\t\t\t\t\t\t\n\t\t\t\t<div class=\"title-subtitle  subtitle-color-default font-default subtitle-style-default wd-font-weight-600 wd-fontsize-xs\">MYCOFFEESTAR V-MULTIDISC<\/div>\n\t\t\t\n\t\t\t<div class=\"liner-continer\">\n\t\t\t\t<h4 class=\"woodmart-title-container title  wd-font-weight- wd-fontsize-l\" >UPCYCLING<\/h4>\n\t\t\t\t\t\t\t<\/div>\n\t\t\t\n\t\t\t\t\t\t\t<div class=\"title-after_title reset-last-child  wd-fontsize-xs\">Les mati\u00e8res premi\u00e8res apparemment inutiles ou USAG\u00c9ES sont converties en produits qui sont comme neufs et peuvent \u00eatre REUTILISES de mani\u00e8re raisonnable.<\/div>\n\t\t\t\n\t\t\t\n\t\t<\/div>\n\t\t\n\t\t[\/vc_column][vc_column width=\u00a0\u00bb1\/2&Prime; css=\u00a0\u00bb.vc_custom_1497620147329{padding-top: 10px !important;padding-bottom: 10px !important;}\u00a0\u00bb][vc_single_image image=\u00a0\u00bb61676&Prime; img_size=\u00a0\u00bbfull\u00a0\u00bb alignment=\u00a0\u00bbcenter\u00a0\u00bb scroll_x=\u00a0\u00bb0&Prime; scroll_y=\u00a0\u00bb-35&Prime; scroll_z=\u00a0\u00bb0&Prime; parallax_scroll=\u00a0\u00bbyes\u00a0\u00bb][\/vc_column][\/vc_row][vc_row css=\u00a0\u00bb.vc_custom_1528700436855{margin-right: 0px !important;margin-bottom: 25px !important;margin-left: 0px !important;border-top-width: 1px !important;border-right-width: 1px !important;border-bottom-width: 1px !important;border-left-width: 1px !important;padding-top: 30px !important;padding-right: 15px !important;padding-bottom: 30px !important;padding-left: 15px !important;background-color: #ffffff !important;border-left-color: #e7e7e7 !important;border-left-style: solid !important;border-right-color: #e7e7e7 !important;border-right-style: solid !important;border-top-color: #e7e7e7 !important;border-top-style: solid !important;border-bottom-color: #e7e7e7 !important;border-bottom-style: solid !important;}\u00a0\u00bb][vc_column css=\u00a0\u00bb.vc_custom_1527238251732{padding-top: 0px !important;}\u00a0\u00bb]\t\t\t<div id=\"wd-606e28b413e5f\" class=\"wd-text-block-wrapper wd-wpb wd-rs-606e28b413e5f color-scheme-dark text-left vc_custom_1617832130472\">\n\t\t\t\t<div class=\"woodmart-title-container woodmart-text-block reset-last-child font-primary wd-font-weight-600 \">\n\t\t\t\t\t2. <span class=\"has-inline-color\">Le degr\u00e9 de mouture optimale pour les cinq types de capsule<\/span>\t\t\t\t<\/div>\n\n\t\t\t\t\t\t\t<\/div>\n\t\t[vc_column_text css=\u00a0\u00bb.vc_custom_1617832212978{margin-bottom: 0px !important;}\u00a0\u00bb el_class=\u00a0\u00bbtext-larger\u00a0\u00bb text_larger=\u00a0\u00bbno\u00a0\u00bb]<\/p>\n<ul>\n<li>Le meilleur r\u00e9sultat d\u2019infusion s\u2019obtient avec du caf\u00e9 fra\u00eechement moulu. Nous vous conseillons de moudre vous-m\u00eame les grains de caf\u00e9 avant de remplir la capsule. Sinon faites moudre votre caf\u00e9 pr\u00e9f\u00e9r\u00e9, avec le degr\u00e9 de mouture parfait, chez votre torr\u00e9facteur. Des moulins \u00e0 caf\u00e9 de haute qualit\u00e9 sont \u00e9galement disponibles dans certains supermarch\u00e9s.<\/li>\n<li>Si vous achetez du caf\u00e9 d\u00e9j\u00e0 moulu, gardez \u00e0 l\u2019esprit que la mouture des diff\u00e9rents types varie entre \u00ab grossi\u00e8re \u00bb, \u00ab moyenne \u00bb et \u00ab fine \u00bb.<\/li>\n<li>Pour les deux capsules \u00ab Espresso \u00bb et \u00ab Double Espresso \u00bb, le degr\u00e9 de mouture doit \u00eatre \u00ab tr\u00e8s fin \u00bb. L\u2019expresso s\u2019\u00e9coule tr\u00e8s lentement et a \u2013 en fonction du degr\u00e9 de torr\u00e9faction de la f\u00e8ve \u2013 un go\u00fbt intense.<\/li>\n<li>Si vous pr\u00e9f\u00e9rez un caf\u00e9 un peu plus l\u00e9ger, remplissez les capsules de type \u00ab Gran Lungo \u00bb ou \u00ab Mug \u00bb de caf\u00e9 \u00e0 mouture \u00ab\u00a0fine\u00a0\u00bb. Avec ces types de capsules, le caf\u00e9 s\u2019\u00e9coule plus rapidement dans une tasse plus grande.<\/li>\n<li>Si vous souhaitez d\u00e9guster une grande tasse avec du caf\u00e9 l\u00e9ger, utilisez du caf\u00e9 moulu \u00ab moyen \u00bb pour remplir la capsule \u00ab Alto \u00bb.<\/li>\n<\/ul>\n<p>[\/vc_column_text][\/vc_column][\/vc_row][vc_row css=\u00a0\u00bb.vc_custom_1528700440423{margin-right: 0px !important;margin-bottom: 25px !important;margin-left: 0px !important;border-top-width: 1px !important;border-right-width: 1px !important;border-bottom-width: 1px !important;border-left-width: 1px !important;padding-top: 30px !important;padding-right: 15px !important;padding-bottom: 30px !important;padding-left: 15px !important;background-color: #ffffff !important;border-left-color: #e7e7e7 !important;border-left-style: solid !important;border-right-color: #e7e7e7 !important;border-right-style: solid !important;border-top-color: #e7e7e7 !important;border-top-style: solid !important;border-bottom-color: #e7e7e7 !important;border-bottom-style: solid !important;}\u00a0\u00bb][vc_column width=\u00a0\u00bb2\/3&Prime; css=\u00a0\u00bb.vc_custom_1527238251732{padding-top: 0px !important;}\u00a0\u00bb]\t\t\t<div id=\"wd-606e29283784a\" class=\"wd-text-block-wrapper wd-wpb wd-rs-606e29283784a color-scheme-dark text-left vc_custom_1617832240896\">\n\t\t\t\t<div class=\"woodmart-title-container woodmart-text-block reset-last-child font-primary wd-font-weight-600 \">\n\t\t\t\t\t3. <strong>Remplir la capsule \u2013 avec votre propre caf\u00e9 <\/strong>\t\t\t\t<\/div>\n\n\t\t\t\t\t\t\t<\/div>\n\t\t[vc_column_text css=\u00a0\u00bb.vc_custom_1617832393687{margin-bottom: 0px !important;}\u00a0\u00bb el_class=\u00a0\u00bbtext-larger\u00a0\u00bb text_larger=\u00a0\u00bbno\u00a0\u00bb]<\/p>\n<ul>\n<li>Remplissez la capsule \u2013 quelle que soit sa taille \u2013 jusqu\u2019au bord avec du caf\u00e9 moulu de votre choix.<\/li>\n<li>Tapotez doucement la capsule remplie plusieurs fois sur le plan de travail pour r\u00e9partir le caf\u00e9 moulu. Taper deux ou trois fois suffit pour \u00e9viter que le caf\u00e9 moulu ne soit trop comprim\u00e9.<\/li>\n<li>Placez le disque sur le caf\u00e9 moulu, le c\u00f4t\u00e9 plat vers le haut. Ensuite, appuyez avec votre pouce sur la perforation au milieu du disque.<\/li>\n<li>Si vous avez opt\u00e9 pour la capsule \u00ab Espresso \u00bb (40 ml), vous devez appuyer un peu plus fort sur le disque la premi\u00e8re fois pour que la forme de la capsule s\u2019adapte mieux au disque.<\/li>\n<li>Retournez la capsule remplie et \u00e9liminez les grains de caf\u00e9 restants avec votre index. Gardez le trou au centre du disque ferm\u00e9 avec votre pouce.<\/li>\n<li>Placez la capsule dans la machine, fermez-la et d\u00e9marrez le processus de pr\u00e9paration.Pour obtenir une note de saveur plus intense, le processus d\u2019infusion peut \u00e9galement \u00eatre arr\u00eat\u00e9 manuellement \u00e0 tout moment en appuyant sur le bouton marche \/ arr\u00eat pendant que le caf\u00e9 s\u2019\u00e9coule dans la tasse. Cela fonctionne pour chaque taille de capsule.<\/li>\n<\/ul>\n<p>[\/vc_column_text][\/vc_column][vc_column width=\u00a0\u00bb1\/3&Prime;][vc_images_carousel images=\u00a0\u00bb61689,61686,61692,61695&Prime; img_size=\u00a0\u00bbfull\u00a0\u00bb onclick=\u00a0\u00bblink_no\u00a0\u00bb][\/vc_column][\/vc_row][vc_row css=\u00a0\u00bb.vc_custom_1528700440423{margin-right: 0px !important;margin-bottom: 25px !important;margin-left: 0px !important;border-top-width: 1px !important;border-right-width: 1px !important;border-bottom-width: 1px !important;border-left-width: 1px !important;padding-top: 30px !important;padding-right: 15px !important;padding-bottom: 30px !important;padding-left: 15px !important;background-color: #ffffff !important;border-left-color: #e7e7e7 !important;border-left-style: solid !important;border-right-color: #e7e7e7 !important;border-right-style: solid !important;border-top-color: #e7e7e7 !important;border-top-style: solid !important;border-bottom-color: #e7e7e7 !important;border-bottom-style: solid !important;}\u00a0\u00bb][vc_column width=\u00a0\u00bb2\/3&Prime; css=\u00a0\u00bb.vc_custom_1527238251732{padding-top: 0px !important;}\u00a0\u00bb]\t\t\t<div id=\"wd-606e29d95ad59\" class=\"wd-text-block-wrapper wd-wpb wd-rs-606e29d95ad59 color-scheme-dark text-left vc_custom_1617832418767\">\n\t\t\t\t<div class=\"woodmart-title-container woodmart-text-block reset-last-child font-primary wd-font-weight-600 \">\n\t\t\t\t\t4. <span lang=\"en\"><span title=\"\"><span class=\"tlid-translation translation\" lang=\"fr\"><span class=\"\" title=\"\"><strong>Nettoyage de la capsule et du disque<\/strong><\/span><\/span><\/span><\/span>\t\t\t\t<\/div>\n\n\t\t\t\t\t\t\t<\/div>\n\t\t[vc_column_text css=\u00a0\u00bb.vc_custom_1617832493127{margin-bottom: 0px !important;}\u00a0\u00bb el_class=\u00a0\u00bbtext-larger\u00a0\u00bb text_larger=\u00a0\u00bbno\u00a0\u00bb]<\/p>\n<ul>\n<li>Apr\u00e8s utilisation, sortez la capsule du r\u00e9cipient de collecte de la machine. Retirez le disque du corps de la capsule et jetez le marc de caf\u00e9 dans les d\u00e9chets organiques.<\/li>\n<li>Si de petites bosses persistent dans le corps de la capsule, lissez simplement ces bosses \u00e0 l\u2019int\u00e9rieur de la capsule avec votre doigt.<\/li>\n<li>Nettoyez la capsule et le disque uniquement \u00e0 l\u2019eau chaude. Pour prot\u00e9ger l\u2019environnement et pour \u00e9viter un mauvais go\u00fbt la prochaine fois que vous utiliserez la capsule et le disque, n\u2019utilisez pas de d\u00e9tergent.<\/li>\n<li>Nous recommandons de s\u00e9cher soigneusement la capsule et le disque avant la prochaine utilisation. Cela emp\u00eachera les grains de caf\u00e9 de coller au bord de la capsule ou du disque.<\/li>\n<li>Les petites bosses \u00e0 l\u2019int\u00e9rieur de la capsule peuvent facilement \u00eatre liss\u00e9es avec le doigt.\n<div class=\"wp-block-media-text__content\"><\/div>\n<\/li>\n<\/ul>\n<p>[\/vc_column_text][\/vc_column][vc_column width=\u00a0\u00bb1\/3&Prime;][vc_images_carousel images=\u00a0\u00bb61701,61707,61704&Prime; img_size=\u00a0\u00bbfull\u00a0\u00bb onclick=\u00a0\u00bblink_no\u00a0\u00bb][\/vc_column][\/vc_row]<\/p>\n<\/div>","protected":false},"excerpt":{"rendered":"<p>[vc_row full_width=\u00a0\u00bbstretch_row_content\u00a0\u00bb css=\u00a0\u00bb.vc_custom_1712315054943{margin-top: -40px !important;margin-bottom: 8vh !important;padding-top: 8vh !important;padding-bottom: 8vh !important;background-color: #f8f8f8 !important;}\u00a0\u00bb woodmart_css_id=\u00a0\u00bb660fdaaa73509&Prime; responsive_spacing=\u00a0\u00bbeyJwYXJhbV90eXBlIjoid29vZG1hcnRfcmVzcG9uc2l2ZV9zcGFjaW5nIiwic2VsZWN0b3JfaWQiOiI2NjBmZGFhYTczNTA5Iiwic2hvcnRjb2RlIjoidmNfcm93IiwiZGF0YSI6eyJ0YWJsZXQiOnt9LCJtb2JpbGUiOnt9fX0=\u00a0\u00bb mobile_bg_img_hidden=\u00a0\u00bbno\u00a0\u00bb tablet_bg_img_hidden=\u00a0\u00bbno\u00a0\u00bb woodmart_parallax=\u00a0\u00bb0&Prime; woodmart_gradient_switch=\u00a0\u00bbno\u00a0\u00bb woodmart_box_shadow=\u00a0\u00bbno\u00a0\u00bb<\/p>\n","protected":false},"author":1,"featured_media":0,"parent":0,"menu_order":0,"comment_status":"closed","ping_status":"closed","template":"","meta":{"footnotes":""},"class_list":["post-62335","page","type-page","status-publish","hentry"],"_links":{"self":[{"href":"https:\/\/mycoffeestar.com\/fr\/wp-json\/wp\/v2\/pages\/62335","targetHints":{"allow":["GET"]}}],"collection":[{"href":"https:\/\/mycoffeestar.com\/fr\/wp-json\/wp\/v2\/pages"}],"about":[{"href":"https:\/\/mycoffeestar.com\/fr\/wp-json\/wp\/v2\/types\/page"}],"author":[{"embeddable":true,"href":"https:\/\/mycoffeestar.com\/fr\/wp-json\/wp\/v2\/users\/1"}],"replies":[{"embeddable":true,"href":"https:\/\/mycoffeestar.com\/fr\/wp-json\/wp\/v2\/comments?post=62335"}],"version-history":[{"count":11,"href":"https:\/\/mycoffeestar.com\/fr\/wp-json\/wp\/v2\/pages\/62335\/revisions"}],"predecessor-version":[{"id":66209,"href":"https:\/\/mycoffeestar.com\/fr\/wp-json\/wp\/v2\/pages\/62335\/revisions\/66209"}],"wp:attachment":[{"href":"https:\/\/mycoffeestar.com\/fr\/wp-json\/wp\/v2\/media?parent=62335"}],"curies":[{"name":"wp","href":"https:\/\/api.w.org\/{rel}","templated":true}]}}