{"id":62339,"date":"2021-03-23T08:29:14","date_gmt":"2021-03-23T07:29:14","guid":{"rendered":"https:\/\/www.mycoffeestar.com\/videos-for-vertuo\/"},"modified":"2024-04-05T12:05:10","modified_gmt":"2024-04-05T11:05:10","slug":"videos-for-vertuo","status":"publish","type":"page","link":"https:\/\/mycoffeestar.com\/fr\/videos-for-vertuo\/","title":{"rendered":"Vertuo vid\u00e9o"},"content":{"rendered":"<div class=\"wpb-content-wrapper\"><p>[vc_row css=\u00a0\u00bb.vc_custom_1509357993395{margin-bottom: 6vh !important;}\u00a0\u00bb][vc_column]\n\t\t<div id=\"wd-606e053101e63\" class=\"title-wrapper wd-wpb wd-set-mb reset-last-child  wd-rs-606e053101e63 wd-title-color-primary wd-title-style-bordered text-center vc_custom_1617823038599 wd-underline-colored\">\n\t\t\t\t\t\t\t\n\t\t\t\t<div class=\"title-subtitle  subtitle-color-primary font-default subtitle-style-default wd-font-weight- wd-fontsize-xs\">Zero Waste \u2013 Better Taste<\/div>\n\t\t\t\n\t\t\t<div class=\"liner-continer\">\n\t\t\t\t<h4 class=\"woodmart-title-container title  wd-font-weight- wd-fontsize-l\" >V-MultiDisc f\u00fcr Vertuo &amp; VertuoLine Machinen von Nespresso\u00ae<\/h4>\n\t\t\t\t\t\t\t<\/div>\n\t\t\t\n\t\t\t\t\t\t\t<div class=\"title-after_title reset-last-child  wd-fontsize-xs\">Transformez vos capsules jetables en une capsule rechargeable qui peut \u00eatre r\u00e9utilis\u00e9e encore et encore :<\/div>\n\t\t\t\n\t\t\t\n\t\t<\/div>\n\t\t\n\t\t[vc_video link=\u00a0\u00bbhttps:\/\/vimeo.com\/452485702&Prime; image_poster_switch=\u00a0\u00bbno\u00a0\u00bb css=\u00a0\u00bb.vc_custom_1616484703982{padding-top: 50px !important;}\u00a0\u00bb][\/vc_column][\/vc_row]<\/p>\n<\/div>","protected":false},"excerpt":{"rendered":"<p>[vc_row css=\u00a0\u00bb.vc_custom_1509357993395{margin-bottom: 6vh !important;}\u00a0\u00bb][vc_column][vc_video link=\u00a0\u00bbhttps:\/\/vimeo.com\/452485702&Prime; image_poster_switch=\u00a0\u00bbno\u00a0\u00bb css=\u00a0\u00bb.vc_custom_1616484703982{padding-top: 50px !important;}\u00a0\u00bb][\/vc_column][\/vc_row]<\/p>\n","protected":false},"author":1,"featured_media":0,"parent":0,"menu_order":0,"comment_status":"closed","ping_status":"closed","template":"","meta":{"footnotes":""},"class_list":["post-62339","page","type-page","status-publish","hentry"],"_links":{"self":[{"href":"https:\/\/mycoffeestar.com\/fr\/wp-json\/wp\/v2\/pages\/62339","targetHints":{"allow":["GET"]}}],"collection":[{"href":"https:\/\/mycoffeestar.com\/fr\/wp-json\/wp\/v2\/pages"}],"about":[{"href":"https:\/\/mycoffeestar.com\/fr\/wp-json\/wp\/v2\/types\/page"}],"author":[{"embeddable":true,"href":"https:\/\/mycoffeestar.com\/fr\/wp-json\/wp\/v2\/users\/1"}],"replies":[{"embeddable":true,"href":"https:\/\/mycoffeestar.com\/fr\/wp-json\/wp\/v2\/comments?post=62339"}],"version-history":[{"count":11,"href":"https:\/\/mycoffeestar.com\/fr\/wp-json\/wp\/v2\/pages\/62339\/revisions"}],"predecessor-version":[{"id":66210,"href":"https:\/\/mycoffeestar.com\/fr\/wp-json\/wp\/v2\/pages\/62339\/revisions\/66210"}],"wp:attachment":[{"href":"https:\/\/mycoffeestar.com\/fr\/wp-json\/wp\/v2\/media?parent=62339"}],"curies":[{"name":"wp","href":"https:\/\/api.w.org\/{rel}","templated":true}]}}