{"id":62355,"date":"2021-04-03T10:52:10","date_gmt":"2021-04-03T09:52:10","guid":{"rendered":"https:\/\/www.mycoffeestar.com\/shipping-costs\/"},"modified":"2023-07-18T07:30:41","modified_gmt":"2023-07-18T06:30:41","slug":"shipping-costs","status":"publish","type":"page","link":"https:\/\/mycoffeestar.com\/fr\/shipping-costs\/","title":{"rendered":"Les frais de livraison"},"content":{"rendered":"<div class=\"wpb-content-wrapper\"><p>[vc_row css=\u00a0\u00bb.vc_custom_1496940694752{margin-bottom: 20px !important;}\u00a0\u00bb][vc_column width=\u00a0\u00bb1\/2&Prime;]\n\t\t<div id=\"wd-606ccc7de686c\" class=\"title-wrapper wd-wpb wd-set-mb reset-last-child  wd-rs-606ccc7de686c wd-title-color-default wd-title-style-underlined text-left  wd-underline-colored\">\n\t\t\t\n\t\t\t<div class=\"liner-continer\">\n\t\t\t\t<h4 class=\"woodmart-title-container title  wd-font-weight- wd-fontsize-l\" >FRAIS D'EXPEDITION POUR LES PAYS DE L'UE<\/h4>\n\t\t\t\t\t\t\t<\/div>\n\t\t\t\n\t\t\t\n\t\t\t\n\t\t<\/div>\n\t\t\n\t\t[\/vc_column][vc_column width=\u00a0\u00bb1\/2&Prime; css=\u00a0\u00bb.vc_custom_1618995526980{padding-top: 0px !important;}\u00a0\u00bb mobile_bg_img_hidden=\u00a0\u00bbno\u00a0\u00bb tablet_bg_img_hidden=\u00a0\u00bbno\u00a0\u00bb woodmart_parallax=\u00a0\u00bb0&Prime; woodmart_sticky_column=\u00a0\u00bbfalse\u00a0\u00bb parallax_scroll=\u00a0\u00bbno\u00a0\u00bb mobile_reset_margin=\u00a0\u00bbno\u00a0\u00bb tablet_reset_margin=\u00a0\u00bbno\u00a0\u00bb offset=\u00a0\u00bbvc_hidden-xs\u00a0\u00bb]\n\t\t<div id=\"wd-606cccc2586dd\" class=\"title-wrapper wd-wpb wd-set-mb reset-last-child  wd-rs-606cccc2586dd wd-title-color-default wd-title-style-underlined text-left  wd-underline-colored\">\n\t\t\t\n\t\t\t<div class=\"liner-continer\">\n\t\t\t\t<h4 class=\"woodmart-title-container title  wd-font-weight- wd-fontsize-l\" >FRAIS D'EXPEDITION POUR LA SUISSE<\/h4>\n\t\t\t\t\t\t\t<\/div>\n\t\t\t\n\t\t\t\n\t\t\t\n\t\t<\/div>\n\t\t\n\t\t[\/vc_column][\/vc_row][vc_row equal_height=\u00a0\u00bbyes\u00a0\u00bb mobile_bg_img_hidden=\u00a0\u00bbno\u00a0\u00bb tablet_bg_img_hidden=\u00a0\u00bbno\u00a0\u00bb woodmart_parallax=\u00a0\u00bb0&Prime; woodmart_gradient_switch=\u00a0\u00bbno\u00a0\u00bb row_reverse_mobile=\u00a0\u00bb0&Prime; row_reverse_tablet=\u00a0\u00bb0&Prime; woodmart_disable_overflow=\u00a0\u00bb0&Prime;][vc_column width=\u00a0\u00bb1\/2&Prime; css=\u00a0\u00bb.vc_custom_1484657119633{padding-top: 0px !important;}\u00a0\u00bb]\t\t\t<div id=\"wd-64b63150650e3\" class=\"wd-text-block-wrapper wd-wpb wd-rs-64b63150650e3 color-scheme-custom text-left vc_custom_1689661784872\">\n\t\t\t\t<div class=\"woodmart-title-container woodmart-text-block reset-last-child font-primary wd-font-weight-600 \">\n\t\t\t\t\tCHF 7.00\t\t\t\t<\/div>\n\n\t\t\t\t\t\t\t<\/div>\n\t\t[vc_column_text text_larger=\u00a0\u00bbno\u00a0\u00bb]<\/p>\n<ul>\n<li>BARISTA SET GAMMA<\/li>\n<li>BARISTA SET PLUS<\/li>\n<li>2 STARTER SET GAMMA \u2013 PACK DE DEUX<\/li>\n<li>2 CAPSULE SET pour CAFISSIMO &amp; CAFFITALY<\/li>\n<li>3 CAPSULES pour DOLCE GUSTO<\/li>\n<li>2 CAPSULES pour DOLCE GUSTO<\/li>\n<\/ul>\n<p>[\/vc_column_text][\/vc_column][vc_column width=\u00a0\u00bb1\/2&Prime; css=\u00a0\u00bb.vc_custom_1618995543551{padding-top: 0px !important;}\u00a0\u00bb mobile_bg_img_hidden=\u00a0\u00bbno\u00a0\u00bb tablet_bg_img_hidden=\u00a0\u00bbno\u00a0\u00bb woodmart_parallax=\u00a0\u00bb0&Prime; woodmart_sticky_column=\u00a0\u00bbfalse\u00a0\u00bb parallax_scroll=\u00a0\u00bbno\u00a0\u00bb mobile_reset_margin=\u00a0\u00bbno\u00a0\u00bb tablet_reset_margin=\u00a0\u00bbno\u00a0\u00bb offset=\u00a0\u00bbvc_hidden-xs\u00a0\u00bb]\t\t\t<div id=\"wd-64b63161496c4\" class=\"wd-text-block-wrapper wd-wpb wd-rs-64b63161496c4 color-scheme-custom text-left vc_custom_1689661800142\">\n\t\t\t\t<div class=\"woodmart-title-container woodmart-text-block reset-last-child font-primary wd-font-weight-600 \">\n\t\t\t\t\tCHF 7.00\t\t\t\t<\/div>\n\n\t\t\t\t\t\t\t<\/div>\n\t\t[vc_column_text text_larger=\u00a0\u00bbno\u00a0\u00bb]<\/p>\n<ul>\n<li>BARISTA SET GAMMA<\/li>\n<li>BARISTA GAMMA PLUS<\/li>\n<li>2 STARTER SET GAMMA \u2013 PACK DE DEUX<\/li>\n<li>1 CAPSULE SET pour CAFISSIMO &amp; CAFFITALY<\/li>\n<li>2 CAPSULE SET pour CAFISSIMO &amp; CAFFITALY<\/li>\n<\/ul>\n<p>[\/vc_column_text][\/vc_column][\/vc_row][vc_row equal_height=\u00a0\u00bbyes\u00a0\u00bb mobile_bg_img_hidden=\u00a0\u00bbno\u00a0\u00bb tablet_bg_img_hidden=\u00a0\u00bbno\u00a0\u00bb woodmart_parallax=\u00a0\u00bb0&Prime; woodmart_gradient_switch=\u00a0\u00bbno\u00a0\u00bb row_reverse_mobile=\u00a0\u00bb0&Prime; row_reverse_tablet=\u00a0\u00bb0&Prime; woodmart_disable_overflow=\u00a0\u00bb0&Prime;][vc_column width=\u00a0\u00bb1\/2&Prime; css=\u00a0\u00bb.vc_custom_1617444872471{padding-top: 0px !important;}\u00a0\u00bb mobile_bg_img_hidden=\u00a0\u00bbno\u00a0\u00bb tablet_bg_img_hidden=\u00a0\u00bbno\u00a0\u00bb woodmart_parallax=\u00a0\u00bb0&Prime; woodmart_sticky_column=\u00a0\u00bbfalse\u00a0\u00bb parallax_scroll=\u00a0\u00bbno\u00a0\u00bb mobile_reset_margin=\u00a0\u00bbno\u00a0\u00bb tablet_reset_margin=\u00a0\u00bbno\u00a0\u00bb]\t\t\t<div id=\"wd-64b6316ce5bc2\" class=\"wd-text-block-wrapper wd-wpb wd-rs-64b6316ce5bc2 color-scheme-custom text-left vc_custom_1689661810337\">\n\t\t\t\t<div class=\"woodmart-title-container woodmart-text-block reset-last-child font-primary wd-font-weight-600 \">\n\t\t\t\t\tCHF 4.90\t\t\t\t<\/div>\n\n\t\t\t\t\t\t\t<\/div>\n\t\t[vc_column_text text_larger=\u00a0\u00bbno\u00a0\u00bb]<\/p>\n<ul>\n<li>STARTER SET GAMMA<\/li>\n<li>TAMPER pour la capsule GAMMA<\/li>\n<li>4 DISC SET pour VERTUO<\/li>\n<li>1 CAPSULE SET pour CAFISSIMO &amp; CAFFITALY<\/li>\n<li>1 CAPSULE pour DOLCE GUSTO<\/li>\n<li>1 CAPSULE pour DOLCE GUSTO LUMIO &amp; ESPERTA<\/li>\n<\/ul>\n<p>[\/vc_column_text][\/vc_column][vc_column width=\u00a0\u00bb1\/2&Prime; css=\u00a0\u00bb.vc_custom_1617444879938{padding-top: 0px !important;}\u00a0\u00bb mobile_bg_img_hidden=\u00a0\u00bbno\u00a0\u00bb tablet_bg_img_hidden=\u00a0\u00bbno\u00a0\u00bb woodmart_parallax=\u00a0\u00bb0&Prime; woodmart_sticky_column=\u00a0\u00bbfalse\u00a0\u00bb parallax_scroll=\u00a0\u00bbno\u00a0\u00bb mobile_reset_margin=\u00a0\u00bbno\u00a0\u00bb tablet_reset_margin=\u00a0\u00bbno\u00a0\u00bb]\t\t\t<div id=\"wd-64b6317541cb7\" class=\"wd-text-block-wrapper wd-wpb wd-rs-64b6317541cb7 color-scheme-custom text-left vc_custom_1689661818996\">\n\t\t\t\t<div class=\"woodmart-title-container woodmart-text-block reset-last-child font-primary wd-font-weight-600 \">\n\t\t\t\t\tCHF 4.90\t\t\t\t<\/div>\n\n\t\t\t\t\t\t\t<\/div>\n\t\t[vc_column_text text_larger=\u00a0\u00bbno\u00a0\u00bb]<\/p>\n<ul>\n<li>STARTER SET GAMMA<\/li>\n<li>4 DISC SET pour VERTUO<\/li>\n<li>1 CAPSULE pour DOLCE GUSTO<\/li>\n<li>2 CAPSULES SET pour DOLCE GUSTO<\/li>\n<li>1 CAPSULE pour DOLCE GUSTO LUMIO &amp; ESPERTA<\/li>\n<\/ul>\n<p>[\/vc_column_text][\/vc_column][\/vc_row][vc_row equal_height=\u00a0\u00bbyes\u00a0\u00bb mobile_bg_img_hidden=\u00a0\u00bbno\u00a0\u00bb tablet_bg_img_hidden=\u00a0\u00bbno\u00a0\u00bb woodmart_parallax=\u00a0\u00bb0&Prime; woodmart_gradient_switch=\u00a0\u00bbno\u00a0\u00bb row_reverse_mobile=\u00a0\u00bb0&Prime; row_reverse_tablet=\u00a0\u00bb0&Prime; woodmart_disable_overflow=\u00a0\u00bb0&Prime;][vc_column width=\u00a0\u00bb1\/2&Prime; css=\u00a0\u00bb.vc_custom_1617444887401{padding-top: 0px !important;}\u00a0\u00bb mobile_bg_img_hidden=\u00a0\u00bbno\u00a0\u00bb tablet_bg_img_hidden=\u00a0\u00bbno\u00a0\u00bb woodmart_parallax=\u00a0\u00bb0&Prime; woodmart_sticky_column=\u00a0\u00bbfalse\u00a0\u00bb parallax_scroll=\u00a0\u00bbno\u00a0\u00bb mobile_reset_margin=\u00a0\u00bbno\u00a0\u00bb tablet_reset_margin=\u00a0\u00bbno\u00a0\u00bb]\t\t\t<div id=\"wd-64b6317e78797\" class=\"wd-text-block-wrapper wd-wpb wd-rs-64b6317e78797 color-scheme-custom text-left vc_custom_1689661829575\">\n\t\t\t\t<div class=\"woodmart-title-container woodmart-text-block reset-last-child font-primary wd-font-weight-600 \">\n\t\t\t\t\tCHF 2.90\t\t\t\t<\/div>\n\n\t\t\t\t\t\t\t<\/div>\n\t\t[vc_column_text text_larger=\u00a0\u00bbno\u00a0\u00bb]<\/p>\n<ul>\n<li>OUTILE DE REMPLISSAGE pour la capsule GAMMA<\/li>\n<li>10 JOINT EN SILICONE POUR la capsule GAMMA<\/li>\n<\/ul>\n<p>[\/vc_column_text]\t\t\t<div class=\"info-box-wrapper\">\n\t\t\t\t<div id=\"wd-6079fa728b888\" class=\" wd-rs-6079fa728b888 wd-info-box wd-wpb text-left box-icon-align-top box-style-border color-scheme- wd-bg-none \">\n\t\t\t\t\t\t\t\t\t\t<div class=\"info-box-content\">\n\t\t\t\t\t\t<h4 class=\"info-box-title title box-title-style-default wd-fontsize-m\">REMARQUE SUR LES STATIONS D'EMBALLAGE<\/h4>\t\t\t\t\t\t<div class=\"info-box-inner reset-last-child\"><p><span id=\"result_box\" class=\"short_text\" lang=\"en\"><\/span><span class=\"VIiyi\" lang=\"fr\"><span class=\"JLqJ4b ChMk0b\" data-language-for-alternatives=\"fr\" data-language-to-translate-into=\"en\" data-phrase-index=\"0\">La livraison sera effectu\u00e9e par courrier recommand\u00e9 et les stations d&#8217;emballage ne sont pas accept\u00e9es comme adresse de livraison !<\/span> <span class=\"JLqJ4b ChMk0b\" data-language-for-alternatives=\"fr\" data-language-to-translate-into=\"en\" data-phrase-index=\"1\">Les stations d&#8217;emballage n&rsquo;acceptent pas le courrier recommand\u00e9.<\/span><\/span><\/p>\n<\/div>\n\n\t\t\t\t\t\t\t\t\t\t\t<\/div>\n\n\t\t\t\t\t\n\t\t\t\t\t\t\t\t\t<\/div>\n\t\t\t<\/div>\n\t\t[\/vc_column][vc_column width=\u00a0\u00bb1\/2&Prime; css=\u00a0\u00bb.vc_custom_1618995551449{padding-top: 0px !important;}\u00a0\u00bb mobile_bg_img_hidden=\u00a0\u00bbno\u00a0\u00bb tablet_bg_img_hidden=\u00a0\u00bbno\u00a0\u00bb woodmart_parallax=\u00a0\u00bb0&Prime; woodmart_sticky_column=\u00a0\u00bbfalse\u00a0\u00bb parallax_scroll=\u00a0\u00bbno\u00a0\u00bb mobile_reset_margin=\u00a0\u00bbno\u00a0\u00bb tablet_reset_margin=\u00a0\u00bbno\u00a0\u00bb offset=\u00a0\u00bbvc_hidden-xs\u00a0\u00bb]\t\t\t<div id=\"wd-64b63189a9c00\" class=\"wd-text-block-wrapper wd-wpb wd-rs-64b63189a9c00 color-scheme-custom text-left vc_custom_1689661839070\">\n\t\t\t\t<div class=\"woodmart-title-container woodmart-text-block reset-last-child font-primary wd-font-weight-600 \">\n\t\t\t\t\tCHF 2.90\t\t\t\t<\/div>\n\n\t\t\t\t\t\t\t<\/div>\n\t\t[vc_column_text text_larger=\u00a0\u00bbno\u00a0\u00bb]<\/p>\n<div class=\"wpb_text_column wpb_content_element\">\n<div class=\"wpb_wrapper\">\n<ul>\n<li>OUTILE DE REMPLISSAGE pour la capsule GAMMA<\/li>\n<li>10 JOINTS EN SILICONE pour la capsule GAMMA<\/li>\n<\/ul>\n<\/div>\n<\/div>\n<p>[\/vc_column_text][\/vc_column][\/vc_row][vc_row css=\u00a0\u00bb.vc_custom_1496940694752{margin-bottom: 20px !important;}\u00a0\u00bb][vc_column css=\u00a0\u00bb.vc_custom_1618995722487{padding-top: 0px !important;}\u00a0\u00bb mobile_bg_img_hidden=\u00a0\u00bbno\u00a0\u00bb tablet_bg_img_hidden=\u00a0\u00bbno\u00a0\u00bb woodmart_parallax=\u00a0\u00bb0&Prime; woodmart_sticky_column=\u00a0\u00bbfalse\u00a0\u00bb parallax_scroll=\u00a0\u00bbno\u00a0\u00bb mobile_reset_margin=\u00a0\u00bbno\u00a0\u00bb tablet_reset_margin=\u00a0\u00bbno\u00a0\u00bb offset=\u00a0\u00bbvc_hidden-lg vc_hidden-md vc_hidden-sm\u00a0\u00bb]\n\t\t<div id=\"wd-606cccc2586dd\" class=\"title-wrapper wd-wpb wd-set-mb reset-last-child  wd-rs-606cccc2586dd wd-title-color-default wd-title-style-underlined text-left  wd-underline-colored\">\n\t\t\t\n\t\t\t<div class=\"liner-continer\">\n\t\t\t\t<h4 class=\"woodmart-title-container title  wd-font-weight- wd-fontsize-l\" >FRAIS D'EXPEDITION POUR LA SUISSE<\/h4>\n\t\t\t\t\t\t\t<\/div>\n\t\t\t\n\t\t\t\n\t\t\t\n\t\t<\/div>\n\t\t\n\t\t[\/vc_column][\/vc_row][vc_row equal_height=\u00a0\u00bbyes\u00a0\u00bb mobile_bg_img_hidden=\u00a0\u00bbno\u00a0\u00bb tablet_bg_img_hidden=\u00a0\u00bbno\u00a0\u00bb woodmart_parallax=\u00a0\u00bb0&Prime; woodmart_gradient_switch=\u00a0\u00bbno\u00a0\u00bb row_reverse_mobile=\u00a0\u00bb0&Prime; row_reverse_tablet=\u00a0\u00bb0&Prime; woodmart_disable_overflow=\u00a0\u00bb0&Prime;][vc_column css=\u00a0\u00bb.vc_custom_1618995733872{padding-top: 0px !important;}\u00a0\u00bb mobile_bg_img_hidden=\u00a0\u00bbno\u00a0\u00bb tablet_bg_img_hidden=\u00a0\u00bbno\u00a0\u00bb woodmart_parallax=\u00a0\u00bb0&Prime; woodmart_sticky_column=\u00a0\u00bbfalse\u00a0\u00bb parallax_scroll=\u00a0\u00bbno\u00a0\u00bb mobile_reset_margin=\u00a0\u00bbno\u00a0\u00bb tablet_reset_margin=\u00a0\u00bbno\u00a0\u00bb offset=\u00a0\u00bbvc_hidden-lg vc_hidden-md vc_hidden-sm\u00a0\u00bb]\t\t\t<div id=\"wd-60683c126b69e\" class=\"wd-text-block-wrapper wd-wpb wd-rs-60683c126b69e color-scheme-custom text-left vc_custom_1617443865116\">\n\t\t\t\t<div class=\"woodmart-title-container woodmart-text-block reset-last-child font-primary wd-font-weight-600 \">\n\t\t\t\t\tCHF 5.90\t\t\t\t<\/div>\n\n\t\t\t\t\t\t\t<\/div>\n\t\t[vc_column_text text_larger=\u00a0\u00bbno\u00a0\u00bb]<\/p>\n<ul>\n<li>BARISTA SET GAMMA<\/li>\n<li>BARISTA GAMMA PLUS<\/li>\n<li>2 STARTER SET GAMMA \u2013 PACK DE DEUX<\/li>\n<li>1 CAPSULE SET pour CAFISSIMO &amp; CAFFITALY<\/li>\n<li>2 CAPSULE SET pour CAFISSIMO &amp; CAFFITALY<\/li>\n<\/ul>\n<p>[\/vc_column_text][\/vc_column][\/vc_row][vc_row equal_height=\u00a0\u00bbyes\u00a0\u00bb mobile_bg_img_hidden=\u00a0\u00bbno\u00a0\u00bb tablet_bg_img_hidden=\u00a0\u00bbno\u00a0\u00bb woodmart_parallax=\u00a0\u00bb0&Prime; woodmart_gradient_switch=\u00a0\u00bbno\u00a0\u00bb row_reverse_mobile=\u00a0\u00bb0&Prime; row_reverse_tablet=\u00a0\u00bb0&Prime; woodmart_disable_overflow=\u00a0\u00bb0&Prime;][vc_column css=\u00a0\u00bb.vc_custom_1618995744089{padding-top: 0px !important;}\u00a0\u00bb mobile_bg_img_hidden=\u00a0\u00bbno\u00a0\u00bb tablet_bg_img_hidden=\u00a0\u00bbno\u00a0\u00bb woodmart_parallax=\u00a0\u00bb0&Prime; woodmart_sticky_column=\u00a0\u00bbfalse\u00a0\u00bb parallax_scroll=\u00a0\u00bbno\u00a0\u00bb mobile_reset_margin=\u00a0\u00bbno\u00a0\u00bb tablet_reset_margin=\u00a0\u00bbno\u00a0\u00bb offset=\u00a0\u00bbvc_hidden-lg vc_hidden-md vc_hidden-sm\u00a0\u00bb]\t\t\t<div id=\"wd-60683c414fb27\" class=\"wd-text-block-wrapper wd-wpb wd-rs-60683c414fb27 color-scheme-custom text-left vc_custom_1617443914534\">\n\t\t\t\t<div class=\"woodmart-title-container woodmart-text-block reset-last-child font-primary wd-font-weight-600 \">\n\t\t\t\t\tCHF 3.90\t\t\t\t<\/div>\n\n\t\t\t\t\t\t\t<\/div>\n\t\t[vc_column_text text_larger=\u00a0\u00bbno\u00a0\u00bb]<\/p>\n<ul>\n<li>STARTER SET GAMMA<\/li>\n<li>4 DISC SET pour VERTUO<\/li>\n<li>1 CAPSULE pour DOLCE GUSTO<\/li>\n<li>2 CAPSULES SET pour DOLCE GUSTO<\/li>\n<li>1 CAPSULE pour DOLCE GUSTO LUMIO &amp; ESPERTA<\/li>\n<\/ul>\n<p>[\/vc_column_text][\/vc_column][\/vc_row][vc_row equal_height=\u00a0\u00bbyes\u00a0\u00bb mobile_bg_img_hidden=\u00a0\u00bbno\u00a0\u00bb tablet_bg_img_hidden=\u00a0\u00bbno\u00a0\u00bb woodmart_parallax=\u00a0\u00bb0&Prime; woodmart_gradient_switch=\u00a0\u00bbno\u00a0\u00bb row_reverse_mobile=\u00a0\u00bb0&Prime; row_reverse_tablet=\u00a0\u00bb0&Prime; woodmart_disable_overflow=\u00a0\u00bb0&Prime;][vc_column css=\u00a0\u00bb.vc_custom_1618995753251{padding-top: 0px !important;}\u00a0\u00bb mobile_bg_img_hidden=\u00a0\u00bbno\u00a0\u00bb tablet_bg_img_hidden=\u00a0\u00bbno\u00a0\u00bb woodmart_parallax=\u00a0\u00bb0&Prime; woodmart_sticky_column=\u00a0\u00bbfalse\u00a0\u00bb parallax_scroll=\u00a0\u00bbno\u00a0\u00bb mobile_reset_margin=\u00a0\u00bbno\u00a0\u00bb tablet_reset_margin=\u00a0\u00bbno\u00a0\u00bb offset=\u00a0\u00bbvc_hidden-lg vc_hidden-md vc_hidden-sm\u00a0\u00bb]\t\t\t<div id=\"wd-60683cbc07387\" class=\"wd-text-block-wrapper wd-wpb wd-rs-60683cbc07387 color-scheme-custom text-left vc_custom_1617444034477\">\n\t\t\t\t<div class=\"woodmart-title-container woodmart-text-block reset-last-child font-primary wd-font-weight-600 \">\n\t\t\t\t\tCHF 1.90\t\t\t\t<\/div>\n\n\t\t\t\t\t\t\t<\/div>\n\t\t[vc_column_text text_larger=\u00a0\u00bbno\u00a0\u00bb]<\/p>\n<div class=\"wpb_text_column wpb_content_element\">\n<div class=\"wpb_wrapper\">\n<ul>\n<li>OUTILE DE REMPLISSAGE pour la capsule GAMMA<\/li>\n<li>10 JOINTS EN SILICONE pour la capsule GAMMA<\/li>\n<\/ul>\n<\/div>\n<\/div>\n<p>[\/vc_column_text][\/vc_column][\/vc_row][vc_row][vc_column][\/vc_column][\/vc_row]<\/p>\n<\/div>","protected":false},"excerpt":{"rendered":"<p>[vc_row css=\u00a0\u00bb.vc_custom_1496940694752{margin-bottom: 20px !important;}\u00a0\u00bb][vc_column width=\u00a0\u00bb1\/2&Prime;][\/vc_column][vc_column width=\u00a0\u00bb1\/2&Prime; css=\u00a0\u00bb.vc_custom_1618995526980{padding-top: 0px !important;}\u00a0\u00bb mobile_bg_img_hidden=\u00a0\u00bbno\u00a0\u00bb tablet_bg_img_hidden=\u00a0\u00bbno\u00a0\u00bb woodmart_parallax=\u00a0\u00bb0&Prime; woodmart_sticky_column=\u00a0\u00bbfalse\u00a0\u00bb parallax_scroll=\u00a0\u00bbno\u00a0\u00bb mobile_reset_margin=\u00a0\u00bbno\u00a0\u00bb tablet_reset_margin=\u00a0\u00bbno\u00a0\u00bb offset=\u00a0\u00bbvc_hidden-xs\u00a0\u00bb][\/vc_column][\/vc_row][vc_row equal_height=\u00a0\u00bbyes\u00a0\u00bb mobile_bg_img_hidden=\u00a0\u00bbno\u00a0\u00bb tablet_bg_img_hidden=\u00a0\u00bbno\u00a0\u00bb<\/p>\n","protected":false},"author":1,"featured_media":0,"parent":0,"menu_order":0,"comment_status":"closed","ping_status":"closed","template":"","meta":{"footnotes":""},"class_list":["post-62355","page","type-page","status-publish","hentry"],"_links":{"self":[{"href":"https:\/\/mycoffeestar.com\/fr\/wp-json\/wp\/v2\/pages\/62355","targetHints":{"allow":["GET"]}}],"collection":[{"href":"https:\/\/mycoffeestar.com\/fr\/wp-json\/wp\/v2\/pages"}],"about":[{"href":"https:\/\/mycoffeestar.com\/fr\/wp-json\/wp\/v2\/types\/page"}],"author":[{"embeddable":true,"href":"https:\/\/mycoffeestar.com\/fr\/wp-json\/wp\/v2\/users\/1"}],"replies":[{"embeddable":true,"href":"https:\/\/mycoffeestar.com\/fr\/wp-json\/wp\/v2\/comments?post=62355"}],"version-history":[{"count":13,"href":"https:\/\/mycoffeestar.com\/fr\/wp-json\/wp\/v2\/pages\/62355\/revisions"}],"predecessor-version":[{"id":65230,"href":"https:\/\/mycoffeestar.com\/fr\/wp-json\/wp\/v2\/pages\/62355\/revisions\/65230"}],"wp:attachment":[{"href":"https:\/\/mycoffeestar.com\/fr\/wp-json\/wp\/v2\/media?parent=62355"}],"curies":[{"name":"wp","href":"https:\/\/api.w.org\/{rel}","templated":true}]}}