{"id":63297,"date":"2018-07-06T13:15:50","date_gmt":"2018-07-06T13:15:50","guid":{"rendered":"https:\/\/www.mycoffeestar.com\/privacy-policy\/"},"modified":"2024-10-08T09:17:13","modified_gmt":"2024-10-08T08:17:13","slug":"privacy-policy","status":"publish","type":"page","link":"https:\/\/mycoffeestar.com\/fr\/privacy-policy\/","title":{"rendered":"Mentions obligatoires &#038; Confidentialit\u00e9"},"content":{"rendered":"<div class=\"wpb-content-wrapper\"><p>[vc_row full_width=\u00a0\u00bbstretch_row\u00a0\u00bb css=\u00a0\u00bb.vc_custom_1527663410765{margin-top: -40px !important;margin-bottom: 8vh !important;padding-top: 8vh !important;padding-bottom: 8vh !important;background-color: #f8f8f8 !important;}\u00a0\u00bb][vc_column]\n\t\t<div id=\"wd-607b7650cfd2d\" class=\"title-wrapper wd-wpb wd-set-mb reset-last-child  wd-rs-607b7650cfd2d wd-title-color-default wd-title-style-default text-center  wd-underline-colored\">\n\t\t\t\n\t\t\t<div class=\"liner-continer\">\n\t\t\t\t<h3 class=\"woodmart-title-container title  wd-font-weight- wd-fontsize-l\" >Mentions obligatoires<\/h3>\n\t\t\t\t\t\t\t<\/div>\n\t\t\t\n\t\t\t\n\t\t\t\n\t\t<\/div>\n\t\t\n\t\t[vc_column_text text_larger=\u00a0\u00bbno\u00a0\u00bb woodmart_inline=\u00a0\u00bbno\u00a0\u00bb]<strong>Producteur:\u00a0<\/strong><\/p>\n<p>Swiss Innovation Products SARL, repr\u00e9sent\u00e9 par: Michael Brugger[\/vc_column_text][\/vc_column][vc_column width=\u00a0\u00bb1\/3&Prime;][vc_column_text text_larger=\u00a0\u00bbno\u00a0\u00bb woodmart_inline=\u00a0\u00bbno\u00a0\u00bb]<\/p>\n<div class=\"content-column one_third\">\n<p><strong>Contact UE<\/strong><\/p>\n<p><strong>E-mail:<\/strong> <a href=\"mailto:info@mycoffeestar.eu\"><strong>info@mycoffeestar.com<\/strong><\/a><\/p>\n<\/div>\n<p>[\/vc_column_text][\/vc_column][vc_column width=\u00a0\u00bb1\/3&Prime;][vc_column_text text_larger=\u00a0\u00bbno\u00a0\u00bb woodmart_inline=\u00a0\u00bbno\u00a0\u00bb]<\/p>\n<div class=\"content-column one_third\">\n<p><strong>Contact Suisse :<\/strong><\/p>\n<p>Swiss Innovation Products SARL<br \/>\nsi\u00e8ge social Suisse<br \/>\nrepr\u00e9sent\u00e9 par: Michael Brugger<\/p>\n<p>Registre Commerce N\u00b0: CHE-242.170.324<br \/>\nN\u00b0 VTA.: CHE-242.170.324 MWST<\/p>\n<p>EPR compliance<\/p>\n<ul>\n<li>Germany \/ LUCID: DE5925388193629<\/li>\n<li>France \/ Unique Idenitifier ADEME: FR254426_01HDYR<\/li>\n<\/ul>\n<p>Buacherweg 37<br \/>\n5443 Niederrohrdorf,<br \/>\nSuisse<\/p>\n<p><strong>E-mail :<\/strong> <a href=\"mailto:info@mycoffeestar.com\"><b>info@mycoffeestar.com<\/b><\/a><\/p>\n<p><b>Coordonn\u00e9es bancaires\u00a0Suisse:<\/b><\/p>\n<p>Postfinance Z\u00fcrich<br \/>\nN\u00b0 de banque: 9000<br \/>\nAccount: 60-154510-5<br \/>\nAccount holder: Swiss Innovation Products GmbH<br \/>\nIBAN: CH57 0900 0000 6015 4510 5<br \/>\nSWIFT: POFICHBEXXX<\/p>\n<\/div>\n<p>[\/vc_column_text][\/vc_column][vc_column width=\u00a0\u00bb1\/3&Prime; mobile_bg_img_hidden=\u00a0\u00bbno\u00a0\u00bb tablet_bg_img_hidden=\u00a0\u00bbno\u00a0\u00bb woodmart_parallax=\u00a0\u00bb0&Prime; woodmart_sticky_column=\u00a0\u00bbfalse\u00a0\u00bb parallax_scroll=\u00a0\u00bbno\u00a0\u00bb mobile_reset_margin=\u00a0\u00bbno\u00a0\u00bb tablet_reset_margin=\u00a0\u00bbno\u00a0\u00bb][vc_column_text text_larger=\u00a0\u00bbno\u00a0\u00bb]<\/p>\n<div class=\"content-column one_third last_column\">\n<p><strong>Copyright\/Clause de non-responsabilit\u00e9 :<\/strong><\/p>\n<p>Etant donn\u00e9 les caract\u00e9ristiques techniques d\u2019Internet, les informations diffus\u00e9es sur le site sont fournies sans aucune garantie d\u2019aucune sorte concernant leur authenticit\u00e9, leur exactitude ou leur caract\u00e8re complet.<br \/>\nIl n\u2019existe pas non plus de garantie concernant la disponibilit\u00e9 ou l\u2019exploitation de la page d\u2019accueil dont il est question et de ses contenus.<\/p>\n<p>Toute responsabilit\u00e9 d\u2019un pr\u00e9judice direct, indirect ou autre, ind\u00e9pendamment de ses causes, r\u00e9sultant de l\u2019utilisation ou de l\u2019indisponibilit\u00e9 des donn\u00e9es et informations de cette page d\u2019accueil est exclue, dans la limite de ce qui est autoris\u00e9 par la loi.<\/p>\n<p>NESPRESSO\u00ae est une marque autre sans lien avec mycoffeestar.<\/p>\n<\/div>\n<p>[\/vc_column_text][\/vc_column][\/vc_row][vc_row][vc_column css=\u00a0\u00bb.vc_custom_1527240190798{padding-top: 0px !important;}\u00a0\u00bb]\n\t\t<div id=\"wd-6060e62a51d6c\" class=\"title-wrapper wd-wpb wd-set-mb reset-last-child  wd-rs-6060e62a51d6c wd-title-color-default wd-title-style-default text-center  wd-underline-colored\">\n\t\t\t\n\t\t\t<div class=\"liner-continer\">\n\t\t\t\t<h3 class=\"woodmart-title-container title  wd-font-weight- wd-fontsize-l\" >PRIVACY POLICY<\/h3>\n\t\t\t\t\t\t\t<\/div>\n\t\t\t\n\t\t\t\n\t\t\t\n\t\t<\/div>\n\t\t\n\t\t[\/vc_column][\/vc_row][vc_row css=\u00a0\u00bb.vc_custom_1528700414903{margin-right: 0px !important;margin-bottom: 25px !important;margin-left: 0px !important;border-top-width: 1px !important;border-right-width: 1px !important;border-bottom-width: 1px !important;border-left-width: 1px !important;padding-top: 30px !important;padding-right: 15px !important;padding-bottom: 30px !important;padding-left: 15px !important;background-color: #ffffff !important;border-left-color: #e7e7e7 !important;border-left-style: solid !important;border-right-color: #e7e7e7 !important;border-right-style: solid !important;border-top-color: #e7e7e7 !important;border-top-style: solid !important;border-bottom-color: #e7e7e7 !important;border-bottom-style: solid !important;}\u00a0\u00bb][vc_column css=\u00a0\u00bb.vc_custom_1527238251732{padding-top: 0px !important;}\u00a0\u00bb]\t\t\t<div id=\"wd-6060e67ba1b63\" class=\"wd-text-block-wrapper wd-wpb wd-rs-6060e67ba1b63 color-scheme-dark text-left vc_custom_1616963200091\">\n\t\t\t\t<div class=\"woodmart-title-container woodmart-text-block reset-last-child font-primary wd-font-weight-600 \">\n\t\t\t\t\t<span class=\"color-primary\">1.<\/span> Data Privacy Statement\t\t\t\t<\/div>\n\n\t\t\t\t\t\t\t<\/div>\n\t\t[vc_column_text css=\u00a0\u00bb.vc_custom_1616963209962{margin-bottom: 0px !important;}\u00a0\u00bb el_class=\u00a0\u00bbtext-larger\u00a0\u00bb text_larger=\u00a0\u00bbno\u00a0\u00bb]We inform you that the data submitted by you in the scope of the business transaction will be processed and saved on an EDP system.<br \/>\nAll places on our websites protect the privacy of persons. Personal data of our visitors is treated strictly confidentially. Some places require entry of personal visitor data. This in particular applies for newsletter subscriptions of service areas. Newsletter subscription is possible without entering a name\/pseudonyms and therefore anonymously. This information is only required for authentication or contacting you.[\/vc_column_text][\/vc_column][\/vc_row][vc_row css=\u00a0\u00bb.vc_custom_1528700432537{margin-right: 0px !important;margin-bottom: 25px !important;margin-left: 0px !important;border-top-width: 1px !important;border-right-width: 1px !important;border-bottom-width: 1px !important;border-left-width: 1px !important;padding-top: 30px !important;padding-right: 15px !important;padding-bottom: 30px !important;padding-left: 15px !important;background-color: #ffffff !important;border-left-color: #e7e7e7 !important;border-left-style: solid !important;border-right-color: #e7e7e7 !important;border-right-style: solid !important;border-top-color: #e7e7e7 !important;border-top-style: solid !important;border-bottom-color: #e7e7e7 !important;border-bottom-style: solid !important;}\u00a0\u00bb][vc_column css=\u00a0\u00bb.vc_custom_1527238251732{padding-top: 0px !important;}\u00a0\u00bb]\t\t\t<div id=\"wd-6060e69073ca2\" class=\"wd-text-block-wrapper wd-wpb wd-rs-6060e69073ca2 color-scheme-dark text-left vc_custom_1616963222954\">\n\t\t\t\t<div class=\"woodmart-title-container woodmart-text-block reset-last-child font-primary wd-font-weight-600 \">\n\t\t\t\t\t<span class=\"color-primary\">2.<\/span> Collection, processing and use of personal data\t\t\t\t<\/div>\n\n\t\t\t\t\t\t\t<\/div>\n\t\t[vc_column_text css=\u00a0\u00bb.vc_custom_1616963229510{margin-bottom: 0px !important;}\u00a0\u00bb text_larger=\u00a0\u00bbno\u00a0\u00bb]We collect personal data (individual information on personal or factual situation of a specific or specifiable natural person) only at the scope provided by you.<br \/>\nProcessing and use of your personal information shall be performed to meet and perform the contractually agreed services and to process your requests.<br \/>\nAfter complete performance of the contract, the data shall first be saved under consideration of tax and trade-law retention periods and deleted after the end of these periods.[\/vc_column_text][\/vc_column][\/vc_row][vc_row css=\u00a0\u00bb.vc_custom_1528700436855{margin-right: 0px !important;margin-bottom: 25px !important;margin-left: 0px !important;border-top-width: 1px !important;border-right-width: 1px !important;border-bottom-width: 1px !important;border-left-width: 1px !important;padding-top: 30px !important;padding-right: 15px !important;padding-bottom: 30px !important;padding-left: 15px !important;background-color: #ffffff !important;border-left-color: #e7e7e7 !important;border-left-style: solid !important;border-right-color: #e7e7e7 !important;border-right-style: solid !important;border-top-color: #e7e7e7 !important;border-top-style: solid !important;border-bottom-color: #e7e7e7 !important;border-bottom-style: solid !important;}\u00a0\u00bb][vc_column css=\u00a0\u00bb.vc_custom_1527238251732{padding-top: 0px !important;}\u00a0\u00bb]\t\t\t<div id=\"wd-6060e6a44fc4d\" class=\"wd-text-block-wrapper wd-wpb wd-rs-6060e6a44fc4d color-scheme-dark text-left vc_custom_1616963240495\">\n\t\t\t\t<div class=\"woodmart-title-container woodmart-text-block reset-last-child font-primary wd-font-weight-600 \">\n\t\t\t\t\t<span class=\"color-primary\">3.<\/span> Forwarding personal information\t\t\t\t<\/div>\n\n\t\t\t\t\t\t\t<\/div>\n\t\t[vc_column_text css=\u00a0\u00bb.vc_custom_1616963251487{margin-bottom: 0px !important;}\u00a0\u00bb el_class=\u00a0\u00bbtext-larger\u00a0\u00bb text_larger=\u00a0\u00bbno\u00a0\u00bb]We shall not forward your personal information to any third parties. This shall only exclude our service partners that we need for performance of the contact. In such cases, we strictly observe the requirements of the Federal Data Privacy Act. Data transfer is limited to the minimum.[\/vc_column_text][\/vc_column][\/vc_row][vc_row css=\u00a0\u00bb.vc_custom_1528700440423{margin-right: 0px !important;margin-bottom: 25px !important;margin-left: 0px !important;border-top-width: 1px !important;border-right-width: 1px !important;border-bottom-width: 1px !important;border-left-width: 1px !important;padding-top: 30px !important;padding-right: 15px !important;padding-bottom: 30px !important;padding-left: 15px !important;background-color: #ffffff !important;border-left-color: #e7e7e7 !important;border-left-style: solid !important;border-right-color: #e7e7e7 !important;border-right-style: solid !important;border-top-color: #e7e7e7 !important;border-top-style: solid !important;border-bottom-color: #e7e7e7 !important;border-bottom-style: solid !important;}\u00a0\u00bb][vc_column css=\u00a0\u00bb.vc_custom_1527238251732{padding-top: 0px !important;}\u00a0\u00bb]\t\t\t<div id=\"wd-6060e6ba903e2\" class=\"wd-text-block-wrapper wd-wpb wd-rs-6060e6ba903e2 color-scheme-dark text-left vc_custom_1616963268045\">\n\t\t\t\t<div class=\"woodmart-title-container woodmart-text-block reset-last-child font-primary wd-font-weight-600 \">\n\t\t\t\t\t<span class=\"color-primary\">4.<\/span> Information, correction, locking and deletion of data\t\t\t\t<\/div>\n\n\t\t\t\t\t\t\t<\/div>\n\t\t[vc_column_text css=\u00a0\u00bb.vc_custom_1616963275046{margin-bottom: 0px !important;}\u00a0\u00bb el_class=\u00a0\u00bbtext-larger\u00a0\u00bb text_larger=\u00a0\u00bbno\u00a0\u00bb]At any time, you may demand free information on the data stored on you and you have the right to correction, deletion or locking of your data. Contact us on request. For contact data, see our imprint.[\/vc_column_text][\/vc_column][\/vc_row][vc_row css=\u00a0\u00bb.vc_custom_1528700444689{margin-right: 0px !important;margin-bottom: 25px !important;margin-left: 0px !important;border-top-width: 1px !important;border-right-width: 1px !important;border-bottom-width: 1px !important;border-left-width: 1px !important;padding-top: 30px !important;padding-right: 15px !important;padding-bottom: 30px !important;padding-left: 15px !important;background-color: #ffffff !important;border-left-color: #e7e7e7 !important;border-left-style: solid !important;border-right-color: #e7e7e7 !important;border-right-style: solid !important;border-top-color: #e7e7e7 !important;border-top-style: solid !important;border-bottom-color: #e7e7e7 !important;border-bottom-style: solid !important;}\u00a0\u00bb][vc_column css=\u00a0\u00bb.vc_custom_1527238251732{padding-top: 0px !important;}\u00a0\u00bb]\t\t\t<div id=\"wd-6060e6d028ee1\" class=\"wd-text-block-wrapper wd-wpb wd-rs-6060e6d028ee1 color-scheme-dark text-left vc_custom_1616963284182\">\n\t\t\t\t<div class=\"woodmart-title-container woodmart-text-block reset-last-child font-primary wd-font-weight-600 \">\n\t\t\t\t\t<span class=\"color-primary\">5.<\/span> Cookies\t\t\t\t<\/div>\n\n\t\t\t\t\t\t\t<\/div>\n\t\t[vc_column_text css=\u00a0\u00bb.vc_custom_1616963292543{margin-bottom: 0px !important;}\u00a0\u00bb el_class=\u00a0\u00bbtext-larger\u00a0\u00bb text_larger=\u00a0\u00bbno\u00a0\u00bb]Our websites use so-called cookies in several places. Cookies are small text files stored on your computer by your browser. They are used to make our offer more user-friendly, more effective and safe. Cookies also enable our systems to recognize your browser and to offer you services. Cookies contain no personal information.[\/vc_column_text][\/vc_column][\/vc_row][vc_row css=\u00a0\u00bb.vc_custom_1528700448393{margin-right: 0px !important;margin-bottom: 25px !important;margin-left: 0px !important;border-top-width: 1px !important;border-right-width: 1px !important;border-bottom-width: 1px !important;border-left-width: 1px !important;padding-top: 30px !important;padding-right: 15px !important;padding-bottom: 30px !important;padding-left: 15px !important;background-color: #ffffff !important;border-left-color: #e7e7e7 !important;border-left-style: solid !important;border-right-color: #e7e7e7 !important;border-right-style: solid !important;border-top-color: #e7e7e7 !important;border-top-style: solid !important;border-bottom-color: #e7e7e7 !important;border-bottom-style: solid !important;}\u00a0\u00bb][vc_column css=\u00a0\u00bb.vc_custom_1527238251732{padding-top: 0px !important;}\u00a0\u00bb]\t\t\t<div id=\"wd-65b4e714df5f0\" class=\"wd-text-block-wrapper wd-wpb wd-rs-65b4e714df5f0 color-scheme-dark text-left vc_custom_1706354485646\">\n\t\t\t\t<div class=\"woodmart-title-container woodmart-text-block reset-last-child font-primary wd-font-weight-600 \">\n\t\t\t\t\tNiederrohrdorf, Janvier 2024\t\t\t\t<\/div>\n\n\t\t\t\t\t\t\t<\/div>\n\t\t[\/vc_column][\/vc_row]<\/p>\n<\/div>","protected":false},"excerpt":{"rendered":"<p>[vc_row full_width=\u00a0\u00bbstretch_row\u00a0\u00bb css=\u00a0\u00bb.vc_custom_1527663410765{margin-top: -40px !important;margin-bottom: 8vh !important;padding-top: 8vh !important;padding-bottom: 8vh !important;background-color: #f8f8f8 !important;}\u00a0\u00bb][vc_column][vc_column_text text_larger=\u00a0\u00bbno\u00a0\u00bb woodmart_inline=\u00a0\u00bbno\u00a0\u00bb]Producteur:\u00a0 Swiss Innovation Products SARL, repr\u00e9sent\u00e9<\/p>\n","protected":false},"author":1,"featured_media":0,"parent":0,"menu_order":0,"comment_status":"closed","ping_status":"closed","template":"","meta":{"footnotes":""},"class_list":["post-63297","page","type-page","status-publish","hentry"],"_links":{"self":[{"href":"https:\/\/mycoffeestar.com\/fr\/wp-json\/wp\/v2\/pages\/63297","targetHints":{"allow":["GET"]}}],"collection":[{"href":"https:\/\/mycoffeestar.com\/fr\/wp-json\/wp\/v2\/pages"}],"about":[{"href":"https:\/\/mycoffeestar.com\/fr\/wp-json\/wp\/v2\/types\/page"}],"author":[{"embeddable":true,"href":"https:\/\/mycoffeestar.com\/fr\/wp-json\/wp\/v2\/users\/1"}],"replies":[{"embeddable":true,"href":"https:\/\/mycoffeestar.com\/fr\/wp-json\/wp\/v2\/comments?post=63297"}],"version-history":[{"count":15,"href":"https:\/\/mycoffeestar.com\/fr\/wp-json\/wp\/v2\/pages\/63297\/revisions"}],"predecessor-version":[{"id":66363,"href":"https:\/\/mycoffeestar.com\/fr\/wp-json\/wp\/v2\/pages\/63297\/revisions\/66363"}],"wp:attachment":[{"href":"https:\/\/mycoffeestar.com\/fr\/wp-json\/wp\/v2\/media?parent=63297"}],"curies":[{"name":"wp","href":"https:\/\/api.w.org\/{rel}","templated":true}]}}