{"id":66133,"date":"2017-08-02T11:41:42","date_gmt":"2017-08-02T11:41:42","guid":{"rendered":"https:\/\/www.mycoffeestar.com\/about-us-3\/"},"modified":"2024-04-05T10:35:33","modified_gmt":"2024-04-05T09:35:33","slug":"about-us-3","status":"publish","type":"page","link":"https:\/\/mycoffeestar.com\/fr\/about-us-3\/","title":{"rendered":"QUI SOMMES NOUS"},"content":{"rendered":"<div class=\"wpb-content-wrapper\"><p>[vc_section full_width=\u00a0\u00bbstretch_row\u00a0\u00bb full_height=\u00a0\u00bbyes\u00a0\u00bb content_placement=\u00a0\u00bbmiddle\u00a0\u00bb woodmart_bg_position=\u00a0\u00bbcenter-center\u00a0\u00bb woodmart_gradient_switch=\u00a0\u00bbyes\u00a0\u00bb css=\u00a0\u00bb.vc_custom_1501673639195{margin-bottom: 0px !important;padding-top: 20vh !important;padding-bottom: 20vh !important;background-image: url(https:\/\/dummy.xtemos.com\/woodmart\/demos\/wp-content\/uploads\/sites\/2\/2017\/06\/wood-main-bg.jpg?id=44) !important;background-position: center !important;background-repeat: no-repeat !important;background-size: cover !important;}\u00a0\u00bb woodmart_color_gradient=\u00a0\u00bbrgba(255, 255, 255, 0.9)-0\/rgba(255, 255, 255, 0)-41\/|linear-gradient(top , rgba(255, 255, 255, 0.9) , rgba(255, 255, 255, 0) 41%)|linear|top\u00a0\u00bb][vc_row][vc_column][vc_single_image image=\u00a0\u00bb66195&Prime; img_size=\u00a0\u00bbmedium\u00a0\u00bb alignment=\u00a0\u00bbcenter\u00a0\u00bb parallax_scroll=\u00a0\u00bbno\u00a0\u00bb woodmart_inline=\u00a0\u00bbno\u00a0\u00bb]\n\t\t<div id=\"wd-660fb5af73a68\" class=\"title-wrapper wd-wpb wd-set-mb reset-last-child  wd-rs-660fb5af73a68 wd-title-color-default wd-title-style-default text-center  wd-underline-colored\">\n\t\t\t\n\t\t\t<div class=\"liner-continer\">\n\t\t\t\t<h4 class=\"woodmart-title-container title  wd-font-weight- wd-fontsize-l\" >Notre histoire<\/h4>\n\t\t\t\t\t\t\t<\/div>\n\t\t\t\n\t\t\t\n\t\t\t\n\t\t<\/div>\n\t\t\n\t\t[\/vc_column][\/vc_row][vc_row][vc_column][vc_column_text woodmart_inline=\u00a0\u00bbno\u00a0\u00bb text_larger=\u00a0\u00bbno\u00a0\u00bb]Bienvenue sur MyCoffeestar.com, votre destination ultime pour des solutions de caf\u00e9 innovantes et respectueuses de l&rsquo;environnement. En 2024, nous avons repris les r\u00eanes d&rsquo;une entreprise cr\u00e9\u00e9e en 2013 qui avait d\u00e9j\u00e0 fait des vagues dans l&rsquo;industrie du caf\u00e9 en \u00e9tant pionni\u00e8re dans le d\u00e9veloppement de la toute premi\u00e8re capsule de caf\u00e9 r\u00e9utilisable pour le syst\u00e8me Nespresso. Sur la base de cette r\u00e9alisation r\u00e9volutionnaire, la gamme de produits a \u00e9t\u00e9 \u00e9largie pour englober des capsules r\u00e9utilisables compatibles avec divers syst\u00e8mes de caf\u00e9, r\u00e9affirmant l&rsquo;engagement en faveur de la durabilit\u00e9 et de la qualit\u00e9.<\/p>\n<p>Avec plus d&rsquo;une d\u00e9cennie d&rsquo;exp\u00e9rience dans le secteur du caf\u00e9, notre propri\u00e9taire apporte une richesse d&rsquo;expertise et de passion. Aliment\u00e9e par un amour profond pour le caf\u00e9 et un d\u00e9sir d&rsquo;avoir un impact significatif, la d\u00e9cision de s&#8217;embarquer dans le voyage de l&rsquo;auto-emploi et de reprendre MyCoffeestar.com \u00e9tait une progression naturelle.<\/p>\n<p>En tant que jeune p\u00e8re de famille, notre propri\u00e9taire reconna\u00eet l&rsquo;importance de pr\u00e9server la plan\u00e8te pour les g\u00e9n\u00e9rations futures. C&rsquo;est pourquoi la durabilit\u00e9 est au c\u0153ur de tout ce que nous faisons. En proposant des capsules de caf\u00e9 r\u00e9utilisables, nous visons \u00e0 r\u00e9duire les d\u00e9chets et \u00e0 minimiser notre empreinte environnementale, contribuant ainsi \u00e0 un avenir plus propre et plus vert.<\/p>\n<p>Mais notre mission va au-del\u00e0 de la responsabilit\u00e9 environnementale. Nous sommes d\u00e9termin\u00e9s \u00e0 am\u00e9liorer l&rsquo;exp\u00e9rience du caf\u00e9 pour les amateurs du monde entier. Nos capsules r\u00e9utilisables permettent aux amateurs de caf\u00e9 de choisir leurs m\u00e9langes pr\u00e9f\u00e9r\u00e9s, garantissant ainsi une infusion personnalis\u00e9e et de qualit\u00e9 sup\u00e9rieure \u00e0 chaque tasse. De plus, en offrant une alternative abordable aux capsules traditionnelles \u00e0 usage unique, nous nous effor\u00e7ons de rendre le bon caf\u00e9 accessible \u00e0 tous, sans compromis sur le go\u00fbt ou la commodit\u00e9.<\/p>\n<p>Bas\u00e9s en Suisse, pays r\u00e9put\u00e9 pour sa riche culture du caf\u00e9 et son engagement en faveur de l&rsquo;excellence, nous sommes fiers de notre h\u00e9ritage helv\u00e9tique. De notre environnement montagneux immacul\u00e9 \u00e0 notre attention m\u00e9ticuleuse aux d\u00e9tails, l&rsquo;artisanat suisse impr\u00e8gne tous les aspects de notre activit\u00e9. Et si nos racines sont fermement ancr\u00e9es en Suisse, notre port\u00e9e ne conna\u00eet pas de fronti\u00e8res. Avec une pr\u00e9sence mondiale, nous sommes d\u00e9termin\u00e9s \u00e0 partager notre passion pour les solutions de caf\u00e9 durables avec les amateurs du monde entier.<\/p>\n<p>Sur MyCoffeestar.com, nous ne nous contentons pas de pr\u00e9parer du caf\u00e9, nous pr\u00e9parons un avenir meilleur, une tasse \u00e0 la fois. Rejoignez-nous dans notre voyage vers une culture du caf\u00e9 plus durable, plus savoureuse et plus inclusive.[\/vc_column_text][\/vc_column][\/vc_row][\/vc_section][vc_row][vc_column][\/vc_column][\/vc_row]<\/p>\n<\/div>","protected":false},"excerpt":{"rendered":"<p>[vc_section full_width=\u00a0\u00bbstretch_row\u00a0\u00bb full_height=\u00a0\u00bbyes\u00a0\u00bb content_placement=\u00a0\u00bbmiddle\u00a0\u00bb woodmart_bg_position=\u00a0\u00bbcenter-center\u00a0\u00bb woodmart_gradient_switch=\u00a0\u00bbyes\u00a0\u00bb css=\u00a0\u00bb.vc_custom_1501673639195{margin-bottom: 0px !important;padding-top: 20vh !important;padding-bottom: 20vh !important;background-image: url(https:\/\/dummy.xtemos.com\/woodmart\/demos\/wp-content\/uploads\/sites\/2\/2017\/06\/wood-main-bg.jpg?id=44) !important;background-position: center !important;background-repeat: no-repeat !important;background-size: cover<\/p>\n","protected":false},"author":1,"featured_media":0,"parent":0,"menu_order":0,"comment_status":"closed","ping_status":"closed","template":"","meta":{"footnotes":""},"class_list":["post-66133","page","type-page","status-publish","hentry"],"_links":{"self":[{"href":"https:\/\/mycoffeestar.com\/fr\/wp-json\/wp\/v2\/pages\/66133","targetHints":{"allow":["GET"]}}],"collection":[{"href":"https:\/\/mycoffeestar.com\/fr\/wp-json\/wp\/v2\/pages"}],"about":[{"href":"https:\/\/mycoffeestar.com\/fr\/wp-json\/wp\/v2\/types\/page"}],"author":[{"embeddable":true,"href":"https:\/\/mycoffeestar.com\/fr\/wp-json\/wp\/v2\/users\/1"}],"replies":[{"embeddable":true,"href":"https:\/\/mycoffeestar.com\/fr\/wp-json\/wp\/v2\/comments?post=66133"}],"version-history":[{"count":9,"href":"https:\/\/mycoffeestar.com\/fr\/wp-json\/wp\/v2\/pages\/66133\/revisions"}],"predecessor-version":[{"id":66200,"href":"https:\/\/mycoffeestar.com\/fr\/wp-json\/wp\/v2\/pages\/66133\/revisions\/66200"}],"wp:attachment":[{"href":"https:\/\/mycoffeestar.com\/fr\/wp-json\/wp\/v2\/media?parent=66133"}],"curies":[{"name":"wp","href":"https:\/\/api.w.org\/{rel}","templated":true}]}}