{"id":66743,"date":"2025-09-11T08:25:36","date_gmt":"2025-09-11T07:25:36","guid":{"rendered":"https:\/\/mycoffeestar.com\/?page_id=66743"},"modified":"2025-09-11T15:57:24","modified_gmt":"2025-09-11T14:57:24","slug":"capsules-reutilisables-savourez-un-cafe-durable-et-reduisez-les-dechets","status":"publish","type":"page","link":"https:\/\/mycoffeestar.com\/fr\/capsules-reutilisables-savourez-un-cafe-durable-et-reduisez-les-dechets\/","title":{"rendered":"Blog Post 3: Du Mont de dechets au plaisir durable du cafe"},"content":{"rendered":"\n<p>Une capsule de caf\u00e9 peut sembler petite et inoffensive. Elle brille, tient facilement dans la main et est jet\u00e9e en quelques secondes. \u00c0 premi\u00e8re vue, elle semble sans danger. Mais la r\u00e9alit\u00e9 est diff\u00e9rente. Trois tasses de caf\u00e9 par jour g\u00e9n\u00e8rent plus de 1 000 capsules par personne chaque ann\u00e9e. Empil\u00e9es, elles atteindraient pr\u00e8s de 30 m\u00e8tres, environ la hauteur d\u2019un immeuble de dix \u00e9tages. En cinq ans, cela pourrait constituer une mini tour Eiffel de d\u00e9chets.<\/p>\n\n\n\n<p>Lorsque l\u2019on consid\u00e8re plusieurs personnes, l\u2019ampleur devient encore plus claire. Dix amateurs de caf\u00e9, par exemple une petite \u00e9quipe de bureau, un caf\u00e9 ou une famille, produisent pr\u00e8s de 11 000 capsules par an. Cela correspond \u00e0 un tas de d\u00e9chets de 300 m\u00e8tres de hauteur. Cent buveurs de caf\u00e9 produisent plus de 109 000 capsules par an. Apr\u00e8s seulement 18 mois, ce tas d\u00e9passerait le Matterhorn et en moins de trois ans, il serait plus haut que le Mont Everest. Chaque tasse, chaque habitude quotidienne, s\u2019ajoute \u00e0 un \u00e9norme volume de d\u00e9chets qui p\u00e8se sur l\u2019environnement, gaspille des ressources pr\u00e9cieuses et endommage la nature \u00e0 long terme.<\/p>\n\n\n\n<h3 class=\"wp-block-heading\">Pourquoi les capsules \u00e0 usage unique sont un probl\u00e8me sous-estim\u00e9<\/h3>\n\n\n\n<p>Beaucoup de personnes ne voient pas l\u2019impact r\u00e9el des capsules \u00e0 usage unique sur l\u2019environnement. Dans la vie quotidienne, les d\u00e9chets disparaissent imm\u00e9diatement, ce qui semble n\u00e9gligeable. Dans les bureaux, caf\u00e9s et foyers, cependant, le plastique et l\u2019aluminium s\u2019accumulent rapidement pour atteindre plusieurs tonnes par an. Au-del\u00e0 des d\u00e9chets, la production de ces capsules consomme des mati\u00e8res premi\u00e8res, de l\u2019\u00e9nergie et \u00e9met du CO2. Chacun de nous contribue quotidiennement \u00e0 ce probl\u00e8me, souvent sans s\u2019en rendre compte. De petits changements, comme le passage aux capsules de caf\u00e9 r\u00e9utilisables, peuvent avoir un impact important sur le long terme.<\/p>\n\n\n\n<h3 class=\"wp-block-heading\">L\u2019alternative durable : les capsules de caf\u00e9 r\u00e9utilisables<\/h3>\n\n\n\n<p>Les capsules de caf\u00e9 r\u00e9utilisables en acier inoxydable de haute qualit\u00e9 sont durables, compatibles lave-vaisselle et con\u00e7ues pour durer toute une vie. Une seule capsule suffit pour pr\u00e9parer du caf\u00e9 pendant des ann\u00e9es sans g\u00e9n\u00e9rer de d\u00e9chets. Le principe est simple : remplir avec vos grains pr\u00e9f\u00e9r\u00e9s, tasser l\u00e9g\u00e8rement, ins\u00e9rer dans la machine, savourer votre caf\u00e9 et rincer bri\u00e8vement. Pas de nettoyage compliqu\u00e9, pas de d\u00e9chets, juste un caf\u00e9 aromatique pur.<\/p>\n\n\n\n<p>Commencer est facile. Avec le<a href=\"https:\/\/mycoffeestar.com\/fr\/produit\/capsule-gamma\/\"> <strong>Starter Set<\/strong><\/a>, vous pouvez debuter immediatement, le <strong><a href=\"https:\/\/mycoffeestar.com\/fr\/produit\/barista-set-gamma-en\/\">B<\/a><a href=\"#\">arista Set<\/a><\/strong> ajoute un tamper et une cuillere pour une preparation parfaite, et le <strong><a href=\"https:\/\/mycoffeestar.com\/fr\/produit\/barista-set-deluxe\/\">Barista Set Premium avec caf<\/a><a href=\"#\">e<\/a><\/strong> inclut des grains fraichement torrefies a la taille ideale. Pour les utilisateurs Dolce Gusto, nos <strong><a href=\"https:\/\/mycoffeestar.com\/fr\/produit\/1-gusto-puro-premium-coffee\/\">capsules reutilisables<\/a><\/strong> offrent la meme solution durable.<\/p>\n\n\n\n<p>Avec les capsules r\u00e9utilisables, vous ne profitez pas seulement du caf\u00e9, mais vous prenez \u00e9galement vos responsabilit\u00e9s pour l\u2019environnement. Vous r\u00e9duisez les d\u00e9chets, pr\u00e9servez les ressources et contribuez activement \u00e0 un mode de vie plus durable.<\/p>\n\n\n\n<h3 class=\"wp-block-heading\">Meilleur caf\u00e9, d\u00e9gustation consciente<\/h3>\n\n\n\n<p>Les capsules r\u00e9utilisables vous donnent un contr\u00f4le total sur les grains, la mouture, l\u2019intensit\u00e9 et l\u2019ar\u00f4me. Chaque tasse est fra\u00eeche, aromatique et pr\u00e9par\u00e9e individuellement. Pas de m\u00e9langes pr\u00e9d\u00e9finis, pas de composants jetables, pas de compromis sur le go\u00fbt. Vous pouvez m\u00e9langer les grains, tester diff\u00e9rentes torr\u00e9factions et cr\u00e9er votre tasse parfaite.<\/p>\n\n\n\n<p>En plus du go\u00fbt, passer aux capsules r\u00e9utilisables permet d\u2019\u00e9conomiser de l\u2019argent, car vous n\u2019avez plus besoin d\u2019acheter continuellement des capsules jetables. En m\u00eame temps, vous soutenez les pratiques durables et r\u00e9duisez l\u2019empreinte carbone de votre consommation de caf\u00e9.<\/p>\n\n\n\n<h3 class=\"wp-block-heading\">Conclusion Chaque tasse compte<\/h3>\n\n\n\n<p>Imaginez chaque capsule jetable contribuant \u00e0 un tas de d\u00e9chets en constante augmentation. Avec les capsules de caf\u00e9 r\u00e9utilisables, chaque tasse devient un geste conscient pour l\u2019environnement. Vous d\u00e9cidez si vous faites partie du probl\u00e8me ou de la solution. Chaque tasse compte, chaque caf\u00e9 est un pas vers la durabilit\u00e9 et un meilleur plaisir du caf\u00e9 sans culpabilit\u00e9.<\/p>\n\n\n\n<p><strong>Agissez d\u00e8s maintenant :<\/strong> Commandez vos capsules de caf\u00e9 r\u00e9utilisables d\u00e8s aujourd\u2019hui et commencez \u00e0 r\u00e9duire les d\u00e9chets, am\u00e9liorer le go\u00fbt et profiter d\u2019un caf\u00e9 durable.<\/p>\n","protected":false},"excerpt":{"rendered":"<p>Une capsule de caf\u00e9 peut sembler petite et inoffensive. Elle brille, tient facilement dans la main et est jet\u00e9e en<\/p>\n","protected":false},"author":9213,"featured_media":0,"parent":0,"menu_order":0,"comment_status":"closed","ping_status":"closed","template":"","meta":{"footnotes":""},"class_list":["post-66743","page","type-page","status-publish","hentry"],"_links":{"self":[{"href":"https:\/\/mycoffeestar.com\/fr\/wp-json\/wp\/v2\/pages\/66743","targetHints":{"allow":["GET"]}}],"collection":[{"href":"https:\/\/mycoffeestar.com\/fr\/wp-json\/wp\/v2\/pages"}],"about":[{"href":"https:\/\/mycoffeestar.com\/fr\/wp-json\/wp\/v2\/types\/page"}],"author":[{"embeddable":true,"href":"https:\/\/mycoffeestar.com\/fr\/wp-json\/wp\/v2\/users\/9213"}],"replies":[{"embeddable":true,"href":"https:\/\/mycoffeestar.com\/fr\/wp-json\/wp\/v2\/comments?post=66743"}],"version-history":[{"count":3,"href":"https:\/\/mycoffeestar.com\/fr\/wp-json\/wp\/v2\/pages\/66743\/revisions"}],"predecessor-version":[{"id":66761,"href":"https:\/\/mycoffeestar.com\/fr\/wp-json\/wp\/v2\/pages\/66743\/revisions\/66761"}],"wp:attachment":[{"href":"https:\/\/mycoffeestar.com\/fr\/wp-json\/wp\/v2\/media?parent=66743"}],"curies":[{"name":"wp","href":"https:\/\/api.w.org\/{rel}","templated":true}]}}