{"id":63158,"date":"2021-04-11T20:03:40","date_gmt":"2021-04-11T19:03:40","guid":{"rendered":"https:\/\/www.mycoffeestar.com\/product\/2-starter-set-gamma-double-set\/"},"modified":"2024-04-04T18:51:03","modified_gmt":"2024-04-04T17:51:03","slug":"2-starter-set-gamma-double-set","status":"publish","type":"product","link":"https:\/\/mycoffeestar.com\/fr\/produit\/2-starter-set-gamma-double-set\/","title":{"rendered":"STARTER SET \u2013 PACK DE DEUX"},"content":{"rendered":"<p>La capsule rechargeable en inox de <strong><em>my<\/em><\/strong><em>coffee<strong>star<\/strong> <\/em>est compatible avec toutes les machines Nespresso\u00ae \u00e0 partir de 2003 (sauf Essenza Mini ou Plus). Il s\u2019agit de mod\u00e8les \u00e0 trois aiguilles.<\/p>\n<p>Des machines Nespresso plus anciennes (avant 2003) disposent d\u2019une seule aiguille pour percer les capsules jetables en aluminium. La capsule en inox de mycoffeestar ne convient pas \u00e0 ces mod\u00e8les.<\/p>\n<p>Afin de v\u00e9rifier le nombre d\u2019aiguilles de votre machine, ins\u00e9rez simplement une capsule jetable en aluminium et fermez le levier ou le poussoir. Ouvrez le levier\/le poussoir et sortez la capsule utilis\u00e9e du logement \u00e0 capsule.\u00a0 V\u00e9rifiez ensuite la partie plus fine de la capsule :<\/p>\n<ul>\n<li>Si vous voyez une seule perforation, la capsule en inox de <strong><em>my<\/em><\/strong><em>coffee<strong>star<\/strong> <\/em>n&rsquo;est PAS compatible avec cette machine.<\/li>\n<li>Si vous voyez trois perforations, la capsule en inox de <strong><em>my<\/em><\/strong><em>coffee<strong>star<\/strong> <\/em>est compatible avec votre machine.<\/li>\n<\/ul>\n<p>La capsule en inox de mycoffeestar n\u2019est PAS compatible avec d\u2019autres machines \u00e0 capsules telles que Dolce Gusto, Lavazza, Tassimo, Delizio etc. ; ni avec des machines Nespresso \u00e0 dosettes.<\/p>\n<h5><strong><span style=\"color: #83b735;\">Joints en silicone<\/span> <\/strong><\/h5>\n<p>Pour la plupart des machines Nespresso (\u00e0 partir de 2010) vous devez installer un joint en silicone fourni pour garantir l\u2019\u00e9tanch\u00e9it\u00e9. Chaque kit de capsules contient deux joints en silicone. Veillez \u00e0 garder le deuxi\u00e8me joint en cas de rechange.<\/p>\n<p>Le joint est enroul\u00e9 sur la capsule ferm\u00e9e jusqu\u2019au bord du couvercle.<\/p>\n<p>Vous pouvez garder le joint sur la capsule apr\u00e8s la pr\u00e9paration de caf\u00e9 et le nettoyage. Il faudrait l\u2019enlever si vous souhaitiez mettre la capsule dans le lave-vaisselle ou bien si vous souhaitiez la nettoyer avec un d\u00e9tergeant.\u00a0 Chaque joint en silicone est utilisable au moins 500 fois.<\/p>\n<p>Si vous avez besoin de joints en silicone suppl\u00e9mentaires, vous pouvez les commander sur notre site web.<\/p>\n","protected":false},"excerpt":{"rendered":"<h5><span style=\"color: #83b735;\"><strong>Cet<\/strong> <strong>PACK DE DEUX se compose de <\/strong><strong>:<\/strong><\/span><\/h5>\n<ul>\n<li>deux capsules GAMMA rechargeable en acier inoxydable pour NESPRESSO\u00ae<\/li>\n<li>quatre joints en silicone<\/li>\n<li>deux \u00e9chantillons de caf\u00e9 (pour illustrer le degr\u00e9 de mouture parfait)<\/li>\n<li>deux manuels d\u2019utilisation (en allemand et en anglais)<\/li>\n<\/ul>\n","protected":false},"featured_media":62882,"template":"","meta":[],"product_brand":[],"product_cat":[157],"product_tag":[],"class_list":{"0":"post-63158","1":"product","2":"type-product","3":"status-publish","4":"has-post-thumbnail","6":"product_cat-nespresso-fr","7":"product_shipping_class-large-fr","9":"first","10":"instock","11":"taxable","12":"shipping-taxable","13":"purchasable","14":"product-type-simple"},"_links":{"self":[{"href":"https:\/\/mycoffeestar.com\/fr\/wp-json\/wp\/v2\/product\/63158","targetHints":{"allow":["GET"]}}],"collection":[{"href":"https:\/\/mycoffeestar.com\/fr\/wp-json\/wp\/v2\/product"}],"about":[{"href":"https:\/\/mycoffeestar.com\/fr\/wp-json\/wp\/v2\/types\/product"}],"wp:featuredmedia":[{"embeddable":true,"href":"https:\/\/mycoffeestar.com\/fr\/wp-json\/wp\/v2\/media\/62882"}],"wp:attachment":[{"href":"https:\/\/mycoffeestar.com\/fr\/wp-json\/wp\/v2\/media?parent=63158"}],"wp:term":[{"taxonomy":"product_brand","embeddable":true,"href":"https:\/\/mycoffeestar.com\/fr\/wp-json\/wp\/v2\/product_brand?post=63158"},{"taxonomy":"product_cat","embeddable":true,"href":"https:\/\/mycoffeestar.com\/fr\/wp-json\/wp\/v2\/product_cat?post=63158"},{"taxonomy":"product_tag","embeddable":true,"href":"https:\/\/mycoffeestar.com\/fr\/wp-json\/wp\/v2\/product_tag?post=63158"}],"curies":[{"name":"wp","href":"https:\/\/api.w.org\/{rel}","templated":true}]}}