{"id":63188,"date":"2014-10-27T09:00:04","date_gmt":"2014-10-27T08:00:04","guid":{"rendered":"https:\/\/www.mycoffeestar.com\/product\/10-sealing-rings\/"},"modified":"2021-04-15T17:41:33","modified_gmt":"2021-04-15T16:41:33","slug":"10-sealing-rings","status":"publish","type":"product","link":"https:\/\/mycoffeestar.com\/fr\/produit\/10-sealing-rings\/","title":{"rendered":"10 JOINTS D&rsquo;\u00c9TANCH\u00c9IT\u00c9"},"content":{"rendered":"<p>Pour la plupart des machines Nespresso (\u00e0 partir de 2010) vous devez installer un joint en silicone pour garantir l\u2019\u00e9tanch\u00e9it\u00e9. Chaque kit de capsules contient deux joints<span class=\"VIiyi\" lang=\"fr\"><span class=\"JLqJ4b ChMk0b\" data-language-for-alternatives=\"fr\" data-language-to-translate-into=\"de\" data-phrase-index=\"0\"> d&rsquo;\u00e9tanch\u00e9it\u00e9<\/span><\/span>. Il s&rsquo;agit d&rsquo;un ensemble de 10 joints en silicone suppl\u00e9mentaires.<\/p>\n<p>Le joint est enroul\u00e9 sur la capsule ferm\u00e9e jusqu\u2019au bord du couvercle. Voir aussi <a href=\"https:\/\/www.youtube.com\/watch?v=Mg-S96_tdYo\">la vid\u00e9o<\/a><\/p>\n<p>Vous pouvez garder le joint sur la capsule apr\u00e8s la pr\u00e9paration de caf\u00e9 et le nettoyage. Il faudrait l\u2019enlever si vous souhaitiez mettre la capsule dans le lave-vaisselle ou bien si vous souhaitiez la nettoyer avec un d\u00e9tergeant.\u00a0 Chaque joint <span class=\"VIiyi\" lang=\"fr\"><span class=\"JLqJ4b ChMk0b\" data-language-for-alternatives=\"fr\" data-language-to-translate-into=\"de\" data-phrase-index=\"0\"> d&rsquo;\u00e9tanch\u00e9it\u00e9<\/span><\/span> est utilisable au moins 500 fois.<\/p>\n","protected":false},"excerpt":{"rendered":"<h5><span style=\"color: #83b735;\"><strong>Cet ensemble contient :<\/strong><\/span><\/h5>\n<ul>\n<li>10 joints <span class=\"VIiyi\" lang=\"fr\"><span class=\"JLqJ4b ChMk0b\" data-language-for-alternatives=\"fr\" data-language-to-translate-into=\"de\" data-phrase-index=\"0\"> d&rsquo;\u00e9tanch\u00e9it\u00e9<\/span><\/span> suppl\u00e9mentaires en silicone pour la capsule GAMMA<\/li>\n<\/ul>\n<p>Un joint d&rsquo;\u00e9tanch\u00e9it\u00e9 est n\u00e9cessaire pour utiliser la capsule GAMMA avec les machines Nespresso\u00ae. Il scelle le porte-capsule de la machine et emp\u00eache l&rsquo;eau de s&rsquo;infiltrer dans votre tasse \u00e0 caf\u00e9.<\/p>\n<p>Voil\u00e0 comment installer le joint d\u2019\u00e9tanch\u00e9it\u00e9 sur la capsule :<\/p>\n<ul>\n<li style=\"list-style-type: none;\">\n<ol>\n<li>Fermez la capsule vide et serrez bien le couvercle.<\/li>\n<li>Faites rouler d\u00e9licatement l\u2019un des joints en silicone \u00e0 partir du bout le plus \u00e9troit de la capsule en direction du couvercle jusqu\u2019\u00e0 ce que le joint soit pos\u00e9 sur le bord du couvercle et que la partie la plus fine du joint soit dirig\u00e9e vers les rainures de la capsule en acier inoxydable.<\/li>\n<li>Pendant le rin\u00e7age de la capsule \u00e0 l\u2019eau claire, le joint peut rester sur le couvercle.<\/li>\n<\/ol>\n<\/li>\n<\/ul>\n<p><a href=\"https:\/\/www.youtube.com\/watch?v=Mg-S96_tdYo\"><strong>Comment utiliser les joints d\u2019\u00e9tanch\u00e9it\u00e9 &gt;&gt;<\/strong><\/a><\/p>\n","protected":false},"featured_media":8912,"template":"","meta":[],"product_brand":[],"product_cat":[157],"product_tag":[],"class_list":{"0":"post-63188","1":"product","2":"type-product","3":"status-publish","4":"has-post-thumbnail","6":"product_cat-nespresso-fr","7":"product_shipping_class-small-fr","9":"first","10":"instock","11":"taxable","12":"shipping-taxable","13":"purchasable","14":"product-type-simple"},"_links":{"self":[{"href":"https:\/\/mycoffeestar.com\/fr\/wp-json\/wp\/v2\/product\/63188","targetHints":{"allow":["GET"]}}],"collection":[{"href":"https:\/\/mycoffeestar.com\/fr\/wp-json\/wp\/v2\/product"}],"about":[{"href":"https:\/\/mycoffeestar.com\/fr\/wp-json\/wp\/v2\/types\/product"}],"wp:featuredmedia":[{"embeddable":true,"href":"https:\/\/mycoffeestar.com\/fr\/wp-json\/wp\/v2\/media\/8912"}],"wp:attachment":[{"href":"https:\/\/mycoffeestar.com\/fr\/wp-json\/wp\/v2\/media?parent=63188"}],"wp:term":[{"taxonomy":"product_brand","embeddable":true,"href":"https:\/\/mycoffeestar.com\/fr\/wp-json\/wp\/v2\/product_brand?post=63188"},{"taxonomy":"product_cat","embeddable":true,"href":"https:\/\/mycoffeestar.com\/fr\/wp-json\/wp\/v2\/product_cat?post=63188"},{"taxonomy":"product_tag","embeddable":true,"href":"https:\/\/mycoffeestar.com\/fr\/wp-json\/wp\/v2\/product_tag?post=63188"}],"curies":[{"name":"wp","href":"https:\/\/api.w.org\/{rel}","templated":true}]}}