{"id":63192,"date":"2020-09-02T22:57:24","date_gmt":"2020-09-02T21:57:24","guid":{"rendered":"https:\/\/www.mycoffeestar.com\/product\/v-multidisc-2\/"},"modified":"2024-06-07T07:39:58","modified_gmt":"2024-06-07T06:39:58","slug":"v-multidisc-2","status":"publish","type":"product","link":"https:\/\/mycoffeestar.com\/fr\/produit\/v-multidisc-2\/","title":{"rendered":"4 DISC SET pour VERTUO\u00ae"},"content":{"rendered":"<h5><span style=\"color: #83b735;\"><strong><span class=\"tlid-translation translation\" lang=\"fr\"><span class=\"\" title=\"\">Premi\u00e8re utilisation<\/span><\/span><\/strong><\/span><\/h5>\n<p><span class=\"tlid-translation translation\" lang=\"fr\"><span class=\"\" title=\"\">Utilisez le cutter pour retirer la feuille d\u2019une capsule jetable d\u2019origine inutilis\u00e9e.<\/span> <span class=\"\" title=\"\">Placez le V-MultiDisc sur le caf\u00e9 moulu avec, le c\u00f4t\u00e9 plat sur le dessus. Appuyez le disque sur la capsule avec votre pouce sur le trou au milieu du disque.<\/span><span class=\"\" title=\"\"> Retournez la capsule<\/span><span class=\"\" title=\"\"> et \u00e9liminez tout r\u00e9sidu de caf\u00e9 avec votre doigt. Placez la capsule dans la machine, fermez-la et d\u00e9marrez le processus de pr\u00e9paration<\/span><\/span>.<\/p>\n<h5><span style=\"color: #83b735;\"><strong>Utilisez encore et encore par la suite<\/strong><\/span><\/h5>\n<p><span class=\"tlid-translation translation\" lang=\"fr\"><span class=\"\" title=\"\">La capsule jetable peut <\/span><\/span>d\u00e9sormais \u00eatre utilis\u00e9 au moins 500 fois <span class=\"tlid-translation translation\" lang=\"fr\"><span class=\"\" title=\"\">avec du caf\u00e9 moulu de votre choix :<\/span><br \/>\n<span title=\"\">Remplissez la capsule jusqu\u2019au bord, tapotez doucement la capsule pour niveler le caf\u00e9 moulu, appuyez le V-MultiDisc sur le caf\u00e9 moulu, placez la capsule dans la machine et d\u00e9marrez le processus de pr\u00e9paration.<\/span> <span title=\"\">Pr\u00e9parez le caf\u00e9 de votre choix, \u00e9vitez le gaspillage (par upcycling) et \u00e9conomisez beaucoup d\u2019argent !<\/span><\/span><\/p>\n<h5><span style=\"color: #83b735;\"><strong>La bonne mouture pour <span lang=\"fr\"><span title=\"\">chacun des types de capsule<\/span><\/span><\/strong><\/span><strong><br \/>\n<\/strong><\/h5>\n<p><span class=\"tlid-translation translation\" lang=\"fr\"><span title=\"\">Qu\u2019il s\u2019agisse de la capsule \u00ab Espresso \u00bb, \u00ab Double Espresso \u00bb, \u00ab Gran Lungo \u00bb, \u00ab Mug \u00bb, \u00ab Alto \u00bb ou \u00ab Carafe \u00bb \u2013 le code-barres et la capacit\u00e9 des six types de capsules d\u00e9terminent la quantit\u00e9 d\u2019eau, la temp\u00e9rature et la pression ainsi que la vitesse de rotation de la capsule.<\/span> <span title=\"\">Pour obtenir une saveur plus intense, terminez simplement le processus de brassage t\u00f4t en appuyant sur le bouton marche \/ arr\u00eat.<\/span> <span title=\"\">Cela fonctionne avec n\u2019importe quelle taille de capsule.<\/span><\/span><\/p>\n<ul>\n<li><span class=\"tlid-translation translation\" lang=\"fr\"><span class=\"\" title=\"\">pour les capsules \u00ab Espresso \u00bb et le \u00ab Double Espresso \u00bb, utilisez un expresso moulu \u00ab tr\u00e8s fine \u00bb<\/span><\/span><\/li>\n<li><span class=\"tlid-translation translation\" lang=\"fr\"><span class=\"\" title=\"\">pour les capsules \u00ab Gran Lungo \u00bb et \u00ab Mug \u00bb, utilisez du caf\u00e9 \/ expresso moulu \u00ab fine \u00bb<\/span><\/span><\/li>\n<li><span class=\"tlid-translation translation\" lang=\"fr\"><span title=\"\">pour la capsule <span class=\"\" title=\"\">\u00ab <\/span>Alto<span class=\"\" title=\"\"> \u00bb<\/span>\u00a0 et <span class=\"\" title=\"\">\u00ab <\/span>Carafe<span class=\"\" title=\"\"> \u00bb<\/span> utiliser du caf\u00e9 moulu au niveau \u00ab moyen \u00bb<\/span><\/span><\/li>\n<\/ul>\n","protected":false},"excerpt":{"rendered":"<h5><span style=\"color: #83b735;\"><strong>Disque r\u00e9utilisable pour NESPRESSO\u00ae VERTUO<\/strong><\/span><\/h5>\n<h5><em>Contenu du set\u00a0:<\/em><\/h5>\n<ul>\n<li>4 V-MultiDiscs consiste de polypropyl\u00e8ne de qualit\u00e9 alimentaire, r\u00e9sistant \u00e0 la chaleur (sans BPA!)<\/li>\n<li>1 cutter<\/li>\n<li>1 cuill\u00e8re doseur (15ml)<\/li>\n<li>1 manuel<\/li>\n<\/ul>\n<p>Avec le V-MultiDisc, vous pouvez utiliser CHACUN des six types de capsule \u00e0 l\u2019infini :<\/p>\n<p>Espresso (40ml), Double Espresso (80ml), Gran Lungo (150ml), Mug (230ml), Alto (414ml), Carafe (535ml)<\/p>\n<p>&nbsp;<\/p>\n<p><em>Nespresso\u00ae is a third-party brand that is not in connection with mycoffeestar<\/em><\/p>\n","protected":false},"featured_media":66538,"template":"","meta":[],"product_brand":[],"product_cat":[163],"product_tag":[],"class_list":{"0":"post-63192","1":"product","2":"type-product","3":"status-publish","4":"has-post-thumbnail","6":"product_cat-vertuo-fr","7":"product_shipping_class-medium-fr","9":"first","10":"instock","11":"taxable","12":"shipping-taxable","13":"purchasable","14":"product-type-simple"},"_links":{"self":[{"href":"https:\/\/mycoffeestar.com\/fr\/wp-json\/wp\/v2\/product\/63192","targetHints":{"allow":["GET"]}}],"collection":[{"href":"https:\/\/mycoffeestar.com\/fr\/wp-json\/wp\/v2\/product"}],"about":[{"href":"https:\/\/mycoffeestar.com\/fr\/wp-json\/wp\/v2\/types\/product"}],"wp:featuredmedia":[{"embeddable":true,"href":"https:\/\/mycoffeestar.com\/fr\/wp-json\/wp\/v2\/media\/66538"}],"wp:attachment":[{"href":"https:\/\/mycoffeestar.com\/fr\/wp-json\/wp\/v2\/media?parent=63192"}],"wp:term":[{"taxonomy":"product_brand","embeddable":true,"href":"https:\/\/mycoffeestar.com\/fr\/wp-json\/wp\/v2\/product_brand?post=63192"},{"taxonomy":"product_cat","embeddable":true,"href":"https:\/\/mycoffeestar.com\/fr\/wp-json\/wp\/v2\/product_cat?post=63192"},{"taxonomy":"product_tag","embeddable":true,"href":"https:\/\/mycoffeestar.com\/fr\/wp-json\/wp\/v2\/product_tag?post=63192"}],"curies":[{"name":"wp","href":"https:\/\/api.w.org\/{rel}","templated":true}]}}