{"id":63201,"date":"2021-03-16T16:16:25","date_gmt":"2021-03-16T15:16:25","guid":{"rendered":"https:\/\/www.mycoffeestar.com\/product\/2-rius-for-cafissimo-caffitaly\/"},"modified":"2022-01-04T16:36:44","modified_gmt":"2022-01-04T15:36:44","slug":"2-rius-for-cafissimo-caffitaly","status":"publish","type":"product","link":"https:\/\/mycoffeestar.com\/fr\/produit\/2-rius-for-cafissimo-caffitaly\/","title":{"rendered":"2 CAPSULE SET pour TCHIBO CAFISSIMO\u00ae &#038; CAFFITALY\u00ae"},"content":{"rendered":"<h5><span style=\"color: #83b735;\"><strong>Contribue \u00e0 r\u00e9duire les d\u00e9chets !<\/strong><\/span><\/h5>\n<p>L\u2019ensemble comprend \u00e9galement des filtres en PET qui est plac\u00e9 dans le fond de la capsule. Ce filtre doit \u00eatre remplac\u00e9 apr\u00e8s environ 500 utilisations. Vous pouvez utiliser le filtre inf\u00e9rieur d\u2019une capsule Cafissimo \/ Caffitaly d\u2019origine. Ouvrez les capsules originales d\u00e9j\u00e0 utilis\u00e9es avant qu\u2019elles ne soient jet\u00e9es \u00e0 la poubelle, retirez le filtre inf\u00e9rieur et r\u00e9utilisez-le avec RIUS.<\/p>\n<h5><span style=\"color: #83b735;\"><strong>Capsule :<\/strong><\/span><\/h5>\n<ul>\n<li>Corps et filtre int\u00e9gr\u00e9 dans le couvercle en acier inoxydable ISO1.4301<\/li>\n<li>Couvercle en silicone alimentaire<\/li>\n<li>Filtre inf\u00e9rieur : PET<\/li>\n<li>Dimensions : D 45mm x H 26mm \/ Poids : 24g<\/li>\n<\/ul>\n<h5><span style=\"color: #83b735;\"><strong>Caf\u00e9 :<\/strong><\/span><\/h5>\n<p>Lungo \/ Expresso classic, 125 g de caf\u00e9 de haute gamme, fra\u00eechement moulu pour RIUS<\/p>\n<p>&nbsp;<\/p>\n<p>Le cuill\u00e8re doseur en PET a une capacit\u00e9 de 7g<\/p>\n<p>Pochette herm\u00e9tique zipp\u00e9e en papier kraft\/vmpet\/PE<\/p>\n","protected":false},"excerpt":{"rendered":"<h5><strong><span style=\"color: #83b735;\">Contenu du set :<\/span> <\/strong><\/h5>\n<ul>\n<li>1 capsule RIUS avec couvercle en silicone et filtre en acier inoxydable int\u00e9gr\u00e9<\/li>\n<li>2 PET filtre (blanc)<\/li>\n<li>1 cuill\u00e8re doseur<\/li>\n<li>1 manuel<\/li>\n<\/ul>\n<h5><span style=\"color: #83b735;\"><strong>Pour un r\u00e9sultat optimal :<\/strong><\/span><\/h5>\n<p>Remplissez la capsule jusqu\u2019au bord, voire un peu plus, avec du caf\u00e9 de votre choix, moulu fin \u00e0 tr\u00e8s fin.<\/p>\n<p>Retirez tout le caf\u00e9 restant du bord de la capsule et pressez le couvercle sur la capsule avec le baume de la main pour tasser le caf\u00e9 et s\u2019assurer que le couvercle ferme bien.<\/p>\n<p>Ins\u00e9rez la capsule dans le porte-capsule ou dans l\u2019ouverture de la machine (selon le type de machine). D\u00e9marrez la machine et arr\u00eatez-la selon le remplissage de la tasse souhait\u00e9.<\/p>\n<p>&nbsp;<\/p>\n<p><em>TCHIBO CAFISSIMO\u00ae and CAFFITALY\u00ae are third-party brands that are not in connection with mycoffeestar.<\/em><\/p>\n","protected":false},"featured_media":64232,"template":"","meta":[],"product_brand":[],"product_cat":[165],"product_tag":[],"class_list":{"0":"post-63201","1":"product","2":"type-product","3":"status-publish","4":"has-post-thumbnail","6":"product_cat-tchibo-cafissimo-fr","7":"product_shipping_class-large-fr","9":"first","10":"outofstock","11":"sale","12":"taxable","13":"shipping-taxable","14":"purchasable","15":"product-type-simple"},"_links":{"self":[{"href":"https:\/\/mycoffeestar.com\/fr\/wp-json\/wp\/v2\/product\/63201","targetHints":{"allow":["GET"]}}],"collection":[{"href":"https:\/\/mycoffeestar.com\/fr\/wp-json\/wp\/v2\/product"}],"about":[{"href":"https:\/\/mycoffeestar.com\/fr\/wp-json\/wp\/v2\/types\/product"}],"wp:featuredmedia":[{"embeddable":true,"href":"https:\/\/mycoffeestar.com\/fr\/wp-json\/wp\/v2\/media\/64232"}],"wp:attachment":[{"href":"https:\/\/mycoffeestar.com\/fr\/wp-json\/wp\/v2\/media?parent=63201"}],"wp:term":[{"taxonomy":"product_brand","embeddable":true,"href":"https:\/\/mycoffeestar.com\/fr\/wp-json\/wp\/v2\/product_brand?post=63201"},{"taxonomy":"product_cat","embeddable":true,"href":"https:\/\/mycoffeestar.com\/fr\/wp-json\/wp\/v2\/product_cat?post=63201"},{"taxonomy":"product_tag","embeddable":true,"href":"https:\/\/mycoffeestar.com\/fr\/wp-json\/wp\/v2\/product_tag?post=63201"}],"curies":[{"name":"wp","href":"https:\/\/api.w.org\/{rel}","templated":true}]}}