{"id":63209,"date":"2017-12-27T06:17:40","date_gmt":"2017-12-27T05:17:40","guid":{"rendered":"https:\/\/www.mycoffeestar.com\/product\/2-gusto-puro-promotion-set\/"},"modified":"2021-07-07T00:00:51","modified_gmt":"2021-07-06T23:00:51","slug":"2-gusto-puro-promotion-set","status":"publish","type":"product","link":"https:\/\/mycoffeestar.com\/fr\/produit\/2-gusto-puro-promotion-set\/","title":{"rendered":"2 CAPSULE SET pour DOLCE GUSTO\u00ae"},"content":{"rendered":"<p>Assurez-vous que vous avez plac\u00e9 le filtre en acier inoxydable sur le caf\u00e9 moulu avant de fermer la capsule avec le disque en silicone noir. Ce faisant, vous produirez non seulement une meilleure cr\u00e8me, mais vous \u00e9viterez \u00e9galement que de l&rsquo;eau chaude et du caf\u00e9 moulu ne fuient du haut de la capsule.<\/p>\n<p>Si le processus d&rsquo;infusion a \u00e9chou\u00e9, attendez une \u00e0 deux minutes que la pression dans la machine baisse avant d&rsquo;ouvrir le levier. Ne pas ouvrir le levier en for\u00e7ant lorsque la machine est sous pression !<\/p>\n<h5><span style=\"color: #83b735;\"><strong>Capsule :<\/strong><\/span><\/h5>\n<ul>\n<li>Mat\u00e9riau de la capsule : Inox ISO1.4301 (inox alimentaire)<\/li>\n<li>Couvercle : silicone (alimentaire)<\/li>\n<li>Mesures : D 58 mmxH34mm\/poids total : 34 g<\/li>\n<\/ul>\n<h5><span style=\"color: #83b735;\"><strong>Cuill\u00e8re doseur\u00a0:<\/strong><\/span><\/h5>\n<ul>\n<li>Fait de PET<\/li>\n<li>Capacit\u00e9 : 8g<\/li>\n<li>Taille : L 9,5 cm x P 4,5 cm x H 2,5 cm<\/li>\n<\/ul>\n<p>Pochette herm\u00e9tique zipp\u00e9e de papier kraft\/vmpet\/PE lamin\u00e9 \u00e0 l&rsquo;int\u00e9rieur<\/p>\n","protected":false},"excerpt":{"rendered":"<h5><span style=\"color: #83b735;\"><strong>Cet ensemble contient :<\/strong><\/span><\/h5>\n<ul>\n<li>2 capsule en acier inoxydable avec le filtre en inox int\u00e9gr\u00e9<\/li>\n<li>2 couvercle en silicone<\/li>\n<li>2 filtre \u00e0 cr\u00e8me en acier inoxydable<\/li>\n<li>2 cuill\u00e8re doseuse<\/li>\n<li>2 manuel<\/li>\n<\/ul>\n<h5><span style=\"color: #83b735;\"><strong>GUSTO PURO, rapide et facile \u00e0 utiliser :<\/strong><\/span><\/h5>\n<p>La capsule contient 8 grammes de caf\u00e9 moulu et la cuill\u00e8re doseuse qui l&rsquo;accompagne s&rsquo;int\u00e8gre parfaitement dans la capsule. Rempli \u00e0 ras bord, il est plac\u00e9 dans la capsule et tourn\u00e9e \u00e0 180\u00b0, sans gaspiller de caf\u00e9.<\/p>\n<p>La capsule GUSTO PURO n\u2019a pas de filetage ni d\u2019autre syst\u00e8me de fermeture. Le couvercle Soft Vacuum ferme et rend la capsule \u00e9tanche par simple pression du couvercle sur la capsule.<\/p>\n<p>Le filtre en inox int\u00e9gr\u00e9 garantit un caf\u00e9 excellent avec une belle crema sans adjuvants, plastique ou aluminium dans le caf\u00e9.<\/p>\n<p><em>Nescaf\u00e9 Dolce Gusto\u00ae is a third-party brand that is not in connection with mycoffeestar<\/em><\/p>\n","protected":false},"featured_media":62493,"template":"","meta":[],"product_brand":[],"product_cat":[167],"product_tag":[],"class_list":{"0":"post-63209","1":"product","2":"type-product","3":"status-publish","4":"has-post-thumbnail","6":"product_cat-dolce-gusto-fr","7":"product_shipping_class-medium-fr","9":"first","10":"instock","11":"taxable","12":"shipping-taxable","13":"purchasable","14":"product-type-simple"},"_links":{"self":[{"href":"https:\/\/mycoffeestar.com\/fr\/wp-json\/wp\/v2\/product\/63209","targetHints":{"allow":["GET"]}}],"collection":[{"href":"https:\/\/mycoffeestar.com\/fr\/wp-json\/wp\/v2\/product"}],"about":[{"href":"https:\/\/mycoffeestar.com\/fr\/wp-json\/wp\/v2\/types\/product"}],"wp:featuredmedia":[{"embeddable":true,"href":"https:\/\/mycoffeestar.com\/fr\/wp-json\/wp\/v2\/media\/62493"}],"wp:attachment":[{"href":"https:\/\/mycoffeestar.com\/fr\/wp-json\/wp\/v2\/media?parent=63209"}],"wp:term":[{"taxonomy":"product_brand","embeddable":true,"href":"https:\/\/mycoffeestar.com\/fr\/wp-json\/wp\/v2\/product_brand?post=63209"},{"taxonomy":"product_cat","embeddable":true,"href":"https:\/\/mycoffeestar.com\/fr\/wp-json\/wp\/v2\/product_cat?post=63209"},{"taxonomy":"product_tag","embeddable":true,"href":"https:\/\/mycoffeestar.com\/fr\/wp-json\/wp\/v2\/product_tag?post=63209"}],"curies":[{"name":"wp","href":"https:\/\/api.w.org\/{rel}","templated":true}]}}