{"id":63223,"date":"2017-11-26T05:29:02","date_gmt":"2017-11-26T04:29:02","guid":{"rendered":"https:\/\/www.mycoffeestar.com\/product\/barista-set-deluxe\/"},"modified":"2024-07-09T09:04:34","modified_gmt":"2024-07-09T08:04:34","slug":"barista-set-deluxe","status":"publish","type":"product","link":"https:\/\/mycoffeestar.com\/fr\/produit\/barista-set-deluxe\/","title":{"rendered":"BARISTA SET PREMIUM"},"content":{"rendered":"<p>La capsule rechargeable en inox de <strong><em>my<\/em><\/strong><em>coffee<strong>star<\/strong> <\/em>est compatible avec toutes les machines Nespresso\u00ae \u00e0 partir de 2003 (sauf Essenza Mini ou Plus). Il s\u2019agit de mod\u00e8les \u00e0 trois aiguilles.<\/p>\n<p>Des machines Nespresso plus anciennes (avant 2003) disposent d\u2019une seule aiguille pour percer les capsules jetables en aluminium. La capsule en inox de mycoffeestar ne convient pas \u00e0 ces mod\u00e8les.<\/p>\n<p>Afin de v\u00e9rifier le nombre d\u2019aiguilles de votre machine, ins\u00e9rez simplement une capsule jetable en aluminium et fermez le levier ou le poussoir. Ouvrez le levier\/le poussoir et sortez la capsule utilis\u00e9e du logement \u00e0 capsule.\u00a0 V\u00e9rifiez ensuite la partie plus fine de la capsule :<\/p>\n<ul>\n<li>Si vous voyez une seule perforation, la capsule en inox de <strong><em>my<\/em><\/strong><em>coffee<strong>star<\/strong> <\/em>n&rsquo;est PAS compatible avec cette machine.<\/li>\n<li>Si vous voyez trois perforations, la capsule en inox de <strong><em>my<\/em><\/strong><em>coffee<strong>star<\/strong> <\/em>est compatible avec votre machine.<\/li>\n<\/ul>\n<p>La capsule en inox de mycoffeestar n\u2019est PAS compatible avec d\u2019autres machines \u00e0 capsules telles que Dolce Gusto, Lavazza, Tassimo, Delizio etc. ; ni avec des machines Nespresso \u00e0 dosettes.<\/p>\n<h5><strong><span style=\"color: #83b735;\">Joints en silicone<\/span> <\/strong><\/h5>\n<p>Pour la plupart des machines Nespresso (\u00e0 partir de 2010) vous devez installer un joint en silicone fourni pour garantir l\u2019\u00e9tanch\u00e9it\u00e9. Chaque kit de capsules contient deux joints en silicone. Veillez \u00e0 garder le deuxi\u00e8me joint en cas de rechange.<\/p>\n<p>Le joint est enroul\u00e9 sur la capsule ferm\u00e9e jusqu\u2019au bord du couvercle.<\/p>\n<p>Vous pouvez garder le joint sur la capsule apr\u00e8s la pr\u00e9paration de caf\u00e9 et le nettoyage. Il faudrait l\u2019enlever si vous souhaitiez mettre la capsule dans le lave-vaisselle ou bien si vous souhaitiez la nettoyer avec un d\u00e9tergeant.\u00a0 Chaque joint en silicone est utilisable au moins 500 fois.<\/p>\n<p>Si vous avez besoin de joints en silicone suppl\u00e9mentaires, vous pouvez les commander sur notre site web.<\/p>\n<h5><span style=\"color: #83b735;\"><strong>Outil de Remplissage &amp; Tasseur<\/strong><\/span><\/h5>\n<p>L\u2019outil de remplissage est le tasseur sont sp\u00e9cialement con\u00e7us pour la capsule <strong><em>my<\/em><\/strong><em>coffee<strong>star<\/strong><\/em>. La capsule inox se visse sur l\u2019outil de remplissage dont le manche est inclin\u00e9 pour en faciliter l&rsquo;utilisation. Cela vous permet maintenant de plonger la capsule dans le r\u00e9cipient \u00e0 caf\u00e9, de le remplir de caf\u00e9 moulu et de presser le caf\u00e9 moulu avec le tasseur. Lorsque la capsule est remplie de caf\u00e9, d\u00e9visser la capsule de la cuill\u00e8re doseuse, bien fermer le couvercle de la capsule et ins\u00e9rer la capsule dans la machine.<\/p>\n<p>Avec l\u2019outil de remplissage, vous pouvez plus facilement \u00e9liminer la poudre apr\u00e8s l\u2019utilisation de la capsule, puis rincer tout simplement les r\u00e9sidus \u00e0 l\u2019eau claire.<\/p>\n<h5><span style=\"color: #83b735;\"><strong>Caf\u00e9 moulu: James Espresso<\/strong><\/span><\/h5>\n<p class=\"rich-text__text rte\"><strong>La sp\u00e9cialit\u00e9 de cette torr\u00e9faction: <\/strong>Ce m\u00e9lange de grains de caf\u00e9 d\u00e9licatement torr\u00e9fi\u00e9s incarne l\u2019assurance, la fantaisie et l\u2019impertinence. La torr\u00e9faction se caract\u00e9rise par une acidit\u00e9 \u00e9quilibr\u00e9e, un corps \u00e9pic\u00e9 et un soup\u00e7on de chocolat et de caramel en fin de bouche.<\/p>\n<p>Il est convaincant comme espresso et Americano cors\u00e9s ainsi que comme cappuccino harmonieux. Combin\u00e9 avec du lait, les notes chocolat\u00e9es prennent tout leur sens.<\/p>\n<p><strong>A consommer jusqu\u2019au:\u00a0<\/strong>Nous recommandons de consommer notre caf\u00e9 dans les 6 mois suivant la date de torr\u00e9faction.<\/p>\n<p><strong>Utilisation:\u00a0<\/strong>Cappucino, Espresso, Americano<\/p>\n<p class=\"rich-text__text rte\"><strong>Grains:<\/strong><\/p>\n<p>Origine:\u00a0<strong>P\u00e9rou<\/strong><br \/>\nVari\u00e9t\u00e9 de grains:\u00a0<strong>Arabica (Caturra, Typica, Pache, Bourbon, Catimor)<\/strong><br \/>\nTraitement:\u00a0<strong>cueillette manuelle, lav\u00e9s<\/strong><\/p>\n<p>Origine:\u00a0<strong>Columbia<\/strong><br \/>\nVari\u00e9t\u00e9 de grains:\u00a0<strong>Arabica<\/strong><br \/>\nTraitement:\u00a0<strong>lav\u00e9s<\/strong><\/p>\n<p>Origine:\u00a0<strong>Inde<\/strong><br \/>\nVari\u00e9t\u00e9 de grains:\u00a0<strong>Robusta (Parchment AB)<\/strong><br \/>\nTraitement:\u00a0<strong>lav\u00e9s<\/strong><\/p>\n<p>Origine:\u00a0<strong>Inde<\/strong><br \/>\nVari\u00e9t\u00e9 de grains:\u00a0<strong>Robusta (Cherry A)<\/strong><br \/>\nTraitement:\u00a0<strong>naturel, s\u00e9ch\u00e9 au soleil<\/strong><\/p>\n","protected":false},"excerpt":{"rendered":"<h5><span style=\"color: #83b735;\"><strong>Le BARISTA SET PREMIUM se compose de:<\/strong><\/span><\/h5>\n<ul>\n<li>un Barista Set: 1 capsule rechargeable en acier inoxydable pour NESPRESSO\u00ae, 1 tasseur et 1 outil de remplissage<\/li>\n<li>une autre capsule<\/li>\n<li>quatre joints en silicone<\/li>\n<li>deux \u00e9chantillons de caf\u00e9 (pour illustrer le degr\u00e9 de mouture parfait)<\/li>\n<li>250g du caf\u00e9 moulu parfait pour la capsule<\/li>\n<li>deux manuels d\u2019utilisation (en allemand et en anglais)<\/li>\n<\/ul>\n","protected":false},"featured_media":66312,"template":"","meta":[],"product_brand":[],"product_cat":[157],"product_tag":[],"class_list":{"0":"post-63223","1":"product","2":"type-product","3":"status-publish","4":"has-post-thumbnail","6":"product_cat-nespresso-fr","7":"product_shipping_class-large-fr","9":"first","10":"outofstock","11":"taxable","12":"shipping-taxable","13":"purchasable","14":"product-type-simple"},"_links":{"self":[{"href":"https:\/\/mycoffeestar.com\/fr\/wp-json\/wp\/v2\/product\/63223","targetHints":{"allow":["GET"]}}],"collection":[{"href":"https:\/\/mycoffeestar.com\/fr\/wp-json\/wp\/v2\/product"}],"about":[{"href":"https:\/\/mycoffeestar.com\/fr\/wp-json\/wp\/v2\/types\/product"}],"wp:featuredmedia":[{"embeddable":true,"href":"https:\/\/mycoffeestar.com\/fr\/wp-json\/wp\/v2\/media\/66312"}],"wp:attachment":[{"href":"https:\/\/mycoffeestar.com\/fr\/wp-json\/wp\/v2\/media?parent=63223"}],"wp:term":[{"taxonomy":"product_brand","embeddable":true,"href":"https:\/\/mycoffeestar.com\/fr\/wp-json\/wp\/v2\/product_brand?post=63223"},{"taxonomy":"product_cat","embeddable":true,"href":"https:\/\/mycoffeestar.com\/fr\/wp-json\/wp\/v2\/product_cat?post=63223"},{"taxonomy":"product_tag","embeddable":true,"href":"https:\/\/mycoffeestar.com\/fr\/wp-json\/wp\/v2\/product_tag?post=63223"}],"curies":[{"name":"wp","href":"https:\/\/api.w.org\/{rel}","templated":true}]}}