{"id":65717,"date":"2024-03-22T15:52:07","date_gmt":"2024-04-02T14:56:25","guid":{"rendered":"https:\/\/www.mycoffeestar.com\/?post_type=product&#038;p=65717"},"modified":"2024-09-01T00:01:45","modified_gmt":"2024-08-31T23:01:45","slug":"cafe-moulu-james-espresso-250-grammes","status":"publish","type":"product","link":"https:\/\/mycoffeestar.com\/fr\/produit\/cafe-moulu-james-espresso-250-grammes\/","title":{"rendered":"Caf\u00e9 moulu : James Espresso 250 grammes"},"content":{"rendered":"<div class=\"rich-text__text rte\">\n<div class=\"rich-text__text rte\">\n<h2>La sp\u00e9cialit\u00e9 de cette torr\u00e9faction<\/h2>\n<p>Ce m\u00e9lange de grains de caf\u00e9 d\u00e9licatement torr\u00e9fi\u00e9s incarne l&rsquo;assurance, la fantaisie et l&rsquo;impertinence. La torr\u00e9faction se caract\u00e9rise par une acidit\u00e9 \u00e9quilibr\u00e9e, un corps \u00e9pic\u00e9 et un soup\u00e7on de chocolat et de caramel en fin de bouche.<\/p>\n<\/div>\n<div><\/div>\n<div class=\"rich-text__text rte\">Il est convaincant comme espresso et Americano cors\u00e9s ainsi que comme cappuccino harmonieux. Combin\u00e9 avec du lait, les notes chocolat\u00e9es prennent tout leur sens.<\/div>\n<div class=\"rich-text__text rte\">\n<h2>A consommer jusqu&rsquo;au<\/h2>\n<p>Nous recommandons de consommer notre caf\u00e9 dans les 6 mois suivant la date de torr\u00e9faction.<\/p>\n<\/div>\n<div class=\"rich-text__text rte\">\n<h2>Utilisation<\/h2>\n<p>Cappucino, Espresso, Americano<\/p>\n<\/div>\n<div class=\"rich-text__text rte\">\n<h2>Grains<\/h2>\n<p>Origine: <strong>P\u00e9rou<\/strong><br \/>\nVari\u00e9t\u00e9 de grains: <strong>Arabica (Caturra, Typica, Pache, Bourbon, Catimor)<\/strong><br \/>\nTraitement: <strong>cueillette manuelle, lav\u00e9s<\/strong><\/p>\n<p>Origine: <strong>Columbia<\/strong><br \/>\nVari\u00e9t\u00e9 de grains: <strong>Arabica<\/strong><br \/>\nTraitement: <strong>lav\u00e9s<\/strong><\/p>\n<p>Origine: <strong>Indien<\/strong><br \/>\nVari\u00e9t\u00e9 de grains: <strong>Robusta (Parchment AB)<\/strong><br \/>\nTraitement: <strong>lav\u00e9s<\/strong><\/p>\n<p>Origine: <strong>Indien<\/strong><br \/>\nVari\u00e9t\u00e9 de grains: <strong>Robusta (Cherry A)<\/strong><br \/>\nTraitement: <strong>naturel, s\u00e9ch\u00e9 au soleil<\/strong><\/p>\n<\/div>\n<\/div>\n","protected":false},"excerpt":{"rendered":"<h5><span style=\"color: #83b735;\">250 grammes de caf\u00e9 parfaitement moulu:<\/span><\/h5>\n<ul>\n<li>Pour les capsules de caf\u00e9 rechargeables de MyCoffeestar pour NESPRESSO\u00ae et NESPRESSO VERTUO\u00ae &amp; VERTUOLINE\u00ae.<\/li>\n<li>Environ 60 portions pour NESPRESSO\u00ae ou environ 25 portions pour NESPRESSO VERTUO\u00ae &amp; VERTUOLINE\u00ae.<\/li>\n<li>Go\u00fbt classique de l&rsquo;espresso italien<\/li>\n<\/ul>\n","protected":false},"featured_media":65852,"template":"","meta":[],"product_brand":[],"product_cat":[],"product_tag":[],"class_list":{"0":"post-65717","1":"product","2":"type-product","3":"status-publish","4":"has-post-thumbnail","7":"first","8":"outofstock","9":"taxable","10":"shipping-taxable","11":"purchasable","12":"product-type-simple"},"_links":{"self":[{"href":"https:\/\/mycoffeestar.com\/fr\/wp-json\/wp\/v2\/product\/65717","targetHints":{"allow":["GET"]}}],"collection":[{"href":"https:\/\/mycoffeestar.com\/fr\/wp-json\/wp\/v2\/product"}],"about":[{"href":"https:\/\/mycoffeestar.com\/fr\/wp-json\/wp\/v2\/types\/product"}],"wp:featuredmedia":[{"embeddable":true,"href":"https:\/\/mycoffeestar.com\/fr\/wp-json\/wp\/v2\/media\/65852"}],"wp:attachment":[{"href":"https:\/\/mycoffeestar.com\/fr\/wp-json\/wp\/v2\/media?parent=65717"}],"wp:term":[{"taxonomy":"product_brand","embeddable":true,"href":"https:\/\/mycoffeestar.com\/fr\/wp-json\/wp\/v2\/product_brand?post=65717"},{"taxonomy":"product_cat","embeddable":true,"href":"https:\/\/mycoffeestar.com\/fr\/wp-json\/wp\/v2\/product_cat?post=65717"},{"taxonomy":"product_tag","embeddable":true,"href":"https:\/\/mycoffeestar.com\/fr\/wp-json\/wp\/v2\/product_tag?post=65717"}],"curies":[{"name":"wp","href":"https:\/\/api.w.org\/{rel}","templated":true}]}}